{"id":6219,"date":"2019-03-18T16:08:34","date_gmt":"2019-03-18T16:08:34","guid":{"rendered":"http:\/\/trenaferragens1.hospedagemdesites.ws\/?post_type=product&#038;p=6219"},"modified":"2019-03-18T16:11:37","modified_gmt":"2019-03-18T16:11:37","slug":"spot-embutir-supimpa-led-3w-redondo","status":"publish","type":"product","link":"https:\/\/trenaferragens.com.br\/?product=spot-embutir-supimpa-led-3w-redondo","title":{"rendered":"Spot Embutir Supimpa LED 3W Redondo"},"content":{"rendered":"<p>Spot Embutir Supimpa LED 3W Redondo<\/p>\n<p>AVANT<\/p>\n<p>A AVANT\u00a0\u00e9 uma empresa genuinamente brasileira, especializada em produtos para ilumina\u00e7\u00e3o e posicionada entre as maiores empresas do segmento. \u00c9 reconhecida pela excel\u00eancia e qualidade de seus produtos e por manter uma grande e s\u00f3lida parceria de longo prazo com seus clientes. Est\u00e1 presente em todos os estados brasileiros, com uma estrutura de profissionais aptos e experientes, prontos para atender as diversas necessidades de seus clientes, com efici\u00eancia e comprometimento. Prestigiada por profissionais e consumidores, \u00e9 considerada pioneira no lan\u00e7amento de produtos modernos e inovadores, presente na diversidade e qualifica\u00e7\u00e3o de seu portf\u00f3lio.<\/p>\n","protected":false},"excerpt":{"rendered":"<p>Spot Embutir Supimpa LED 3W Redondo<\/p>\n<p>SUGEST\u00d5ES DE USO<br \/>\nA Lumin\u00e1ria SPOT SUPIMPA \u00e9 indicada para destaque em paredes, focando objetos ou texturas. Nos formatos redondo ou quadrado, possui sistema direcion\u00e1vel para melhor ajuste do seu projeto.<\/p>\n<p>INFORMA\u00c7\u00c3O ADICIONAL<br \/>\nPot\u00eancia\t3W<br \/>\nTemperatura de Cor\t3000K, 6500K<br \/>\nTens\u00e3o\tBIVOLT Autom\u00e1tico 100V \u2013 240V<br \/>\nDimeriza\u00e7\u00e3o\tN\u00e3o Dimeriz\u00e1vel<br \/>\n\u00cdndice de Prote\u00e7\u00e3o\tIP20<br \/>\nIRC\t>70<br \/>\nGarantia\t1 ano (Fabricante)<\/p>\n","protected":false},"featured_media":6220,"comment_status":"open","ping_status":"closed","template":"","meta":[],"product_cat":[203,1109,1114],"product_tag":[2362,2370,2371,2372],"_links":{"self":[{"href":"https:\/\/trenaferragens.com.br\/index.php?rest_route=\/wp\/v2\/product\/6219"}],"collection":[{"href":"https:\/\/trenaferragens.com.br\/index.php?rest_route=\/wp\/v2\/product"}],"about":[{"href":"https:\/\/trenaferragens.com.br\/index.php?rest_route=\/wp\/v2\/types\/product"}],"replies":[{"embeddable":true,"href":"https:\/\/trenaferragens.com.br\/index.php?rest_route=%2Fwp%2Fv2%2Fcomments&post=6219"}],"wp:featuredmedia":[{"embeddable":true,"href":"https:\/\/trenaferragens.com.br\/index.php?rest_route=\/wp\/v2\/media\/6220"}],"wp:attachment":[{"href":"https:\/\/trenaferragens.com.br\/index.php?rest_route=%2Fwp%2Fv2%2Fmedia&parent=6219"}],"wp:term":[{"taxonomy":"product_cat","embeddable":true,"href":"https:\/\/trenaferragens.com.br\/index.php?rest_route=%2Fwp%2Fv2%2Fproduct_cat&post=6219"},{"taxonomy":"product_tag","embeddable":true,"href":"https:\/\/trenaferragens.com.br\/index.php?rest_route=%2Fwp%2Fv2%2Fproduct_tag&post=6219"}],"curies":[{"name":"wp","href":"https:\/\/api.w.org\/{rel}","templated":true}]}}