{"id":6295,"date":"2019-04-30T17:13:46","date_gmt":"2019-04-30T17:13:46","guid":{"rendered":"http:\/\/trenaferragens1.hospedagemdesites.ws\/?post_type=product&#038;p=6295"},"modified":"2019-04-30T17:18:32","modified_gmt":"2019-04-30T17:18:32","slug":"reparo-subconjunto-sede-hydra-max-r-4390-060","status":"publish","type":"product","link":"https:\/\/trenaferragens.com.br\/?product=reparo-subconjunto-sede-hydra-max-r-4390-060","title":{"rendered":"Reparo Subconjunto Sede Hydra Max R.4390.060"},"content":{"rendered":"<p>Reparo Subconjunto Sede Hydra Max R.4390.060<\/p>\n<p>DECA<\/p>\n<p>Design, qualidade e inova\u00e7\u00e3o sempre foram conceitos que diferenciaram a Deca ao longo de sua hist\u00f3ria. S\u00e3o eles que fazem da empresa a maior fabricante de lou\u00e7as e metais sanit\u00e1rios do Hemisf\u00e9rio Sul e l\u00edder no mercado brasileiro, al\u00e9m de exportadora para os quatro continentes. Investindo constantemente em pesquisa e desenvolvimento tecnol\u00f3gico, a Deca se preocupa em oferecer produtos e solu\u00e7\u00f5es para clientes e consumidores, sempre buscando a excel\u00eancia em servi\u00e7os e uma gest\u00e3o sustent\u00e1vel.<\/p>\n","protected":false},"excerpt":{"rendered":"<p>Reparo Subconjunto Sede Hydra Max R.4390.060<\/p>\n","protected":false},"featured_media":6296,"comment_status":"open","ping_status":"closed","template":"","meta":[],"product_cat":[1097,312,168],"product_tag":[2400,2402,2401,2404],"_links":{"self":[{"href":"https:\/\/trenaferragens.com.br\/index.php?rest_route=\/wp\/v2\/product\/6295"}],"collection":[{"href":"https:\/\/trenaferragens.com.br\/index.php?rest_route=\/wp\/v2\/product"}],"about":[{"href":"https:\/\/trenaferragens.com.br\/index.php?rest_route=\/wp\/v2\/types\/product"}],"replies":[{"embeddable":true,"href":"https:\/\/trenaferragens.com.br\/index.php?rest_route=%2Fwp%2Fv2%2Fcomments&post=6295"}],"wp:featuredmedia":[{"embeddable":true,"href":"https:\/\/trenaferragens.com.br\/index.php?rest_route=\/wp\/v2\/media\/6296"}],"wp:attachment":[{"href":"https:\/\/trenaferragens.com.br\/index.php?rest_route=%2Fwp%2Fv2%2Fmedia&parent=6295"}],"wp:term":[{"taxonomy":"product_cat","embeddable":true,"href":"https:\/\/trenaferragens.com.br\/index.php?rest_route=%2Fwp%2Fv2%2Fproduct_cat&post=6295"},{"taxonomy":"product_tag","embeddable":true,"href":"https:\/\/trenaferragens.com.br\/index.php?rest_route=%2Fwp%2Fv2%2Fproduct_tag&post=6295"}],"curies":[{"name":"wp","href":"https:\/\/api.w.org\/{rel}","templated":true}]}}