{"id":6299,"date":"2019-04-30T17:37:41","date_gmt":"2019-04-30T17:37:41","guid":{"rendered":"http:\/\/trenaferragens1.hospedagemdesites.ws\/?post_type=product&#038;p=6299"},"modified":"2022-12-21T11:19:41","modified_gmt":"2022-12-21T11:19:41","slug":"lampada-superled-alta-potencia-bivolt-avant","status":"publish","type":"product","link":"https:\/\/trenaferragens.com.br\/?product=lampada-superled-alta-potencia-bivolt-avant","title":{"rendered":"L\u00e2mpada Superled Alta Pot\u00eancia Bivolt Avant"},"content":{"rendered":"<p>L\u00e2mpada Superled Alta Pot\u00eancia Bivolt Avant<\/p>\n<p>AVANT<\/p>\n<p>A AVANT\u00a0\u00e9 uma empresa genuinamente brasileira, especializada em produtos para ilumina\u00e7\u00e3o e posicionada entre as maiores empresas do segmento. \u00c9 reconhecida pela excel\u00eancia e qualidade de seus produtos e por manter uma grande e s\u00f3lida parceria de longo prazo com seus clientes. Est\u00e1 presente em todos os estados brasileiros, com uma estrutura de profissionais aptos e experientes, prontos para atender as diversas necessidades de seus clientes, com efici\u00eancia e comprometimento. Prestigiada por profissionais e consumidores, \u00e9 considerada pioneira no lan\u00e7amento de produtos modernos e inovadores, presente na diversidade e qualifica\u00e7\u00e3o de seu portf\u00f3lio.<\/p>\n","protected":false},"excerpt":{"rendered":"<p>L\u00e2mpada Superled Alta Pot\u00eancia Bivolt Avant<\/p>\n<p>INFORMA\u00c7\u00d5ES ADICIONAIS:<\/p>\n<p>L\u00e2mpadas certificadas pelo INMETRO.<br \/>\nCorpo em policarbonato branco e difusor em policarbonato branco leitoso.<br \/>\nDispon\u00edveis nas pot\u00eancias de: 12W e 15W<br \/>\nPossui driver interno isolado.<br \/>\nFormato similar \u00e0s l\u00e2mpadas incandescentes tradicionais.<br \/>\nN\u00e3o utilizar em lumin\u00e1rias fechadas, tais como: arandelas tipo tartaruga e balizadores.<\/p>\n<p>INFORMA\u00c7\u00c3O ADICIONAL<br \/>\nPot\u00eancia\t12W, 15W<br \/>\nTemperatura de Cor\t6500K<br \/>\nTens\u00e3o\tBIVOLT Autom\u00e1tico 100V \u2013 240V<br \/>\nDimeriza\u00e7\u00e3o\tN\u00e3o Dimeriz\u00e1vel<br \/>\n\u00cdndice de Prote\u00e7\u00e3o\tIP20<br \/>\nIRC\t>70<br \/>\nGarantia\t1 ano (Fabricante)<\/p>\n","protected":false},"featured_media":6300,"comment_status":"open","ping_status":"closed","template":"","meta":[],"product_cat":[203,1109,1110],"product_tag":[2362,2081,2407],"_links":{"self":[{"href":"https:\/\/trenaferragens.com.br\/index.php?rest_route=\/wp\/v2\/product\/6299"}],"collection":[{"href":"https:\/\/trenaferragens.com.br\/index.php?rest_route=\/wp\/v2\/product"}],"about":[{"href":"https:\/\/trenaferragens.com.br\/index.php?rest_route=\/wp\/v2\/types\/product"}],"replies":[{"embeddable":true,"href":"https:\/\/trenaferragens.com.br\/index.php?rest_route=%2Fwp%2Fv2%2Fcomments&post=6299"}],"wp:featuredmedia":[{"embeddable":true,"href":"https:\/\/trenaferragens.com.br\/index.php?rest_route=\/wp\/v2\/media\/6300"}],"wp:attachment":[{"href":"https:\/\/trenaferragens.com.br\/index.php?rest_route=%2Fwp%2Fv2%2Fmedia&parent=6299"}],"wp:term":[{"taxonomy":"product_cat","embeddable":true,"href":"https:\/\/trenaferragens.com.br\/index.php?rest_route=%2Fwp%2Fv2%2Fproduct_cat&post=6299"},{"taxonomy":"product_tag","embeddable":true,"href":"https:\/\/trenaferragens.com.br\/index.php?rest_route=%2Fwp%2Fv2%2Fproduct_tag&post=6299"}],"curies":[{"name":"wp","href":"https:\/\/api.w.org\/{rel}","templated":true}]}}