{"id":6301,"date":"2019-04-30T18:23:56","date_gmt":"2019-04-30T18:23:56","guid":{"rendered":"http:\/\/trenaferragens1.hospedagemdesites.ws\/?post_type=product&#038;p=6301"},"modified":"2019-04-30T18:29:40","modified_gmt":"2019-04-30T18:29:40","slug":"macarico-profissional-ffla5-pu-map-idealgas","status":"publish","type":"product","link":"https:\/\/trenaferragens.com.br\/?product=macarico-profissional-ffla5-pu-map-idealgas","title":{"rendered":"Ma\u00e7arico Profissional FFLA5-PU MAP &#8211; IDEALG\u00c1S"},"content":{"rendered":"<p>Ma\u00e7arico Profissional FFLA5-PU MAP &#8211; IDEALG\u00c1S<\/p>\n<p>IDEALG\u00c1S<\/p>\n<p>A empresa Idealgas Company SRL, fundada em 1962, \u00e9 especializada na produ\u00e7\u00e3o de eletrodom\u00e9sticos a GLP, tanto profissionais como para DIY e tempo livre.<\/p>\n<p>Sua marca, excelente testemunho do\u00a0estilo italiano\u00a0conhecido em todo o mundo, \u00e9 sin\u00f4nimo de alta qualidade, inova\u00e7\u00e3o, confiabilidade e seguran\u00e7a, requisitos essenciais no campo de aparelhos a g\u00e1s.<\/p>\n<p>A aten\u00e7\u00e3o di\u00e1ria \u00e9 dada \u00e0 aten\u00e7\u00e3o aos detalhes para manter o n\u00edvel de qualidade alto, \u00e0 pesquisa t\u00e9cnica e de design para atender \u00e0s m\u00faltiplas necessidades de cada usu\u00e1rio final.<\/p>\n<p>Idealgas, g\u00e1s em movimento!<\/p>\n","protected":false},"excerpt":{"rendered":"<p>Ma\u00e7arico Profissional FFLA5-PU MAP &#8211; IDEALG\u00c1S<\/p>\n","protected":false},"featured_media":6302,"comment_status":"open","ping_status":"closed","template":"","meta":[],"product_cat":[1854],"product_tag":[2408,2409,2410],"_links":{"self":[{"href":"https:\/\/trenaferragens.com.br\/index.php?rest_route=\/wp\/v2\/product\/6301"}],"collection":[{"href":"https:\/\/trenaferragens.com.br\/index.php?rest_route=\/wp\/v2\/product"}],"about":[{"href":"https:\/\/trenaferragens.com.br\/index.php?rest_route=\/wp\/v2\/types\/product"}],"replies":[{"embeddable":true,"href":"https:\/\/trenaferragens.com.br\/index.php?rest_route=%2Fwp%2Fv2%2Fcomments&post=6301"}],"wp:featuredmedia":[{"embeddable":true,"href":"https:\/\/trenaferragens.com.br\/index.php?rest_route=\/wp\/v2\/media\/6302"}],"wp:attachment":[{"href":"https:\/\/trenaferragens.com.br\/index.php?rest_route=%2Fwp%2Fv2%2Fmedia&parent=6301"}],"wp:term":[{"taxonomy":"product_cat","embeddable":true,"href":"https:\/\/trenaferragens.com.br\/index.php?rest_route=%2Fwp%2Fv2%2Fproduct_cat&post=6301"},{"taxonomy":"product_tag","embeddable":true,"href":"https:\/\/trenaferragens.com.br\/index.php?rest_route=%2Fwp%2Fv2%2Fproduct_tag&post=6301"}],"curies":[{"name":"wp","href":"https:\/\/api.w.org\/{rel}","templated":true}]}}