{"id":6303,"date":"2019-04-30T18:34:37","date_gmt":"2019-04-30T18:34:37","guid":{"rendered":"http:\/\/trenaferragens1.hospedagemdesites.ws\/?post_type=product&#038;p=6303"},"modified":"2019-04-30T18:39:29","modified_gmt":"2019-04-30T18:39:29","slug":"fita-crepe-adere","status":"publish","type":"product","link":"https:\/\/trenaferragens.com.br\/?product=fita-crepe-adere","title":{"rendered":"Fita Crepe Adere"},"content":{"rendered":"<p>Fita Crepe Adere<\/p>\n<p>ADERE<\/p>\n<p>Fundada em 1967, somos a maior empresa de capital nacional fabricante de fitas adesivas no Brasil.<\/p>\n<p>No segundo semestre de 2005, uma nova planta foi inaugurada na cidade de Sumar\u00e9, interior do Estado de S\u00e3o Paulo &#8211; com 174 mil metros quadrados de terreno e localizada estrategicamente em uma regi\u00e3o com completa infra-estrutura e pr\u00f3xima de rodovias, ferrovias e aeroporto.<\/p>\n<p>O layout da nova planta privilegiou os aspectos log\u00edsticos de recebimento, de processo e expedi\u00e7\u00e3o, seguindo um fluxo inteligente.O empreendimento foi concebido dentro de normas rigorosas, atendendo as exig\u00eancias da legisla\u00e7\u00e3o em vigor, com eficiente sistema de ventila\u00e7\u00e3o natural, tanques e tubula\u00e7\u00f5es acima da superf\u00edcie e sem oferecer qualquer tipo de risco de contamina\u00e7\u00e3o ao solo.<\/p>\n<p>Al\u00e9m da matriz em Sumar\u00e9, contamos atualmente com uma filial no Nordeste (Recife, PE) e uma filial no Sul (Novo Hamburgo, RS) voltada para o segmento cal\u00e7adista.<\/p>\n<p>QUALIDADE GARANTIDA: Primeira empresa de fitas adesivas 100% nacional a conquistar as certifica\u00e7\u00f5es ISO 9001 e ISO 14001!<\/p>\n<p>O processo de certifica\u00e7\u00e3o confirma que possu\u00edmos um sistema de gest\u00e3o que observa os requisitos estabelecidos pela norma e demonstra a capacidade sist\u00eamica em atender aos requisitos aplic\u00e1veis \u00e0s nossas solu\u00e7\u00f5es e servi\u00e7os.<\/p>\n","protected":false},"excerpt":{"rendered":"<p>Fita Crepe Adere<\/p>\n<p>Tamanhos:<\/p>\n<p>18MMx50MT \/ 24MMx50MT \/ 48MMx50MT<\/p>\n<p>Detalhes:\u00a0Solu\u00e7\u00e3o para aplica\u00e7\u00f5es gerais como fixa\u00e7\u00f5es tempor\u00e1rias leves, trabalhos escolares, enfaixamentos, artesanato, decora\u00e7\u00e3o, bricolagem , etc.<\/p>\n","protected":false},"featured_media":6304,"comment_status":"open","ping_status":"closed","template":"","meta":[],"product_cat":[1856],"product_tag":[2411,2412,2413],"_links":{"self":[{"href":"https:\/\/trenaferragens.com.br\/index.php?rest_route=\/wp\/v2\/product\/6303"}],"collection":[{"href":"https:\/\/trenaferragens.com.br\/index.php?rest_route=\/wp\/v2\/product"}],"about":[{"href":"https:\/\/trenaferragens.com.br\/index.php?rest_route=\/wp\/v2\/types\/product"}],"replies":[{"embeddable":true,"href":"https:\/\/trenaferragens.com.br\/index.php?rest_route=%2Fwp%2Fv2%2Fcomments&post=6303"}],"wp:featuredmedia":[{"embeddable":true,"href":"https:\/\/trenaferragens.com.br\/index.php?rest_route=\/wp\/v2\/media\/6304"}],"wp:attachment":[{"href":"https:\/\/trenaferragens.com.br\/index.php?rest_route=%2Fwp%2Fv2%2Fmedia&parent=6303"}],"wp:term":[{"taxonomy":"product_cat","embeddable":true,"href":"https:\/\/trenaferragens.com.br\/index.php?rest_route=%2Fwp%2Fv2%2Fproduct_cat&post=6303"},{"taxonomy":"product_tag","embeddable":true,"href":"https:\/\/trenaferragens.com.br\/index.php?rest_route=%2Fwp%2Fv2%2Fproduct_tag&post=6303"}],"curies":[{"name":"wp","href":"https:\/\/api.w.org\/{rel}","templated":true}]}}