{"id":6308,"date":"2019-04-30T18:39:39","date_gmt":"2019-04-30T18:39:39","guid":{"rendered":"http:\/\/trenaferragens1.hospedagemdesites.ws\/?post_type=product&#038;p=6308"},"modified":"2019-05-20T20:36:07","modified_gmt":"2019-05-20T20:36:07","slug":"tela-mosquiteiro-2860-flex-1-20x5mt","status":"publish","type":"product","link":"https:\/\/trenaferragens.com.br\/?product=tela-mosquiteiro-2860-flex-1-20x5mt","title":{"rendered":"Tela Mosquiteiro 2860 Flex 1.20X5MT"},"content":{"rendered":"<p>Tela Mosquiteiro 2860 Flex 1.20X5MT<\/p>\n<p>ROMA<\/p>\n<p>A ROMA \u2013 Solu\u00e7\u00f5es em Geossint\u00e9ticos, Telas e Filmes Pl\u00e1sticos, faz parte do Grupo D\u2019Amaro, que est\u00e1 presente h\u00e1 quase 50 anos no mercado.<br \/>\nO Grupo \u00e9 formado pela Ind\u00fastria T\u00eaxtil Florence e pela Roma, que foi fundada em 1994, com o objetivo de trazer para o mercado Telas e Filmes Pl\u00e1sticos voltados para os segmentos de Geossint\u00e9ticos, Constru\u00e7\u00e3o Civil, Agroneg\u00f3cios e Industrial.<br \/>\nA ROMA possui sua f\u00e1brica sediada na cidade de Tatu\u00ed, a 130 km de S\u00e3o Paulo, em uma \u00e1rea total de 550.000 m\u00b2, com uma completa e moderna estrutura fabril, distribu\u00edda em 18.000 m\u00b2 de \u00e1rea coberta.<br \/>\nO Setor Comercial e Administrativo est\u00e1 estrategicamente localizado a 20 km do centro de S\u00e3o Paulo, em Alphaville, um dos principais polos empresariais do Pa\u00eds.<\/p>\n","protected":false},"excerpt":{"rendered":"<p>Tela Mosquiteiro 2860 Flex 1.20X5MT<\/p>\n<p>Dispon\u00edvel nas op\u00e7\u00f5es:<\/p>\n<p>Branca, Cinza e Verde<\/p>\n<p>Tela Protetora Sint\u00e9tica<\/p>\n<p>Utilizado em a\u0301reas que necessite de protec\u0327a\u0303o de insetos, protec\u0327a\u0303o contra intempe\u0301ries e contenc\u0327a\u0303o do acesso de pa\u0301ssaros no determinado local.<\/p>\n<p>A Tela Protetora sint\u00e9tica \u00e9 utilizada em a\u0301reas que necessite de protec\u0327a\u0303o de insetos, protec\u0327a\u0303o contra intempe\u0301ries e contenc\u0327a\u0303o do acesso de pa\u0301ssaros no determinado local. Confeccionada em Polietileno de Alta Densidade (PEAD) com aditivos UV e antioxidante.<\/p>\n<p>A Tela Pode ser aplicada diretamente no cultivo desejado envolvendo o mesmo ou aplicado sobre uma estrutura a ser protegida.<\/p>\n<p>Vantagens<\/p>\n<p>Monofilamento de polietileno;<br \/>\nGrande resiste\u0302ncia a\u0300 radiac\u0327a\u0303o UV;<br \/>\nMalha reforc\u0327ada em toda a sua extensa\u0303o;<br \/>\nReforc\u0327os estruturados para as mais diversas aplicac\u0327o\u0303es;<br \/>\nGrande resiste\u0302ncia a\u0300 trac\u0327a\u0303o meca\u0302nica;<br \/>\nBorda reforc\u0327ada.<br \/>\nDiferenciais<\/p>\n<p>Rolos compactados que facilitam o transporte e reduz custos de fretes e armazenagem;<br \/>\nMate\u0301ria prima de qualidade comparada a\u0300s telas de ra\u0301fia;<br \/>\nMaior durabilidade comparada a\u0300s telas de ra\u0301fia.<\/p>\n","protected":false},"featured_media":6312,"comment_status":"open","ping_status":"closed","template":"","meta":[],"product_cat":[1852],"product_tag":[2415,2414],"_links":{"self":[{"href":"https:\/\/trenaferragens.com.br\/index.php?rest_route=\/wp\/v2\/product\/6308"}],"collection":[{"href":"https:\/\/trenaferragens.com.br\/index.php?rest_route=\/wp\/v2\/product"}],"about":[{"href":"https:\/\/trenaferragens.com.br\/index.php?rest_route=\/wp\/v2\/types\/product"}],"replies":[{"embeddable":true,"href":"https:\/\/trenaferragens.com.br\/index.php?rest_route=%2Fwp%2Fv2%2Fcomments&post=6308"}],"wp:featuredmedia":[{"embeddable":true,"href":"https:\/\/trenaferragens.com.br\/index.php?rest_route=\/wp\/v2\/media\/6312"}],"wp:attachment":[{"href":"https:\/\/trenaferragens.com.br\/index.php?rest_route=%2Fwp%2Fv2%2Fmedia&parent=6308"}],"wp:term":[{"taxonomy":"product_cat","embeddable":true,"href":"https:\/\/trenaferragens.com.br\/index.php?rest_route=%2Fwp%2Fv2%2Fproduct_cat&post=6308"},{"taxonomy":"product_tag","embeddable":true,"href":"https:\/\/trenaferragens.com.br\/index.php?rest_route=%2Fwp%2Fv2%2Fproduct_tag&post=6308"}],"curies":[{"name":"wp","href":"https:\/\/api.w.org\/{rel}","templated":true}]}}