{"id":6368,"date":"2019-08-20T16:30:21","date_gmt":"2019-08-20T16:30:21","guid":{"rendered":"http:\/\/trenaferragens1.hospedagemdesites.ws\/?post_type=product&#038;p=6368"},"modified":"2019-08-20T16:40:22","modified_gmt":"2019-08-20T16:40:22","slug":"passa-fio-c-alma-de-aco","status":"publish","type":"product","link":"https:\/\/trenaferragens.com.br\/?product=passa-fio-c-alma-de-aco","title":{"rendered":"Passa Fio C\/Alma de A\u00e7o"},"content":{"rendered":"<p>Passa Fio C\/Alma de A\u00e7o<\/p>\n<p>A FC, h\u00e1 mais de 20 anos, vem se destacando no mercado nacional.<\/p>\n<p>\u00c0s custas de muito trabalho e talento, esta empresa familiar, veio passo a passo, inserindo seus produtos nos setores de el\u00e9tricos, de utilidades dom\u00e9sticas, de telefonia, de \u00e1udio, de som e de v\u00eddeo. Hoje temos o orgulho de afirmar que nossos produtos est\u00e3o em mais de 30.000 pontos de venda por todo o pa\u00eds.<\/p>\n<p>Pode acreditar, talvez a FC esteja em sua casa ou escrit\u00f3rio e voc\u00ea nem saiba!<\/p>\n<p>Foi assim que nos tornamos uma marca respeitada em nosso segmento; Prova disso s\u00e3o as extens\u00f5es el\u00e9tricas produzidas em nossa f\u00e1brica, sendo hoje refer\u00eancia de alta qualidade.\u00a0\u00a0Pela seriedade em tudo que fazemos, podemos garantir a mesma qualidade em todos os produtos fabricados, bem como ofertar pre\u00e7os competitivos para todas as nossas linhas.<\/p>\n<p>Atualmente, mesmo com um Mix de Produtos bastante variado e extenso, a FC continua investindo em pesquisa e produ\u00e7\u00e3o, e vai al\u00e9m por seus clientes.\u00a0\u00a0Nossas linhas de produtos est\u00e3o mais completas e \u00e9 por isso que podemos afirmar:<\/p>\n<p>SOMOS TUDO ISSO!!!<\/p>\n","protected":false},"excerpt":{"rendered":"<p>Passa Fio C\/Alma de A\u00e7o<\/p>\n<p>Dispon\u00edvel nas op\u00e7\u00f5es:<\/p>\n<p>Passa Fio C\/Alma de A\u00e7o 10mt<\/p>\n<p>Passa Fio C\/Alma de A\u00e7o 15mt<\/p>\n<p>Passa Fio C\/Alma de A\u00e7o 20mt<\/p>\n<p>Passa Fio C\/Alma de A\u00e7o 30mt<\/p>\n","protected":false},"featured_media":6369,"comment_status":"open","ping_status":"closed","template":"","meta":[],"product_cat":[1055,1852],"product_tag":[2440,2441,2442],"_links":{"self":[{"href":"https:\/\/trenaferragens.com.br\/index.php?rest_route=\/wp\/v2\/product\/6368"}],"collection":[{"href":"https:\/\/trenaferragens.com.br\/index.php?rest_route=\/wp\/v2\/product"}],"about":[{"href":"https:\/\/trenaferragens.com.br\/index.php?rest_route=\/wp\/v2\/types\/product"}],"replies":[{"embeddable":true,"href":"https:\/\/trenaferragens.com.br\/index.php?rest_route=%2Fwp%2Fv2%2Fcomments&post=6368"}],"wp:featuredmedia":[{"embeddable":true,"href":"https:\/\/trenaferragens.com.br\/index.php?rest_route=\/wp\/v2\/media\/6369"}],"wp:attachment":[{"href":"https:\/\/trenaferragens.com.br\/index.php?rest_route=%2Fwp%2Fv2%2Fmedia&parent=6368"}],"wp:term":[{"taxonomy":"product_cat","embeddable":true,"href":"https:\/\/trenaferragens.com.br\/index.php?rest_route=%2Fwp%2Fv2%2Fproduct_cat&post=6368"},{"taxonomy":"product_tag","embeddable":true,"href":"https:\/\/trenaferragens.com.br\/index.php?rest_route=%2Fwp%2Fv2%2Fproduct_tag&post=6368"}],"curies":[{"name":"wp","href":"https:\/\/api.w.org\/{rel}","templated":true}]}}