{"id":6370,"date":"2019-08-20T16:40:32","date_gmt":"2019-08-20T16:40:32","guid":{"rendered":"http:\/\/trenaferragens1.hospedagemdesites.ws\/?post_type=product&#038;p=6370"},"modified":"2019-08-20T17:11:52","modified_gmt":"2019-08-20T17:11:52","slug":"chuveiro-eletrico-ss-3t-5400w-127v","status":"publish","type":"product","link":"https:\/\/trenaferragens.com.br\/?product=chuveiro-eletrico-ss-3t-5400w-127v","title":{"rendered":"Chuveiro El\u00e9trico SS 3T 5400W 127V"},"content":{"rendered":"<p>Chuveiro El\u00e9trico SS 3T 5400W 127V<\/p>\n<p>Nasce a Hydra<\/p>\n<p>Um nascimento marcado pela inova\u00e7\u00e3o. Pelas m\u00e3os de Antonio Ferraresi e At\u00edlio Ricotti, \u00e9 criada e primeira v\u00e1lvula embutida na parede, batizada por seus criadores como Hydra Mar. No in\u00edcio, a capacidade produtiva da v\u00e1lvula era de apenas 30 unidades por m\u00eas, com um consumo de 20 litros de \u00e1gua por acionamento.<\/p>\n<p>Incorpora\u00e7\u00e3o pela Deca<\/p>\n<p>A hydra \u00e9 incorporada pela Deca, l\u00edder nacional no segmento de lou\u00e7as e metais sanit\u00e1rios. O ano tamb\u00e9m \u00e9 marcado pelo lan\u00e7amento VCR, a primeira v\u00e1lvula com registro integrado.<\/p>\n","protected":false},"excerpt":{"rendered":"<p>Ducha SS\u00a03T<\/p>\n<p>C\u00f3d. DPSS.3S.441BR<\/p>\n<p>Precursor de todas as duchas termopl\u00e1sticas, esse modelo mostrou ao mundo que \u00e9 poss\u00edvel fazer produtos de qualidade a pre\u00e7os acess\u00edveis com muito mais seguran\u00e7a.<\/p>\n<p>CHAVE SELETORA BLINDADA<br \/>\nDiferente de outros sistemas, permite a\u00a0regulagem\u00a0da temperatura\u00a0sem fechar o registro.<\/p>\n<p>F\u00c1CIL LIMPEZA DO ESPALHADOR<br \/>\n\u00c9 s\u00f3\u00a0desenroscar\u00a0e retirar o espalhador para fazer a\u00a0limpeza\u00a0de um jeito mais\u00a0f\u00e1cil\u00a0e com mais\u00a0seguran\u00e7a.<\/p>\n","protected":false},"featured_media":6371,"comment_status":"open","ping_status":"closed","template":"","meta":[],"product_cat":[2443,1852],"product_tag":[2192,2193,2445,2444],"_links":{"self":[{"href":"https:\/\/trenaferragens.com.br\/index.php?rest_route=\/wp\/v2\/product\/6370"}],"collection":[{"href":"https:\/\/trenaferragens.com.br\/index.php?rest_route=\/wp\/v2\/product"}],"about":[{"href":"https:\/\/trenaferragens.com.br\/index.php?rest_route=\/wp\/v2\/types\/product"}],"replies":[{"embeddable":true,"href":"https:\/\/trenaferragens.com.br\/index.php?rest_route=%2Fwp%2Fv2%2Fcomments&post=6370"}],"wp:featuredmedia":[{"embeddable":true,"href":"https:\/\/trenaferragens.com.br\/index.php?rest_route=\/wp\/v2\/media\/6371"}],"wp:attachment":[{"href":"https:\/\/trenaferragens.com.br\/index.php?rest_route=%2Fwp%2Fv2%2Fmedia&parent=6370"}],"wp:term":[{"taxonomy":"product_cat","embeddable":true,"href":"https:\/\/trenaferragens.com.br\/index.php?rest_route=%2Fwp%2Fv2%2Fproduct_cat&post=6370"},{"taxonomy":"product_tag","embeddable":true,"href":"https:\/\/trenaferragens.com.br\/index.php?rest_route=%2Fwp%2Fv2%2Fproduct_tag&post=6370"}],"curies":[{"name":"wp","href":"https:\/\/api.w.org\/{rel}","templated":true}]}}