{"id":6372,"date":"2019-08-20T17:04:54","date_gmt":"2019-08-20T17:04:54","guid":{"rendered":"http:\/\/trenaferragens1.hospedagemdesites.ws\/?post_type=product&#038;p=6372"},"modified":"2019-08-20T17:18:06","modified_gmt":"2019-08-20T17:18:06","slug":"chuveiro-eletrico-fit-branco-5500w-127v","status":"publish","type":"product","link":"https:\/\/trenaferragens.com.br\/?product=chuveiro-eletrico-fit-branco-5500w-127v","title":{"rendered":"Chuveiro El\u00e9trico Fit Branco 5500W 127V"},"content":{"rendered":"<p>Chuveiro El\u00e9trico Fit Branco 5500W 127V<\/p>\n<p>Nasce a Hydra<\/p>\n<p>Um nascimento marcado pela inova\u00e7\u00e3o. Pelas m\u00e3os de Antonio Ferraresi e At\u00edlio Ricotti, \u00e9 criada e primeira v\u00e1lvula embutida na parede, batizada por seus criadores como Hydra Mar. No in\u00edcio, a capacidade produtiva da v\u00e1lvula era de apenas 30 unidades por m\u00eas, com um consumo de 20 litros de \u00e1gua por acionamento.<\/p>\n<p>Incorpora\u00e7\u00e3o pela Deca<\/p>\n<p>A hydra \u00e9 incorporada pela Deca, l\u00edder nacional no segmento de lou\u00e7as e metais sanit\u00e1rios. O ano tamb\u00e9m \u00e9 marcado pelo lan\u00e7amento VCR, a primeira v\u00e1lvula com registro integrado.<\/p>\n","protected":false},"excerpt":{"rendered":"<p>Fit\u00a0Eletr\u00f4nica Branca<\/p>\n<p>C\u00f3d. DPFT.E.551BR<\/p>\n<p>A ducha Fit Eletr\u00f4nica possui um espalhador m\u00e9dio especialmente projetado para que voc\u00ea tenha um banho com a intensidade e a quantidade certas de \u00e1gua, evitando desperd\u00edcios.<\/p>\n<p>Possui\u00a0sistema de controle\u00a0de temperatura eletr\u00f4nico que permite alterar a\u00a0temperatura\u00a0de forma\u00a0gradual\u00a0e dispensa o desligamento da ducha para a troca da temperatura.<\/p>\n<p>SISTEMA ELETR\u00d4NICO<br \/>\nPela haste que fica ao alcance das m\u00e3os, voc\u00ea encontra\u00a0gradualmente\u00a0v\u00e1rias op\u00e7\u00f5es para a\u00a0temperatura\u00a0ideal da \u00e1gua, o que proporciona um banho com muito\u00a0mais conforto, economia e seguran\u00e7a.<\/p>\n<p>BANHO COM JATO INTENSO<br \/>\nA ducha Fit possui um\u00a0espalhador\u00a0especialmente projetado para que voc\u00ea tenha um banho confort\u00e1vel com a intensidade e a quantidade certas de \u00e1gua,\u00a0evitando desperd\u00edcios.<\/p>\n<p>F\u00c1CIL LIMPEZA DO ESPALHADOR<br \/>\n\u00c9 s\u00f3 desenroscar e retirar o espalhador para fazer a\u00a0limpeza\u00a0de um jeito\u00a0mais f\u00e1cil\u00a0e com mais seguran\u00e7a.<\/p>\n","protected":false},"featured_media":6373,"comment_status":"open","ping_status":"closed","template":"","meta":[],"product_cat":[2443,1852],"product_tag":[2192,2193,2445,2444],"_links":{"self":[{"href":"https:\/\/trenaferragens.com.br\/index.php?rest_route=\/wp\/v2\/product\/6372"}],"collection":[{"href":"https:\/\/trenaferragens.com.br\/index.php?rest_route=\/wp\/v2\/product"}],"about":[{"href":"https:\/\/trenaferragens.com.br\/index.php?rest_route=\/wp\/v2\/types\/product"}],"replies":[{"embeddable":true,"href":"https:\/\/trenaferragens.com.br\/index.php?rest_route=%2Fwp%2Fv2%2Fcomments&post=6372"}],"wp:featuredmedia":[{"embeddable":true,"href":"https:\/\/trenaferragens.com.br\/index.php?rest_route=\/wp\/v2\/media\/6373"}],"wp:attachment":[{"href":"https:\/\/trenaferragens.com.br\/index.php?rest_route=%2Fwp%2Fv2%2Fmedia&parent=6372"}],"wp:term":[{"taxonomy":"product_cat","embeddable":true,"href":"https:\/\/trenaferragens.com.br\/index.php?rest_route=%2Fwp%2Fv2%2Fproduct_cat&post=6372"},{"taxonomy":"product_tag","embeddable":true,"href":"https:\/\/trenaferragens.com.br\/index.php?rest_route=%2Fwp%2Fv2%2Fproduct_tag&post=6372"}],"curies":[{"name":"wp","href":"https:\/\/api.w.org\/{rel}","templated":true}]}}