{"id":6377,"date":"2019-08-20T17:14:21","date_gmt":"2019-08-20T17:14:21","guid":{"rendered":"http:\/\/trenaferragens1.hospedagemdesites.ws\/?post_type=product&#038;p=6377"},"modified":"2019-08-20T17:26:19","modified_gmt":"2019-08-20T17:26:19","slug":"chuveiro-eletrico-gorducha-4t-5450w-127v","status":"publish","type":"product","link":"https:\/\/trenaferragens.com.br\/?product=chuveiro-eletrico-gorducha-4t-5450w-127v","title":{"rendered":"Chuveiro El\u00e9trico Gorducha 4T 5450W 127V"},"content":{"rendered":"<p>Chuveiro El\u00e9trico Gorducha 4T 5450W 127V<\/p>\n<p>Nasce a Hydra<\/p>\n<p>Um nascimento marcado pela inova\u00e7\u00e3o. Pelas m\u00e3os de Antonio Ferraresi e At\u00edlio Ricotti, \u00e9 criada e primeira v\u00e1lvula embutida na parede, batizada por seus criadores como Hydra Mar. No in\u00edcio, a capacidade produtiva da v\u00e1lvula era de apenas 30 unidades por m\u00eas, com um consumo de 20 litros de \u00e1gua por acionamento.<\/p>\n<p>Incorpora\u00e7\u00e3o pela Deca<\/p>\n<p>A hydra \u00e9 incorporada pela Deca, l\u00edder nacional no segmento de lou\u00e7as e metais sanit\u00e1rios. O ano tamb\u00e9m \u00e9 marcado pelo lan\u00e7amento VCR, a primeira v\u00e1lvula com registro integrado.<\/p>\n","protected":false},"excerpt":{"rendered":"<p>Gorducha\u00a04T<\/p>\n<p>C\u00f3d. DPGD.4S.541BR<\/p>\n<p>A Gorducha inova dentro de sua categoria, colocando a seguran\u00e7a e a praticidade a favor de um banho mais relaxante.<\/p>\n<p>Possui um copo de\u00a0aquecimento\u00a0de \u00e1gua, fazendo com que toda a \u00e1gua fique com\u00a0temperatura uniforme. O sistema\u00a0multitemperatura\u00a0permite um determinado n\u00famero de op\u00e7\u00f5es para encontrar a\u00a0temperatura certa\u00a0da \u00e1gua e tomar um\u00a0banho confort\u00e1vel, seguro e\u00a0econ\u00f4mico\u00a0em\u00a0qualquer esta\u00e7\u00e3o\u00a0no ano.<\/p>\n<p>SISTEMA MULTITEMPERATURA 3T E 4T<br \/>\nVers\u00f5es 3T e 4T. Permite de\u00a03 a 4 op\u00e7\u00f5es\u00a0para encontrar a\u00a0temperatura certa\u00a0da \u00e1gua e tomar um\u00a0banho\u00a0com muito mais\u00a0conforto, seguran\u00e7a e economia em\u00a0qualquer esta\u00e7\u00e3o\u00a0no ano.<\/p>\n<p>MAIOR VAZ\u00c3O DA \u00c1GUA<br \/>\nMaior volume\u00a0de \u00e1gua sob\u00a0qualquer\u00a0condi\u00e7\u00e3o de\u00a0press\u00e3o.<\/p>\n<p>CONFORTO E SEGURAN\u00c7A<br \/>\nCom sua\u00a0exclusiva\u00a0\u201cchave seletora blindada\u201d, permite ao usu\u00e1rio alterar a\u00a0temperatura\u00a0com a\u00a0ducha ligada.<\/p>\n","protected":false},"featured_media":6378,"comment_status":"open","ping_status":"closed","template":"","meta":[],"product_cat":[2443,1852],"product_tag":[2192,2193,2445,2444],"_links":{"self":[{"href":"https:\/\/trenaferragens.com.br\/index.php?rest_route=\/wp\/v2\/product\/6377"}],"collection":[{"href":"https:\/\/trenaferragens.com.br\/index.php?rest_route=\/wp\/v2\/product"}],"about":[{"href":"https:\/\/trenaferragens.com.br\/index.php?rest_route=\/wp\/v2\/types\/product"}],"replies":[{"embeddable":true,"href":"https:\/\/trenaferragens.com.br\/index.php?rest_route=%2Fwp%2Fv2%2Fcomments&post=6377"}],"wp:featuredmedia":[{"embeddable":true,"href":"https:\/\/trenaferragens.com.br\/index.php?rest_route=\/wp\/v2\/media\/6378"}],"wp:attachment":[{"href":"https:\/\/trenaferragens.com.br\/index.php?rest_route=%2Fwp%2Fv2%2Fmedia&parent=6377"}],"wp:term":[{"taxonomy":"product_cat","embeddable":true,"href":"https:\/\/trenaferragens.com.br\/index.php?rest_route=%2Fwp%2Fv2%2Fproduct_cat&post=6377"},{"taxonomy":"product_tag","embeddable":true,"href":"https:\/\/trenaferragens.com.br\/index.php?rest_route=%2Fwp%2Fv2%2Fproduct_tag&post=6377"}],"curies":[{"name":"wp","href":"https:\/\/api.w.org\/{rel}","templated":true}]}}