{"id":6391,"date":"2019-08-20T17:58:03","date_gmt":"2019-08-20T17:58:03","guid":{"rendered":"http:\/\/trenaferragens1.hospedagemdesites.ws\/?post_type=product&#038;p=6391"},"modified":"2019-08-20T18:00:23","modified_gmt":"2019-08-20T18:00:23","slug":"acionamento-caixa-acoplada-astra-tampa-69mm-cr","status":"publish","type":"product","link":"https:\/\/trenaferragens.com.br\/?product=acionamento-caixa-acoplada-astra-tampa-69mm-cr","title":{"rendered":"Acionamento Caixa Acoplada Astra (Tampa) 69MM CR"},"content":{"rendered":"<p>Acionamento Caixa Acoplada Astra (Tampa) 69MM CR<\/p>\n<p>ASTRA<\/p>\n<p>A Astra S\/A Ind\u00fastria e Com\u00e9rcio, fundada em 1957, na cidade de Jundia\u00ed &#8211; a 60km da capital paulista &#8211; \u00e9 uma empresa\u00a0multiespecializada, que cria e comercializa produtos e solu\u00e7\u00f5es para o\u00a0dia a dia das pessoas.<\/p>\n<p>Possui um portf\u00f3lio variado, composto por itens voltados para a\u00a0constru\u00e7\u00e3o, que v\u00e3o da funda\u00e7\u00e3o da obra ao acabamento, do item t\u00e9cnico ao de decora\u00e7\u00e3o:<\/p>\n<p>A Astra est\u00e1 em constante evolu\u00e7\u00e3o de suas linhas de produtos, por isso busca cada vez mais o desenvolvimento de itens que priorizem o\u00a0design funcional, com foco em\u00a0praticidade, beleza e bem-estar.<\/p>\n","protected":false},"excerpt":{"rendered":"<p>Acionamento Caixa Acoplada Astra (Tampa) 69MM CR<\/p>\n<p>Bot\u00e3o de acionamento simples de descarga, instalado na lateral da caixa acoplada.<\/p>\n<p>Caracter\u00edsticas:<br \/>\n\u2022 Pode ser acionado com qualquer parte do corpo.<br \/>\n\u2022 Compat\u00edvel com mecanismos castelo de acionamento convencional simples superior.<br \/>\n\u2022 Compat\u00edvel com mecanismo duplo de acionamento superior, acionando sempre a descarga total.<br \/>\n\u2022 Podem substituir os acionamentos superiores MB e MB2 da Astra, respectivamente.<br \/>\n\u2022 Corpo em PP e acabamento em ABS cromado.<\/p>\n<p>Uso:<br \/>\nPromover o acionamento da descarga dos mecanismos de sa\u00edda convencionais.<\/p>\n<p>Informa\u00e7\u00f5es T\u00e9cnicas:<br \/>\n\u2022 Ideal para ser instalado em bacias sanit\u00e1rias acess\u00edveis com caixa acoplada, para o uso de pessoas com defici\u00eancia ou dificuldades motoras.<br \/>\n\u2022 Pode ser utilizado em banheiros p\u00fablicos e residenciais.<br \/>\n\u2022 Cabe a cada usu\u00e1rio avaliar a sua necessidade para identificar os produtos Astra mais adequados ao seu caso, analisando as especifica\u00e7\u00f5es t\u00e9cnicas dos itens e buscando orienta\u00e7\u00e3o profissional, se for preciso.<\/p>\n","protected":false},"featured_media":6392,"comment_status":"open","ping_status":"closed","template":"","meta":[],"product_cat":[1097,1100,1852,168],"product_tag":[2447,2448,2446],"_links":{"self":[{"href":"https:\/\/trenaferragens.com.br\/index.php?rest_route=\/wp\/v2\/product\/6391"}],"collection":[{"href":"https:\/\/trenaferragens.com.br\/index.php?rest_route=\/wp\/v2\/product"}],"about":[{"href":"https:\/\/trenaferragens.com.br\/index.php?rest_route=\/wp\/v2\/types\/product"}],"replies":[{"embeddable":true,"href":"https:\/\/trenaferragens.com.br\/index.php?rest_route=%2Fwp%2Fv2%2Fcomments&post=6391"}],"wp:featuredmedia":[{"embeddable":true,"href":"https:\/\/trenaferragens.com.br\/index.php?rest_route=\/wp\/v2\/media\/6392"}],"wp:attachment":[{"href":"https:\/\/trenaferragens.com.br\/index.php?rest_route=%2Fwp%2Fv2%2Fmedia&parent=6391"}],"wp:term":[{"taxonomy":"product_cat","embeddable":true,"href":"https:\/\/trenaferragens.com.br\/index.php?rest_route=%2Fwp%2Fv2%2Fproduct_cat&post=6391"},{"taxonomy":"product_tag","embeddable":true,"href":"https:\/\/trenaferragens.com.br\/index.php?rest_route=%2Fwp%2Fv2%2Fproduct_tag&post=6391"}],"curies":[{"name":"wp","href":"https:\/\/api.w.org\/{rel}","templated":true}]}}