{"id":6399,"date":"2019-08-20T18:20:03","date_gmt":"2019-08-20T18:20:03","guid":{"rendered":"http:\/\/trenaferragens1.hospedagemdesites.ws\/?post_type=product&#038;p=6399"},"modified":"2019-08-20T18:22:59","modified_gmt":"2019-08-20T18:22:59","slug":"acionamento-caixa-acoplada-tampa-cr-mb-astra","status":"publish","type":"product","link":"https:\/\/trenaferragens.com.br\/?product=acionamento-caixa-acoplada-tampa-cr-mb-astra","title":{"rendered":"Acionamento Caixa Acoplada Tampa CR (MB) Astra"},"content":{"rendered":"<p>Acionamento Caixa Acoplada Tampa CR (MB) Astra<\/p>\n<p>ASTRA<\/p>\n<p>A Astra S\/A Ind\u00fastria e Com\u00e9rcio, fundada em 1957, na cidade de Jundia\u00ed &#8211; a 60km da capital paulista &#8211; \u00e9 uma empresa\u00a0multiespecializada, que cria e comercializa produtos e solu\u00e7\u00f5es para o\u00a0dia a dia das pessoas.<\/p>\n<p>Possui um portf\u00f3lio variado, composto por itens voltados para a\u00a0constru\u00e7\u00e3o, que v\u00e3o da funda\u00e7\u00e3o da obra ao acabamento, do item t\u00e9cnico ao de decora\u00e7\u00e3o:<\/p>\n<p>A Astra est\u00e1 em constante evolu\u00e7\u00e3o de suas linhas de produtos, por isso busca cada vez mais o desenvolvimento de itens que priorizem o\u00a0design funcional, com foco em\u00a0praticidade, beleza e bem-estar.<\/p>\n","protected":false},"excerpt":{"rendered":"<p>Acionamento Caixa Acoplada Tampa CR (MB) Astra<\/p>\n<p>Bot\u00e3o de acionamento simples superior para caixa acoplada, com op\u00e7\u00f5es de acabamentos pigmentado e cromado.<\/p>\n<p>Caracter\u00edsticas:<br \/>\n\u2022 Fabricado em pl\u00e1stico de engenharia.<br \/>\n\u2022 Acionamento simples (1 fluxo de \u00e1gua).<br \/>\n\u2022 Modelos compat\u00edveis com as diversas lou\u00e7as do mercado.<br \/>\n\u2022 MB\/U: modelo universal &#8211; para uso em sa\u00eddas sem castelo.<\/p>\n<p>Uso:<br \/>\nPromover o acionamento da descarga dos mecanismos de sa\u00edda convencionais.<\/p>\n","protected":false},"featured_media":6400,"comment_status":"open","ping_status":"closed","template":"","meta":[],"product_cat":[1097,1100,1852,168],"product_tag":[2447,2448,2446],"_links":{"self":[{"href":"https:\/\/trenaferragens.com.br\/index.php?rest_route=\/wp\/v2\/product\/6399"}],"collection":[{"href":"https:\/\/trenaferragens.com.br\/index.php?rest_route=\/wp\/v2\/product"}],"about":[{"href":"https:\/\/trenaferragens.com.br\/index.php?rest_route=\/wp\/v2\/types\/product"}],"replies":[{"embeddable":true,"href":"https:\/\/trenaferragens.com.br\/index.php?rest_route=%2Fwp%2Fv2%2Fcomments&post=6399"}],"wp:featuredmedia":[{"embeddable":true,"href":"https:\/\/trenaferragens.com.br\/index.php?rest_route=\/wp\/v2\/media\/6400"}],"wp:attachment":[{"href":"https:\/\/trenaferragens.com.br\/index.php?rest_route=%2Fwp%2Fv2%2Fmedia&parent=6399"}],"wp:term":[{"taxonomy":"product_cat","embeddable":true,"href":"https:\/\/trenaferragens.com.br\/index.php?rest_route=%2Fwp%2Fv2%2Fproduct_cat&post=6399"},{"taxonomy":"product_tag","embeddable":true,"href":"https:\/\/trenaferragens.com.br\/index.php?rest_route=%2Fwp%2Fv2%2Fproduct_tag&post=6399"}],"curies":[{"name":"wp","href":"https:\/\/api.w.org\/{rel}","templated":true}]}}