{"id":6401,"date":"2019-08-20T18:23:28","date_gmt":"2019-08-20T18:23:28","guid":{"rendered":"http:\/\/trenaferragens1.hospedagemdesites.ws\/?post_type=product&#038;p=6401"},"modified":"2019-08-20T18:27:01","modified_gmt":"2019-08-20T18:27:01","slug":"adaptador-mecanismo-simples-p-duplo-universal-mdu-adp-astra","status":"publish","type":"product","link":"https:\/\/trenaferragens.com.br\/?product=adaptador-mecanismo-simples-p-duplo-universal-mdu-adp-astra","title":{"rendered":"Adaptador Mecanismo Simples P\/Duplo Universal (MDU\/ADP) Astra"},"content":{"rendered":"<p>Adaptador Mecanismo Simples P\/Duplo Universal (MDU\/ADP) Astra<\/p>\n<p>ASTRA<\/p>\n<p>A Astra S\/A Ind\u00fastria e Com\u00e9rcio, fundada em 1957, na cidade de Jundia\u00ed &#8211; a 60km da capital paulista &#8211; \u00e9 uma empresa\u00a0multiespecializada, que cria e comercializa produtos e solu\u00e7\u00f5es para o\u00a0dia a dia das pessoas.<\/p>\n<p>Possui um portf\u00f3lio variado, composto por itens voltados para a\u00a0constru\u00e7\u00e3o, que v\u00e3o da funda\u00e7\u00e3o da obra ao acabamento, do item t\u00e9cnico ao de decora\u00e7\u00e3o:<\/p>\n<p>A Astra est\u00e1 em constante evolu\u00e7\u00e3o de suas linhas de produtos, por isso busca cada vez mais o desenvolvimento de itens que priorizem o\u00a0design funcional, com foco em\u00a0praticidade, beleza e bem-estar.<\/p>\n","protected":false},"excerpt":{"rendered":"<p>Adaptador Mecanismo Simples P\/Duplo Universal (MDU\/ADP) Astra<\/p>\n<p>O Adaptador Duplo Universal permite converter um sistema de descarga de acionamento simples em duplo acionamento &#8211; 3 L e 6 L. A pe\u00e7a \u00e9 f\u00e1cil de instalar, mont\u00e1vel por encaixe, e ajuda a economizar \u00e1gua na descarga.<\/p>\n<p>Caracter\u00edsticas:<br \/>\n\u2022 Bot\u00e3o de acionamento da descarga para dois fluxos (3 L e 6 L).<br \/>\n\u2022 Acionamento por cabo de a\u00e7o, que facilita o encaixe conforme a posi\u00e7\u00e3o do bot\u00e3o.<br \/>\n\u2022 Acompanha componentes de fixa\u00e7\u00e3o e bot\u00e3o de acionamento cromado.<br \/>\n\u2022 N\u00e3o s\u00e3o necess\u00e1rias ferramentas para a instala\u00e7\u00e3o.<br \/>\n\u2022 N\u00e3o \u00e9 necess\u00e1rio desmontar a caixa acoplada para a instala\u00e7\u00e3o.<br \/>\n\u2022 Compat\u00edvel com lou\u00e7as de acionamento superior, lateral e frontal.<br \/>\n\u2022 Compat\u00edvel com a base instalada de mecanismos convencionais de 2&#8243;.<\/p>\n","protected":false},"featured_media":6402,"comment_status":"open","ping_status":"closed","template":"","meta":[],"product_cat":[1097,1100,1852,168],"product_tag":[2449,2450,2446],"_links":{"self":[{"href":"https:\/\/trenaferragens.com.br\/index.php?rest_route=\/wp\/v2\/product\/6401"}],"collection":[{"href":"https:\/\/trenaferragens.com.br\/index.php?rest_route=\/wp\/v2\/product"}],"about":[{"href":"https:\/\/trenaferragens.com.br\/index.php?rest_route=\/wp\/v2\/types\/product"}],"replies":[{"embeddable":true,"href":"https:\/\/trenaferragens.com.br\/index.php?rest_route=%2Fwp%2Fv2%2Fcomments&post=6401"}],"wp:featuredmedia":[{"embeddable":true,"href":"https:\/\/trenaferragens.com.br\/index.php?rest_route=\/wp\/v2\/media\/6402"}],"wp:attachment":[{"href":"https:\/\/trenaferragens.com.br\/index.php?rest_route=%2Fwp%2Fv2%2Fmedia&parent=6401"}],"wp:term":[{"taxonomy":"product_cat","embeddable":true,"href":"https:\/\/trenaferragens.com.br\/index.php?rest_route=%2Fwp%2Fv2%2Fproduct_cat&post=6401"},{"taxonomy":"product_tag","embeddable":true,"href":"https:\/\/trenaferragens.com.br\/index.php?rest_route=%2Fwp%2Fv2%2Fproduct_tag&post=6401"}],"curies":[{"name":"wp","href":"https:\/\/api.w.org\/{rel}","templated":true}]}}