{"id":6403,"date":"2019-08-20T18:27:47","date_gmt":"2019-08-20T18:27:47","guid":{"rendered":"http:\/\/trenaferragens1.hospedagemdesites.ws\/?post_type=product&#038;p=6403"},"modified":"2019-08-20T18:32:10","modified_gmt":"2019-08-20T18:32:10","slug":"adaptador-valvula-americana-48-advabr1-astra","status":"publish","type":"product","link":"https:\/\/trenaferragens.com.br\/?product=adaptador-valvula-americana-48-advabr1-astra","title":{"rendered":"Adaptador V\u00e1lvula Americana 48 (ADVA*BR1) Astra"},"content":{"rendered":"<p>Adaptador V\u00e1lvula Americana 48 (ADVA*BR1) Astra<\/p>\n<p>ASTRA<\/p>\n<p>A Astra S\/A Ind\u00fastria e Com\u00e9rcio, fundada em 1957, na cidade de Jundia\u00ed &#8211; a 60km da capital paulista &#8211; \u00e9 uma empresa\u00a0multiespecializada, que cria e comercializa produtos e solu\u00e7\u00f5es para o\u00a0dia a dia das pessoas.<\/p>\n<p>Possui um portf\u00f3lio variado, composto por itens voltados para a\u00a0constru\u00e7\u00e3o, que v\u00e3o da funda\u00e7\u00e3o da obra ao acabamento, do item t\u00e9cnico ao de decora\u00e7\u00e3o:<\/p>\n<p>A Astra est\u00e1 em constante evolu\u00e7\u00e3o de suas linhas de produtos, por isso busca cada vez mais o desenvolvimento de itens que priorizem o\u00a0design funcional, com foco em\u00a0praticidade, beleza e bem-estar.<\/p>\n","protected":false},"excerpt":{"rendered":"<p>Adaptador V\u00e1lvula Americana 48 (ADVA*BR1) Astra<\/p>\n<p>Adaptadores de conex\u00e3o entre v\u00e1lvula americana e sif\u00e3o flex\u00edvel.<\/p>\n<p>Caracter\u00edsticas:<br \/>\n\u2022 Entrada para sif\u00f5es de 1 1\/2&#8243;.<br \/>\n\u2022 Sa\u00edda para tudo de \u00d8 40mm .<br \/>\n\u2022 Comprimentos: 33mm ou 75mm .<br \/>\n\u2022 Fabricado em polipropileno.<\/p>\n<p>Uso:<br \/>\nIndicado para instala\u00e7\u00e3o de sif\u00f5es flex\u00edveis em diversas cubas ou gabinetes.<\/p>\n","protected":false},"featured_media":6404,"comment_status":"open","ping_status":"closed","template":"","meta":[],"product_cat":[1097,1100,1852,168],"product_tag":[2449,2450,2446],"_links":{"self":[{"href":"https:\/\/trenaferragens.com.br\/index.php?rest_route=\/wp\/v2\/product\/6403"}],"collection":[{"href":"https:\/\/trenaferragens.com.br\/index.php?rest_route=\/wp\/v2\/product"}],"about":[{"href":"https:\/\/trenaferragens.com.br\/index.php?rest_route=\/wp\/v2\/types\/product"}],"replies":[{"embeddable":true,"href":"https:\/\/trenaferragens.com.br\/index.php?rest_route=%2Fwp%2Fv2%2Fcomments&post=6403"}],"wp:featuredmedia":[{"embeddable":true,"href":"https:\/\/trenaferragens.com.br\/index.php?rest_route=\/wp\/v2\/media\/6404"}],"wp:attachment":[{"href":"https:\/\/trenaferragens.com.br\/index.php?rest_route=%2Fwp%2Fv2%2Fmedia&parent=6403"}],"wp:term":[{"taxonomy":"product_cat","embeddable":true,"href":"https:\/\/trenaferragens.com.br\/index.php?rest_route=%2Fwp%2Fv2%2Fproduct_cat&post=6403"},{"taxonomy":"product_tag","embeddable":true,"href":"https:\/\/trenaferragens.com.br\/index.php?rest_route=%2Fwp%2Fv2%2Fproduct_tag&post=6403"}],"curies":[{"name":"wp","href":"https:\/\/api.w.org\/{rel}","templated":true}]}}