{"id":6405,"date":"2019-08-20T18:32:48","date_gmt":"2019-08-20T18:32:48","guid":{"rendered":"http:\/\/trenaferragens1.hospedagemdesites.ws\/?post_type=product&#038;p=6405"},"modified":"2019-08-20T18:53:17","modified_gmt":"2019-08-20T18:53:17","slug":"alavanca-frontal-inclinada-mec-af-i-caixa-acoplada-astra","status":"publish","type":"product","link":"https:\/\/trenaferragens.com.br\/?product=alavanca-frontal-inclinada-mec-af-i-caixa-acoplada-astra","title":{"rendered":"Alavanca  Frontal Inclinada MEC (AF\/I) Caixa Acoplada Astra"},"content":{"rendered":"<p>Alavanca  Frontal Inclinada MEC (AF\/I) Caixa Acoplada Astra<\/p>\n<p>ASTRA<\/p>\n<p>A Astra S\/A Ind\u00fastria e Com\u00e9rcio, fundada em 1957, na cidade de Jundia\u00ed &#8211; a 60km da capital paulista &#8211; \u00e9 uma empresa\u00a0multiespecializada, que cria e comercializa produtos e solu\u00e7\u00f5es para o\u00a0dia a dia das pessoas.<\/p>\n<p>Possui um portf\u00f3lio variado, composto por itens voltados para a\u00a0constru\u00e7\u00e3o, que v\u00e3o da funda\u00e7\u00e3o da obra ao acabamento, do item t\u00e9cnico ao de decora\u00e7\u00e3o:<\/p>\n<p>A Astra est\u00e1 em constante evolu\u00e7\u00e3o de suas linhas de produtos, por isso busca cada vez mais o desenvolvimento de itens que priorizem o\u00a0design funcional, com foco em\u00a0praticidade, beleza e bem-estar.<\/p>\n","protected":false},"excerpt":{"rendered":"<p>Alavanca Frontal Inclinada MEC (AF\/I) Caixa Acoplada Astra<\/p>\n<p>Alavanca de acionamento simples frontal para caixa acoplada.<\/p>\n<p>Caracter\u00edsticas:<br \/>\n\u2022 Acionamento frontal simples (1 fluxo de \u00e1gua).<br \/>\n\u2022 Fabricado em pl\u00e1stico de engenharia.<br \/>\n\u2022 Acabamento cromado.<br \/>\n\u2022 Modelos reto ou inclinado para diferentes formatos de caixa acoplada.<br \/>\n\u2022 Diferentes pontos de encaixe da corrente para melhor se ajustar \u00e0 altura da caixa acoplada.<\/p>\n<p>Uso:<br \/>\nPromover o acionamento da descarga dos mecanismos de sa\u00edda convencionais.<\/p>\n","protected":false},"featured_media":6406,"comment_status":"open","ping_status":"closed","template":"","meta":[],"product_cat":[1097,1100,1852,168],"product_tag":[2451,2446],"_links":{"self":[{"href":"https:\/\/trenaferragens.com.br\/index.php?rest_route=\/wp\/v2\/product\/6405"}],"collection":[{"href":"https:\/\/trenaferragens.com.br\/index.php?rest_route=\/wp\/v2\/product"}],"about":[{"href":"https:\/\/trenaferragens.com.br\/index.php?rest_route=\/wp\/v2\/types\/product"}],"replies":[{"embeddable":true,"href":"https:\/\/trenaferragens.com.br\/index.php?rest_route=%2Fwp%2Fv2%2Fcomments&post=6405"}],"wp:featuredmedia":[{"embeddable":true,"href":"https:\/\/trenaferragens.com.br\/index.php?rest_route=\/wp\/v2\/media\/6406"}],"wp:attachment":[{"href":"https:\/\/trenaferragens.com.br\/index.php?rest_route=%2Fwp%2Fv2%2Fmedia&parent=6405"}],"wp:term":[{"taxonomy":"product_cat","embeddable":true,"href":"https:\/\/trenaferragens.com.br\/index.php?rest_route=%2Fwp%2Fv2%2Fproduct_cat&post=6405"},{"taxonomy":"product_tag","embeddable":true,"href":"https:\/\/trenaferragens.com.br\/index.php?rest_route=%2Fwp%2Fv2%2Fproduct_tag&post=6405"}],"curies":[{"name":"wp","href":"https:\/\/api.w.org\/{rel}","templated":true}]}}