{"id":6409,"date":"2019-08-20T18:47:41","date_gmt":"2019-08-20T18:47:41","guid":{"rendered":"http:\/\/trenaferragens1.hospedagemdesites.ws\/?post_type=product&#038;p=6409"},"modified":"2019-08-20T18:54:30","modified_gmt":"2019-08-20T18:54:30","slug":"armario-w-c-a41-astra","status":"publish","type":"product","link":"https:\/\/trenaferragens.com.br\/?product=armario-w-c-a41-astra","title":{"rendered":"Arm\u00e1rio W.C (A41) Astra"},"content":{"rendered":"<p>Arm\u00e1rio W.C (A41) Astra<\/p>\n<p>ASTRA<\/p>\n<p>A Astra S\/A Ind\u00fastria e Com\u00e9rcio, fundada em 1957, na cidade de Jundia\u00ed &#8211; a 60km da capital paulista &#8211; \u00e9 uma empresa\u00a0multiespecializada, que cria e comercializa produtos e solu\u00e7\u00f5es para o\u00a0dia a dia das pessoas.<\/p>\n<p>Possui um portf\u00f3lio variado, composto por itens voltados para a\u00a0constru\u00e7\u00e3o, que v\u00e3o da funda\u00e7\u00e3o da obra ao acabamento, do item t\u00e9cnico ao de decora\u00e7\u00e3o:<\/p>\n<p>A Astra est\u00e1 em constante evolu\u00e7\u00e3o de suas linhas de produtos, por isso busca cada vez mais o desenvolvimento de itens que priorizem o\u00a0design funcional, com foco em\u00a0praticidade, beleza e bem-estar.<\/p>\n","protected":false},"excerpt":{"rendered":"<p>Arm\u00e1rio W.C (A41) Astra<\/p>\n<p>O Arm\u00e1rio em Pl\u00e1stico pode ser encontrado para sobrepor ou embutir. Conta com espelho e divis\u00f3rias internas para acomodar os objetos para higiene pessoal.<\/p>\n<p>Caracter\u00edsticas:<br \/>\n\u2022 Resistente.<br \/>\n\u2022 De f\u00e1cil limpeza.<br \/>\n\u2022 Acompanha kit de fixa\u00e7\u00e3o.<\/p>\n<p>Uso:<br \/>\nPara guardar os produtos de higiene no banheiro e auxiliar no momento da higiene pessoal.<\/p>\n<p>Dispon\u00edvel nas op\u00e7\u00f5es:<br \/>\n\u2022 Branco, Caramelo e Cinza.<\/p>\n","protected":false},"featured_media":6410,"comment_status":"open","ping_status":"closed","template":"","meta":[],"product_cat":[1097,1100,1852,168],"product_tag":[2453,2452,2446],"_links":{"self":[{"href":"https:\/\/trenaferragens.com.br\/index.php?rest_route=\/wp\/v2\/product\/6409"}],"collection":[{"href":"https:\/\/trenaferragens.com.br\/index.php?rest_route=\/wp\/v2\/product"}],"about":[{"href":"https:\/\/trenaferragens.com.br\/index.php?rest_route=\/wp\/v2\/types\/product"}],"replies":[{"embeddable":true,"href":"https:\/\/trenaferragens.com.br\/index.php?rest_route=%2Fwp%2Fv2%2Fcomments&post=6409"}],"wp:featuredmedia":[{"embeddable":true,"href":"https:\/\/trenaferragens.com.br\/index.php?rest_route=\/wp\/v2\/media\/6410"}],"wp:attachment":[{"href":"https:\/\/trenaferragens.com.br\/index.php?rest_route=%2Fwp%2Fv2%2Fmedia&parent=6409"}],"wp:term":[{"taxonomy":"product_cat","embeddable":true,"href":"https:\/\/trenaferragens.com.br\/index.php?rest_route=%2Fwp%2Fv2%2Fproduct_cat&post=6409"},{"taxonomy":"product_tag","embeddable":true,"href":"https:\/\/trenaferragens.com.br\/index.php?rest_route=%2Fwp%2Fv2%2Fproduct_tag&post=6409"}],"curies":[{"name":"wp","href":"https:\/\/api.w.org\/{rel}","templated":true}]}}