{"id":6415,"date":"2019-08-20T19:02:51","date_gmt":"2019-08-20T19:02:51","guid":{"rendered":"http:\/\/trenaferragens1.hospedagemdesites.ws\/?post_type=product&#038;p=6415"},"modified":"2019-08-20T19:03:45","modified_gmt":"2019-08-20T19:03:45","slug":"armario-w-c-aluminio-sobrepor-lbp16-s-astra","status":"publish","type":"product","link":"https:\/\/trenaferragens.com.br\/?product=armario-w-c-aluminio-sobrepor-lbp16-s-astra","title":{"rendered":"Arm\u00e1rio W.C Alum\u00ednio Sobrepor (LBP16\/S) Astra"},"content":{"rendered":"<p>Arm\u00e1rio W.C Alum\u00ednio Sobrepor (LBP16\/S) Astra<\/p>\n<p>ASTRA<\/p>\n<p>A Astra S\/A Ind\u00fastria e Com\u00e9rcio, fundada em 1957, na cidade de Jundia\u00ed &#8211; a 60km da capital paulista &#8211; \u00e9 uma empresa\u00a0multiespecializada, que cria e comercializa produtos e solu\u00e7\u00f5es para o\u00a0dia a dia das pessoas.<\/p>\n<p>Possui um portf\u00f3lio variado, composto por itens voltados para a\u00a0constru\u00e7\u00e3o, que v\u00e3o da funda\u00e7\u00e3o da obra ao acabamento, do item t\u00e9cnico ao de decora\u00e7\u00e3o:<\/p>\n<p>A Astra est\u00e1 em constante evolu\u00e7\u00e3o de suas linhas de produtos, por isso busca cada vez mais o desenvolvimento de itens que priorizem o\u00a0design funcional, com foco em\u00a0praticidade, beleza e bem-estar.<\/p>\n","protected":false},"excerpt":{"rendered":"<p>Arm\u00e1rio W.C Alum\u00ednio Sobrepor (LBP16\/S) Astra<\/p>\n<p>O Arm\u00e1rio de Alum\u00ednio, da linha Bras\u00edlia Plus, conta com 1 porta, parte interna em pl\u00e1stico e cantoneiras de sobrepor nas portas e nas laterais do arm\u00e1rio, que eliminam os cantos vivos (pontas).<\/p>\n<p>Caracter\u00edsticas:<br \/>\n\u2022 Resistente.<br \/>\n\u2022 F\u00e1cil limpeza.<br \/>\n\u2022 Acompanha kit fixa\u00e7\u00e3o.<br \/>\n\u2022 Excelente trava na porta.<br \/>\n\u2022 Garantia de dois anos (consulte o certificado de garantia).<\/p>\n<p>Uso:<br \/>\nPara organizar os produtos de higiene no banheiro.<\/p>\n<p>Dispon\u00edvel nas op\u00e7\u00f5es:<br \/>\n\u2022 Alum\u00ednio<\/p>\n","protected":false},"featured_media":6413,"comment_status":"open","ping_status":"closed","template":"","meta":[],"product_cat":[1097,1100,1852,168],"product_tag":[2455,2453,2454,2446],"_links":{"self":[{"href":"https:\/\/trenaferragens.com.br\/index.php?rest_route=\/wp\/v2\/product\/6415"}],"collection":[{"href":"https:\/\/trenaferragens.com.br\/index.php?rest_route=\/wp\/v2\/product"}],"about":[{"href":"https:\/\/trenaferragens.com.br\/index.php?rest_route=\/wp\/v2\/types\/product"}],"replies":[{"embeddable":true,"href":"https:\/\/trenaferragens.com.br\/index.php?rest_route=%2Fwp%2Fv2%2Fcomments&post=6415"}],"wp:featuredmedia":[{"embeddable":true,"href":"https:\/\/trenaferragens.com.br\/index.php?rest_route=\/wp\/v2\/media\/6413"}],"wp:attachment":[{"href":"https:\/\/trenaferragens.com.br\/index.php?rest_route=%2Fwp%2Fv2%2Fmedia&parent=6415"}],"wp:term":[{"taxonomy":"product_cat","embeddable":true,"href":"https:\/\/trenaferragens.com.br\/index.php?rest_route=%2Fwp%2Fv2%2Fproduct_cat&post=6415"},{"taxonomy":"product_tag","embeddable":true,"href":"https:\/\/trenaferragens.com.br\/index.php?rest_route=%2Fwp%2Fv2%2Fproduct_tag&post=6415"}],"curies":[{"name":"wp","href":"https:\/\/api.w.org\/{rel}","templated":true}]}}