{"id":6416,"date":"2019-08-20T19:05:30","date_gmt":"2019-08-20T19:05:30","guid":{"rendered":"http:\/\/trenaferragens1.hospedagemdesites.ws\/?post_type=product&#038;p=6416"},"modified":"2019-08-20T19:09:33","modified_gmt":"2019-08-20T19:09:33","slug":"assento-talento-oval-branco-tto-pp-astra","status":"publish","type":"product","link":"https:\/\/trenaferragens.com.br\/?product=assento-talento-oval-branco-tto-pp-astra","title":{"rendered":"Assento Talento Oval Branco TTO\/PP Astra"},"content":{"rendered":"<p>Assento Talento Oval Branco TTO\/PP Astra<\/p>\n<p>ASTRA<\/p>\n<p>A Astra S\/A Ind\u00fastria e Com\u00e9rcio, fundada em 1957, na cidade de Jundia\u00ed &#8211; a 60km da capital paulista &#8211; \u00e9 uma empresa\u00a0multiespecializada, que cria e comercializa produtos e solu\u00e7\u00f5es para o\u00a0dia a dia das pessoas.<\/p>\n<p>Possui um portf\u00f3lio variado, composto por itens voltados para a\u00a0constru\u00e7\u00e3o, que v\u00e3o da funda\u00e7\u00e3o da obra ao acabamento, do item t\u00e9cnico ao de decora\u00e7\u00e3o:<\/p>\n<p>A Astra est\u00e1 em constante evolu\u00e7\u00e3o de suas linhas de produtos, por isso busca cada vez mais o desenvolvimento de itens que priorizem o\u00a0design funcional, com foco em\u00a0praticidade, beleza e bem-estar.<\/p>\n","protected":false},"excerpt":{"rendered":"<p>Assento Talento Oval Branco TTO\/PP Astra<\/p>\n<p>Assentos sanit\u00e1rios com arco r\u00edgido e tampa de cobertura total ou parcial. Os modelos possuem aditivo antibact\u00e9ria, que evita a prolifera\u00e7\u00e3o de microorganismos.<\/p>\n<p>Caracter\u00edsticas:<br \/>\n\u2022 Arco r\u00edgido (injetado).<br \/>\n\u2022 Arco, tampo e fixa\u00e7\u00e3o regul\u00e1vel produzidos em polipropileno.<br \/>\n\u2022 Resistente e de f\u00e1cil limpeza.<br \/>\n\u2022 Com batedores r\u00edgidos ou flex\u00edveis, dependendo da vers\u00e3o.<br \/>\n\u2022 Com tampo de cobertura total ou parcial, dependendo da vers\u00e3o.<br \/>\n\u2022 Diversas op\u00e7\u00f5es de cores, que combinam perfeitamente com a tonalidade da lou\u00e7a.<\/p>\n<p>Uso:<br \/>\nIndicados apenas para lou\u00e7as ovais.<\/p>\n","protected":false},"featured_media":6417,"comment_status":"open","ping_status":"closed","template":"","meta":[],"product_cat":[1097,1852,168],"product_tag":[2456,2457,2458,2446],"_links":{"self":[{"href":"https:\/\/trenaferragens.com.br\/index.php?rest_route=\/wp\/v2\/product\/6416"}],"collection":[{"href":"https:\/\/trenaferragens.com.br\/index.php?rest_route=\/wp\/v2\/product"}],"about":[{"href":"https:\/\/trenaferragens.com.br\/index.php?rest_route=\/wp\/v2\/types\/product"}],"replies":[{"embeddable":true,"href":"https:\/\/trenaferragens.com.br\/index.php?rest_route=%2Fwp%2Fv2%2Fcomments&post=6416"}],"wp:featuredmedia":[{"embeddable":true,"href":"https:\/\/trenaferragens.com.br\/index.php?rest_route=\/wp\/v2\/media\/6417"}],"wp:attachment":[{"href":"https:\/\/trenaferragens.com.br\/index.php?rest_route=%2Fwp%2Fv2%2Fmedia&parent=6416"}],"wp:term":[{"taxonomy":"product_cat","embeddable":true,"href":"https:\/\/trenaferragens.com.br\/index.php?rest_route=%2Fwp%2Fv2%2Fproduct_cat&post=6416"},{"taxonomy":"product_tag","embeddable":true,"href":"https:\/\/trenaferragens.com.br\/index.php?rest_route=%2Fwp%2Fv2%2Fproduct_tag&post=6416"}],"curies":[{"name":"wp","href":"https:\/\/api.w.org\/{rel}","templated":true}]}}