{"id":6418,"date":"2019-08-20T19:10:14","date_gmt":"2019-08-20T19:10:14","guid":{"rendered":"http:\/\/trenaferragens1.hospedagemdesites.ws\/?post_type=product&#038;p=6418"},"modified":"2019-08-20T19:13:13","modified_gmt":"2019-08-20T19:13:13","slug":"assento-vaso-infantil-bran-astra","status":"publish","type":"product","link":"https:\/\/trenaferragens.com.br\/?product=assento-vaso-infantil-bran-astra","title":{"rendered":"Assento Vaso Infantil BRAN Astra"},"content":{"rendered":"<p>Assento Vaso Infantil BRAN Astra<\/p>\n<p>ASTRA<\/p>\n<p>A Astra S\/A Ind\u00fastria e Com\u00e9rcio, fundada em 1957, na cidade de Jundia\u00ed &#8211; a 60km da capital paulista &#8211; \u00e9 uma empresa\u00a0multiespecializada, que cria e comercializa produtos e solu\u00e7\u00f5es para o\u00a0dia a dia das pessoas.<\/p>\n<p>Possui um portf\u00f3lio variado, composto por itens voltados para a\u00a0constru\u00e7\u00e3o, que v\u00e3o da funda\u00e7\u00e3o da obra ao acabamento, do item t\u00e9cnico ao de decora\u00e7\u00e3o:<\/p>\n<p>A Astra est\u00e1 em constante evolu\u00e7\u00e3o de suas linhas de produtos, por isso busca cada vez mais o desenvolvimento de itens que priorizem o\u00a0design funcional, com foco em\u00a0praticidade, beleza e bem-estar.<\/p>\n","protected":false},"excerpt":{"rendered":"<p>Assento Vaso Infantil BRAN Astra<\/p>\n<p>Os Assentos para Lou\u00e7as Infantis foram desenvolvidos para se adequarem \u00e0s lou\u00e7as sanit\u00e1rias infantis dispon\u00edveis no mercado, proporcionando maior conforto e seguran\u00e7a \u00e0s crian\u00e7as ou pessoas com nanismo.<\/p>\n<p>Caracter\u00edsticas:<br \/>\n\u2022 Dispon\u00edvel em duas vers\u00f5es: soprado (comum) e almofadado.<br \/>\n\u2022 Superf\u00edcie lisa: evita o ac\u00famulo de sujeira.<br \/>\n\u2022 Vers\u00e3o almofadada possui prote\u00e7\u00e3o contra fungos e bact\u00e9rias.<br \/>\n\u2022 Compat\u00edveis com as principais lou\u00e7as infantis do mercado.<\/p>\n<p>Uso:<br \/>\n\u2022 Produto indicado exclusivamente para uso em lou\u00e7a sanit\u00e1ria infantil.<br \/>\n\u2022 Recomendado para uso residencial. Para estabelecimentos p\u00fablicos ou privados de uso comum, deve-se seguir a norma ABNT NBR 9050:2015.<br \/>\n\u2022 Cabe a cada usu\u00e1rio avaliar a sua necessidade para identificar os produtos Astra mais adequados ao seu caso, analisando as especifica\u00e7\u00f5es t\u00e9cnicas dos itens e buscando orienta\u00e7\u00e3o profissional, se for preciso.<\/p>\n","protected":false},"featured_media":6419,"comment_status":"open","ping_status":"closed","template":"","meta":[],"product_cat":[1097,1852,168],"product_tag":[2456,2457,2459,2446],"_links":{"self":[{"href":"https:\/\/trenaferragens.com.br\/index.php?rest_route=\/wp\/v2\/product\/6418"}],"collection":[{"href":"https:\/\/trenaferragens.com.br\/index.php?rest_route=\/wp\/v2\/product"}],"about":[{"href":"https:\/\/trenaferragens.com.br\/index.php?rest_route=\/wp\/v2\/types\/product"}],"replies":[{"embeddable":true,"href":"https:\/\/trenaferragens.com.br\/index.php?rest_route=%2Fwp%2Fv2%2Fcomments&post=6418"}],"wp:featuredmedia":[{"embeddable":true,"href":"https:\/\/trenaferragens.com.br\/index.php?rest_route=\/wp\/v2\/media\/6419"}],"wp:attachment":[{"href":"https:\/\/trenaferragens.com.br\/index.php?rest_route=%2Fwp%2Fv2%2Fmedia&parent=6418"}],"wp:term":[{"taxonomy":"product_cat","embeddable":true,"href":"https:\/\/trenaferragens.com.br\/index.php?rest_route=%2Fwp%2Fv2%2Fproduct_cat&post=6418"},{"taxonomy":"product_tag","embeddable":true,"href":"https:\/\/trenaferragens.com.br\/index.php?rest_route=%2Fwp%2Fv2%2Fproduct_tag&post=6418"}],"curies":[{"name":"wp","href":"https:\/\/api.w.org\/{rel}","templated":true}]}}