{"id":6420,"date":"2019-08-20T19:13:25","date_gmt":"2019-08-20T19:13:25","guid":{"rendered":"http:\/\/trenaferragens1.hospedagemdesites.ws\/?post_type=product&#038;p=6420"},"modified":"2019-08-20T19:21:00","modified_gmt":"2019-08-20T19:21:00","slug":"assento-vaso-almofadado-avalon-astra","status":"publish","type":"product","link":"https:\/\/trenaferragens.com.br\/?product=assento-vaso-almofadado-avalon-astra","title":{"rendered":"Assento Vaso Almofadado Avalon Astra"},"content":{"rendered":"<p>Assento Vaso Almofadado Avalon Astra<\/p>\n<p>ASTRA<\/p>\n<p>A Astra S\/A Ind\u00fastria e Com\u00e9rcio, fundada em 1957, na cidade de Jundia\u00ed &#8211; a 60km da capital paulista &#8211; \u00e9 uma empresa\u00a0multiespecializada, que cria e comercializa produtos e solu\u00e7\u00f5es para o\u00a0dia a dia das pessoas.<\/p>\n<p>Possui um portf\u00f3lio variado, composto por itens voltados para a\u00a0constru\u00e7\u00e3o, que v\u00e3o da funda\u00e7\u00e3o da obra ao acabamento, do item t\u00e9cnico ao de decora\u00e7\u00e3o:<\/p>\n<p>A Astra est\u00e1 em constante evolu\u00e7\u00e3o de suas linhas de produtos, por isso busca cada vez mais o desenvolvimento de itens que priorizem o\u00a0design funcional, com foco em\u00a0praticidade, beleza e bem-estar.<\/p>\n","protected":false},"excerpt":{"rendered":"<p>Assento Vaso Almofadado Avalon Astra<\/p>\n<p>Assento sanit\u00e1rio para a lou\u00e7a Avalon, da marca Ideal Standard.<\/p>\n<p>Caracter\u00edsticas:<br \/>\n\u2022 Fidelidade de cor e design da lou\u00e7a.<br \/>\n\u2022 Op\u00e7\u00e3o de acabamento: almofadado.<\/p>\n<p>Uso:<br \/>\nIndicado para instala\u00e7\u00e3o na lou\u00e7a Avalon, da marca Ideal Standard. Caso n\u00e3o consiga identificar o modelo da lou\u00e7a, recomenda-se medir a pe\u00e7a (entre furos, comprimento e largura) antes de adquirir o assento sanit\u00e1rio. Instalado sobre o vaso sanit\u00e1rio para conferir maior conforto.<\/p>\n","protected":false},"featured_media":6421,"comment_status":"open","ping_status":"closed","template":"","meta":[],"product_cat":[1097,1852,168],"product_tag":[2456,2457,2460,2446],"_links":{"self":[{"href":"https:\/\/trenaferragens.com.br\/index.php?rest_route=\/wp\/v2\/product\/6420"}],"collection":[{"href":"https:\/\/trenaferragens.com.br\/index.php?rest_route=\/wp\/v2\/product"}],"about":[{"href":"https:\/\/trenaferragens.com.br\/index.php?rest_route=\/wp\/v2\/types\/product"}],"replies":[{"embeddable":true,"href":"https:\/\/trenaferragens.com.br\/index.php?rest_route=%2Fwp%2Fv2%2Fcomments&post=6420"}],"wp:featuredmedia":[{"embeddable":true,"href":"https:\/\/trenaferragens.com.br\/index.php?rest_route=\/wp\/v2\/media\/6421"}],"wp:attachment":[{"href":"https:\/\/trenaferragens.com.br\/index.php?rest_route=%2Fwp%2Fv2%2Fmedia&parent=6420"}],"wp:term":[{"taxonomy":"product_cat","embeddable":true,"href":"https:\/\/trenaferragens.com.br\/index.php?rest_route=%2Fwp%2Fv2%2Fproduct_cat&post=6420"},{"taxonomy":"product_tag","embeddable":true,"href":"https:\/\/trenaferragens.com.br\/index.php?rest_route=%2Fwp%2Fv2%2Fproduct_tag&post=6420"}],"curies":[{"name":"wp","href":"https:\/\/api.w.org\/{rel}","templated":true}]}}