{"id":6424,"date":"2019-08-20T19:36:08","date_gmt":"2019-08-20T19:36:08","guid":{"rendered":"http:\/\/trenaferragens1.hospedagemdesites.ws\/?post_type=product&#038;p=6424"},"modified":"2019-08-20T19:38:11","modified_gmt":"2019-08-20T19:38:11","slug":"assento-vaso-almofadado-carrara-astra","status":"publish","type":"product","link":"https:\/\/trenaferragens.com.br\/?product=assento-vaso-almofadado-carrara-astra","title":{"rendered":"Assento Vaso Almofadado Carrara Astra"},"content":{"rendered":"<p>Assento Vaso Almofadado Carrara Astra<\/p>\n<p>ASTRA<\/p>\n<p>A Astra S\/A Ind\u00fastria e Com\u00e9rcio, fundada em 1957, na cidade de Jundia\u00ed &#8211; a 60km da capital paulista &#8211; \u00e9 uma empresa\u00a0multiespecializada, que cria e comercializa produtos e solu\u00e7\u00f5es para o\u00a0dia a dia das pessoas.<\/p>\n<p>Possui um portf\u00f3lio variado, composto por itens voltados para a\u00a0constru\u00e7\u00e3o, que v\u00e3o da funda\u00e7\u00e3o da obra ao acabamento, do item t\u00e9cnico ao de decora\u00e7\u00e3o:<\/p>\n<p>A Astra est\u00e1 em constante evolu\u00e7\u00e3o de suas linhas de produtos, por isso busca cada vez mais o desenvolvimento de itens que priorizem o\u00a0design funcional, com foco em\u00a0praticidade, beleza e bem-estar.<\/p>\n","protected":false},"excerpt":{"rendered":"<p>Assento Vaso Almofadado Carrara Astra<\/p>\n<p>Assento sanit\u00e1rio para a lou\u00e7a Carrara, da marca Deca. Dispon\u00edvel em diversas vers\u00f5es de acabamento.<\/p>\n<p>Caracter\u00edsticas:<br \/>\n\u2022 Fidelidade de cor e design da lou\u00e7a.<br \/>\n\u2022 Diversas op\u00e7\u00f5es de acabamento: almofadado e madeira.<\/p>\n<p>Uso:<br \/>\nIndicado para instala\u00e7\u00e3o na lou\u00e7a Carrara, da marca Deca. Caso n\u00e3o consiga identificar o modelo da lou\u00e7a, recomenda-se medir a pe\u00e7a (entre furos, comprimento e largura) antes de adquirir o assento sanit\u00e1rio.<\/p>\n","protected":false},"featured_media":6425,"comment_status":"open","ping_status":"closed","template":"","meta":[],"product_cat":[1097,1852,168],"product_tag":[2456,2457,2462,2446],"_links":{"self":[{"href":"https:\/\/trenaferragens.com.br\/index.php?rest_route=\/wp\/v2\/product\/6424"}],"collection":[{"href":"https:\/\/trenaferragens.com.br\/index.php?rest_route=\/wp\/v2\/product"}],"about":[{"href":"https:\/\/trenaferragens.com.br\/index.php?rest_route=\/wp\/v2\/types\/product"}],"replies":[{"embeddable":true,"href":"https:\/\/trenaferragens.com.br\/index.php?rest_route=%2Fwp%2Fv2%2Fcomments&post=6424"}],"wp:featuredmedia":[{"embeddable":true,"href":"https:\/\/trenaferragens.com.br\/index.php?rest_route=\/wp\/v2\/media\/6425"}],"wp:attachment":[{"href":"https:\/\/trenaferragens.com.br\/index.php?rest_route=%2Fwp%2Fv2%2Fmedia&parent=6424"}],"wp:term":[{"taxonomy":"product_cat","embeddable":true,"href":"https:\/\/trenaferragens.com.br\/index.php?rest_route=%2Fwp%2Fv2%2Fproduct_cat&post=6424"},{"taxonomy":"product_tag","embeddable":true,"href":"https:\/\/trenaferragens.com.br\/index.php?rest_route=%2Fwp%2Fv2%2Fproduct_tag&post=6424"}],"curies":[{"name":"wp","href":"https:\/\/api.w.org\/{rel}","templated":true}]}}