{"id":6430,"date":"2019-08-20T20:22:23","date_gmt":"2019-08-20T20:22:23","guid":{"rendered":"http:\/\/trenaferragens1.hospedagemdesites.ws\/?post_type=product&#038;p=6430"},"modified":"2019-08-20T20:33:08","modified_gmt":"2019-08-20T20:33:08","slug":"assento-vaso-almofadado-comum-astra","status":"publish","type":"product","link":"https:\/\/trenaferragens.com.br\/?product=assento-vaso-almofadado-comum-astra","title":{"rendered":"Assento Vaso Almofadado Comum Astra"},"content":{"rendered":"<p>Assento Vaso Almofadado Comum Astra<\/p>\n<p>ASTRA<\/p>\n<p>A Astra S\/A Ind\u00fastria e Com\u00e9rcio, fundada em 1957, na cidade de Jundia\u00ed &#8211; a 60km da capital paulista &#8211; \u00e9 uma empresa\u00a0multiespecializada, que cria e comercializa produtos e solu\u00e7\u00f5es para o\u00a0dia a dia das pessoas.<\/p>\n<p>Possui um portf\u00f3lio variado, composto por itens voltados para a\u00a0constru\u00e7\u00e3o, que v\u00e3o da funda\u00e7\u00e3o da obra ao acabamento, do item t\u00e9cnico ao de decora\u00e7\u00e3o:<\/p>\n<p>A Astra est\u00e1 em constante evolu\u00e7\u00e3o de suas linhas de produtos, por isso busca cada vez mais o desenvolvimento de itens que priorizem o\u00a0design funcional, com foco em\u00a0praticidade, beleza e bem-estar.<\/p>\n","protected":false},"excerpt":{"rendered":"<p>Assento Vaso Almofadado Comum Astra<\/p>\n<p>Os Assentos Almofadados oferecem maciez, contam com arco liso e sobretampa brilhante de cobertura total, al\u00e9m de prote\u00e7\u00e3o bactericida. Dispon\u00edveis em quatro vers\u00f5es.<\/p>\n<p>Caracter\u00edsticas:<br \/>\n\u2022 Para lou\u00e7as ovais.<br \/>\n\u2022 Prote\u00e7\u00e3o contra fungos e bact\u00e9rias.<br \/>\n\u2022 Fechamento suave do arco e do tampo.<br \/>\n\u2022 Mant\u00e9m o arco e o tampo do assento em p\u00e9.<br \/>\n\u2022 Macio: arco almofadado.<br \/>\n\u2022 Fixa\u00e7\u00e3o regul\u00e1vel: assento se encaixa perfeitamente na lou\u00e7a.<br \/>\n\u2022 F\u00e1cil limpeza: higi\u00eanico e n\u00e3o acumula sujeira.<br \/>\n\u2022 Fidelidade de design e cor.<br \/>\n\u2022 Quatro vers\u00f5es:<br \/>\n&#8211; Almofadado com mais de 30 op\u00e7\u00f5es de cores.<br \/>\n&#8211; Almofadado refor\u00e7ado, com 7 op\u00e7\u00f5es de cores.<br \/>\n&#8211; Almofadado com vers\u00e3o decorada.<br \/>\n&#8211; Almofadado perfumado (com aroma floral), na cor branca.<\/p>\n<p>Uso:<br \/>\nO assento almofadado Astra \u00e9 indicado apenas para lou\u00e7as ovais, conhecidas como lou\u00e7as comuns ou convencionais.<\/p>\n<p>\u2022\u00a0Almofadado tradicional:\u00a0variedade de cores permite que o produto seja usado para compor a decora\u00e7\u00e3o do banheiro, combinando com outros acess\u00f3rios.<br \/>\n\u2022\u00a0Almofadado refor\u00e7ado:\u00a0conhecido como Almofad\u00e3o, \u00e9 indicado para quem deseja ainda mais conforto.<br \/>\n\u2022\u00a0Almofadado decorado:\u00a0Assento almofadado decorado produzido atrav\u00e9s do processo Mold in Label onde a estampa \u00e9 injetada junto com a tampa do assento, resultando em um acabamento perfeito e sem relevo. N\u00e3o \u00e9 adesivo decorado!<br \/>\n\u2022\u00a0Almofadado perfumado:\u00a0aroma floral ajuda a afastar maus odores e confere um ar de limpeza ao ambiente. N\u00e3o \u00e9 indicado para pessoas al\u00e9rgicas a cheiros.<\/p>\n","protected":false},"featured_media":6431,"comment_status":"open","ping_status":"closed","template":"","meta":[],"product_cat":[1097,1852,168],"product_tag":[2456,2457,2465,2446],"_links":{"self":[{"href":"https:\/\/trenaferragens.com.br\/index.php?rest_route=\/wp\/v2\/product\/6430"}],"collection":[{"href":"https:\/\/trenaferragens.com.br\/index.php?rest_route=\/wp\/v2\/product"}],"about":[{"href":"https:\/\/trenaferragens.com.br\/index.php?rest_route=\/wp\/v2\/types\/product"}],"replies":[{"embeddable":true,"href":"https:\/\/trenaferragens.com.br\/index.php?rest_route=%2Fwp%2Fv2%2Fcomments&post=6430"}],"wp:featuredmedia":[{"embeddable":true,"href":"https:\/\/trenaferragens.com.br\/index.php?rest_route=\/wp\/v2\/media\/6431"}],"wp:attachment":[{"href":"https:\/\/trenaferragens.com.br\/index.php?rest_route=%2Fwp%2Fv2%2Fmedia&parent=6430"}],"wp:term":[{"taxonomy":"product_cat","embeddable":true,"href":"https:\/\/trenaferragens.com.br\/index.php?rest_route=%2Fwp%2Fv2%2Fproduct_cat&post=6430"},{"taxonomy":"product_tag","embeddable":true,"href":"https:\/\/trenaferragens.com.br\/index.php?rest_route=%2Fwp%2Fv2%2Fproduct_tag&post=6430"}],"curies":[{"name":"wp","href":"https:\/\/api.w.org\/{rel}","templated":true}]}}