{"id":6434,"date":"2019-08-20T20:33:27","date_gmt":"2019-08-20T20:33:27","guid":{"rendered":"http:\/\/trenaferragens1.hospedagemdesites.ws\/?post_type=product&#038;p=6434"},"modified":"2019-08-21T17:10:02","modified_gmt":"2019-08-21T17:10:02","slug":"barra-de-apoio-pvc-40cm-astra","status":"publish","type":"product","link":"https:\/\/trenaferragens.com.br\/?product=barra-de-apoio-pvc-40cm-astra","title":{"rendered":"Barra de Apoio PVC 40cm Astra"},"content":{"rendered":"<p>Barra de Apoio PVC 40cm Astra<\/p>\n<p>ASTRA<\/p>\n<p>A Astra S\/A Ind\u00fastria e Com\u00e9rcio, fundada em 1957, na cidade de Jundia\u00ed &#8211; a 60km da capital paulista &#8211; \u00e9 uma empresa\u00a0multiespecializada, que cria e comercializa produtos e solu\u00e7\u00f5es para o\u00a0dia a dia das pessoas.<\/p>\n<p>Possui um portf\u00f3lio variado, composto por itens voltados para a\u00a0constru\u00e7\u00e3o, que v\u00e3o da funda\u00e7\u00e3o da obra ao acabamento, do item t\u00e9cnico ao de decora\u00e7\u00e3o:<\/p>\n<p>A Astra est\u00e1 em constante evolu\u00e7\u00e3o de suas linhas de produtos, por isso busca cada vez mais o desenvolvimento de itens que priorizem o\u00a0design funcional, com foco em\u00a0praticidade, beleza e bem-estar.<\/p>\n","protected":false},"excerpt":{"rendered":"<p>Barra de Apoio PVC 40cm Astra<\/p>\n<p>As Barras de Apoio Retas s\u00e3o fabricadas em PVC e indicadas para pessoas com defici\u00eancia, mobilidade reduzida, gestantes e idosos, servindo como al\u00e7a ou alavanca para ajudar o usu\u00e1rio a se apoiar e levantar. Suportam 150 kg, est\u00e3o dispon\u00edveis em v\u00e1rios tamanhos e proporcionam maior estabilidade e seguran\u00e7a, evitando acidentes e diminuindo o risco de queda.<\/p>\n<p>Caracter\u00edsticas:<br \/>\n\u2022 Resistente: suporta 150 kg.<br \/>\n\u2022 Fabricada em PVC com estrutura interna refor\u00e7ada.<br \/>\n\u2022 F\u00e1cil de limpar.<br \/>\n\u2022 Antideslizante.<br \/>\n\u2022 Sensa\u00e7\u00e3o t\u00e9rmica confort\u00e1vel.<br \/>\n\u2022 Proporciona maior estabilidade e seguran\u00e7a.<br \/>\n\u2022 Evita acidentes e diminui o risco de queda.<br \/>\n\u2022 Acompanha kit de fixa\u00e7\u00e3o em a\u00e7o inox 304: n\u00e3o enferruja.<br \/>\n\u2022 Parafusos n\u00e3o ficam aparentes: acompanha canopla para acabamento.<br \/>\n\u2022 Indicada para ambientes internos.<br \/>\n\u2022 Garantia de cinco anos (consulte o certificado de garantia).<\/p>\n<p>Uso:<br \/>\n\u2022 Pode ser instalada na \u00e1rea do banho ou onde houver necessidade de apoio, como escadas, rampa de acesso, \u00e1reas potencialmente escorregadias, entre outras.<br \/>\n\u2022 Recomendada apenas para ambientes internos.<br \/>\n\u2022 Para instala\u00e7\u00e3o em ambientes p\u00fablicos ou privados de uso comum, deve-se seguir os requisitos da norma ABNT NBR 9050:2015.<br \/>\n\u2022 Indicada para qualquer pessoa que precise ou deseje ter mais seguran\u00e7a em casa, especialmente pessoas com defici\u00eancia, mobilidade reduzida, em processo p\u00f3s-operat\u00f3rio, gestantes, idosos e crian\u00e7as.<br \/>\n\u2022 Cabe a cada usu\u00e1rio avaliar a sua necessidade para identificar os produtos Astra mais adequados ao seu caso, analisando as especifica\u00e7\u00f5es t\u00e9cnicas dos itens e buscando orienta\u00e7\u00e3o profissional, se for preciso.<\/p>\n","protected":false},"featured_media":6437,"comment_status":"open","ping_status":"closed","template":"","meta":[],"product_cat":[1097,1852,168],"product_tag":[2446,778],"_links":{"self":[{"href":"https:\/\/trenaferragens.com.br\/index.php?rest_route=\/wp\/v2\/product\/6434"}],"collection":[{"href":"https:\/\/trenaferragens.com.br\/index.php?rest_route=\/wp\/v2\/product"}],"about":[{"href":"https:\/\/trenaferragens.com.br\/index.php?rest_route=\/wp\/v2\/types\/product"}],"replies":[{"embeddable":true,"href":"https:\/\/trenaferragens.com.br\/index.php?rest_route=%2Fwp%2Fv2%2Fcomments&post=6434"}],"wp:featuredmedia":[{"embeddable":true,"href":"https:\/\/trenaferragens.com.br\/index.php?rest_route=\/wp\/v2\/media\/6437"}],"wp:attachment":[{"href":"https:\/\/trenaferragens.com.br\/index.php?rest_route=%2Fwp%2Fv2%2Fmedia&parent=6434"}],"wp:term":[{"taxonomy":"product_cat","embeddable":true,"href":"https:\/\/trenaferragens.com.br\/index.php?rest_route=%2Fwp%2Fv2%2Fproduct_cat&post=6434"},{"taxonomy":"product_tag","embeddable":true,"href":"https:\/\/trenaferragens.com.br\/index.php?rest_route=%2Fwp%2Fv2%2Fproduct_tag&post=6434"}],"curies":[{"name":"wp","href":"https:\/\/api.w.org\/{rel}","templated":true}]}}