{"id":6439,"date":"2019-08-21T17:14:42","date_gmt":"2019-08-21T17:14:42","guid":{"rendered":"http:\/\/trenaferragens1.hospedagemdesites.ws\/?post_type=product&#038;p=6439"},"modified":"2019-08-21T17:29:02","modified_gmt":"2019-08-21T17:29:02","slug":"boia-bebedouro-1-2-tbb1-astra","status":"publish","type":"product","link":"https:\/\/trenaferragens.com.br\/?product=boia-bebedouro-1-2-tbb1-astra","title":{"rendered":"Boia Bebedouro 1\/2 (TBB1) Astra"},"content":{"rendered":"<p>Boia Bebedouro 1\/2 (TBB1) Astra<\/p>\n<p>ASTRA<\/p>\n<p>A Astra S\/A Ind\u00fastria e Com\u00e9rcio, fundada em 1957, na cidade de Jundia\u00ed &#8211; a 60km da capital paulista &#8211; \u00e9 uma empresa\u00a0multiespecializada, que cria e comercializa produtos e solu\u00e7\u00f5es para o\u00a0dia a dia das pessoas.<\/p>\n<p>Possui um portf\u00f3lio variado, composto por itens voltados para a\u00a0constru\u00e7\u00e3o, que v\u00e3o da funda\u00e7\u00e3o da obra ao acabamento, do item t\u00e9cnico ao de decora\u00e7\u00e3o:<\/p>\n<p>A Astra est\u00e1 em constante evolu\u00e7\u00e3o de suas linhas de produtos, por isso busca cada vez mais o desenvolvimento de itens que priorizem o\u00a0design funcional, com foco em\u00a0praticidade, beleza e bem-estar.<\/p>\n","protected":false},"excerpt":{"rendered":"<p>Boia Bebedouro 1\/2 (TBB1) Astra<\/p>\n<p>As Torneiras de Boia s\u00e3o fabricadas em alum\u00ednio ou lat\u00e3o e controlam automaticamente o enchimento de reservat\u00f3rios, como caixas d\u2019\u00e1gua, fechando a alimenta\u00e7\u00e3o de \u00e1gua ap\u00f3s atingir o n\u00edvel do tanque.<\/p>\n<p>Caracter\u00edsticas:<\/p>\n<p>\u2022 Haste fabricada em alum\u00ednio ou lat\u00e3o.<br \/>\n\u2022 Press\u00e3o de trabalho: 2 a 100m.c.a. e 2 a 40m.c.a. (modelo para bebedouro).<br \/>\n\u2022 Entradas de 1&#8243;, 1\/2&#8243; e 3\/4&#8243; (dependendo do modelo).<br \/>\n\u2022 Comprimento da haste: 25 cm (haste de lat\u00e3o) e 19 cm (haste de alum\u00ednio).<\/p>\n<p>Uso:<br \/>\nIndicado para caixas d\u2019\u00e1gua, reservat\u00f3rios e bebedouros.<\/p>\n","protected":false},"featured_media":6440,"comment_status":"open","ping_status":"closed","template":"","meta":[],"product_cat":[1097,1852,168],"product_tag":[2446,2467,2469,2466],"_links":{"self":[{"href":"https:\/\/trenaferragens.com.br\/index.php?rest_route=\/wp\/v2\/product\/6439"}],"collection":[{"href":"https:\/\/trenaferragens.com.br\/index.php?rest_route=\/wp\/v2\/product"}],"about":[{"href":"https:\/\/trenaferragens.com.br\/index.php?rest_route=\/wp\/v2\/types\/product"}],"replies":[{"embeddable":true,"href":"https:\/\/trenaferragens.com.br\/index.php?rest_route=%2Fwp%2Fv2%2Fcomments&post=6439"}],"wp:featuredmedia":[{"embeddable":true,"href":"https:\/\/trenaferragens.com.br\/index.php?rest_route=\/wp\/v2\/media\/6440"}],"wp:attachment":[{"href":"https:\/\/trenaferragens.com.br\/index.php?rest_route=%2Fwp%2Fv2%2Fmedia&parent=6439"}],"wp:term":[{"taxonomy":"product_cat","embeddable":true,"href":"https:\/\/trenaferragens.com.br\/index.php?rest_route=%2Fwp%2Fv2%2Fproduct_cat&post=6439"},{"taxonomy":"product_tag","embeddable":true,"href":"https:\/\/trenaferragens.com.br\/index.php?rest_route=%2Fwp%2Fv2%2Fproduct_tag&post=6439"}],"curies":[{"name":"wp","href":"https:\/\/api.w.org\/{rel}","templated":true}]}}