{"id":6450,"date":"2019-08-21T17:50:44","date_gmt":"2019-08-21T17:50:44","guid":{"rendered":"http:\/\/trenaferragens1.hospedagemdesites.ws\/?post_type=product&#038;p=6450"},"modified":"2019-08-21T17:52:38","modified_gmt":"2019-08-21T17:52:38","slug":"bolsa-preta-4-saida-vaso-bs4-astra","status":"publish","type":"product","link":"https:\/\/trenaferragens.com.br\/?product=bolsa-preta-4-saida-vaso-bs4-astra","title":{"rendered":"Bolsa Preta 4 Sa\u00edda Vaso (BS4) Astra"},"content":{"rendered":"<p>Bolsa Preta 4 Sa\u00edda Vaso (BS4) Astra<\/p>\n<p>ASTRA<\/p>\n<p>A Astra S\/A Ind\u00fastria e Com\u00e9rcio, fundada em 1957, na cidade de Jundia\u00ed &#8211; a 60km da capital paulista &#8211; \u00e9 uma empresa\u00a0multiespecializada, que cria e comercializa produtos e solu\u00e7\u00f5es para o\u00a0dia a dia das pessoas.<\/p>\n<p>Possui um portf\u00f3lio variado, composto por itens voltados para a\u00a0constru\u00e7\u00e3o, que v\u00e3o da funda\u00e7\u00e3o da obra ao acabamento, do item t\u00e9cnico ao de decora\u00e7\u00e3o:<\/p>\n<p>A Astra est\u00e1 em constante evolu\u00e7\u00e3o de suas linhas de produtos, por isso busca cada vez mais o desenvolvimento de itens que priorizem o\u00a0design funcional, com foco em\u00a0praticidade, beleza e bem-estar.<\/p>\n","protected":false},"excerpt":{"rendered":"<p>Bolsa Preta 4 Sa\u00edda Vaso (BS4) Astra<\/p>\n<p>Bolsas de liga\u00e7\u00e3o para sa\u00edda de bacias convencionais.<\/p>\n<p>Caracter\u00edsticas:<br \/>\n\u2022 Seguras e de f\u00e1cil instala\u00e7\u00e3o.<br \/>\n\u2022 Evitam vazamentos e problemas hidr\u00e1ulicos.<\/p>\n<p>Uso:<br \/>\nLiga a sa\u00edda da bacia na entrada de esgoto.<\/p>\n<p>Indica\u00e7\u00e3o\/Modelo:<br \/>\nPara bacia com sa\u00edda vertical<\/p>\n","protected":false},"featured_media":6451,"comment_status":"open","ping_status":"closed","template":"","meta":[],"product_cat":[1097,1852,168],"product_tag":[2446,2475,2476],"_links":{"self":[{"href":"https:\/\/trenaferragens.com.br\/index.php?rest_route=\/wp\/v2\/product\/6450"}],"collection":[{"href":"https:\/\/trenaferragens.com.br\/index.php?rest_route=\/wp\/v2\/product"}],"about":[{"href":"https:\/\/trenaferragens.com.br\/index.php?rest_route=\/wp\/v2\/types\/product"}],"replies":[{"embeddable":true,"href":"https:\/\/trenaferragens.com.br\/index.php?rest_route=%2Fwp%2Fv2%2Fcomments&post=6450"}],"wp:featuredmedia":[{"embeddable":true,"href":"https:\/\/trenaferragens.com.br\/index.php?rest_route=\/wp\/v2\/media\/6451"}],"wp:attachment":[{"href":"https:\/\/trenaferragens.com.br\/index.php?rest_route=%2Fwp%2Fv2%2Fmedia&parent=6450"}],"wp:term":[{"taxonomy":"product_cat","embeddable":true,"href":"https:\/\/trenaferragens.com.br\/index.php?rest_route=%2Fwp%2Fv2%2Fproduct_cat&post=6450"},{"taxonomy":"product_tag","embeddable":true,"href":"https:\/\/trenaferragens.com.br\/index.php?rest_route=%2Fwp%2Fv2%2Fproduct_tag&post=6450"}],"curies":[{"name":"wp","href":"https:\/\/api.w.org\/{rel}","templated":true}]}}