{"id":6454,"date":"2019-08-21T17:56:23","date_gmt":"2019-08-21T17:56:23","guid":{"rendered":"http:\/\/trenaferragens1.hospedagemdesites.ws\/?post_type=product&#038;p=6454"},"modified":"2019-08-21T17:59:48","modified_gmt":"2019-08-21T17:59:48","slug":"bolsa-spud-1-1-2-40mmx2-bs6-astra","status":"publish","type":"product","link":"https:\/\/trenaferragens.com.br\/?product=bolsa-spud-1-1-2-40mmx2-bs6-astra","title":{"rendered":"Bolsa Spud 1.1\/2 40MMX2 (BS6) Astra"},"content":{"rendered":"<p>Bolsa Spud 1.1\/2 40MMX2 (BS6) Astra<\/p>\n<p>ASTRA<\/p>\n<p>A Astra S\/A Ind\u00fastria e Com\u00e9rcio, fundada em 1957, na cidade de Jundia\u00ed &#8211; a 60km da capital paulista &#8211; \u00e9 uma empresa\u00a0multiespecializada, que cria e comercializa produtos e solu\u00e7\u00f5es para o\u00a0dia a dia das pessoas.<\/p>\n<p>Possui um portf\u00f3lio variado, composto por itens voltados para a\u00a0constru\u00e7\u00e3o, que v\u00e3o da funda\u00e7\u00e3o da obra ao acabamento, do item t\u00e9cnico ao de decora\u00e7\u00e3o:<\/p>\n<p>A Astra est\u00e1 em constante evolu\u00e7\u00e3o de suas linhas de produtos, por isso busca cada vez mais o desenvolvimento de itens que priorizem o\u00a0design funcional, com foco em\u00a0praticidade, beleza e bem-estar.<\/p>\n","protected":false},"excerpt":{"rendered":"<p>Bolsa Spud 1.1\/2 40MMX2 (BS5) Astra<\/p>\n<p>As Bolsas de Liga\u00e7\u00e3o para Entrada de Bacia Sanit\u00e1ria (espudes) fazem a conex\u00e3o do tubo de descarga \u00e0 bacia convencional de forma segura, evitando vazamentos e problemas hidr\u00e1ulicos.<\/p>\n<p>Caracter\u00edsticas:<br \/>\n\u2022 Seguro e de f\u00e1cil instala\u00e7\u00e3o.<br \/>\n\u2022 Dispon\u00edvel tamb\u00e9m no modelo flex\u00edvel, facilitando ainda mais a instala\u00e7\u00e3o.<br \/>\n\u2022 R\u00edgido.<\/p>\n<p>Uso:<br \/>\nIndicado para mict\u00f3rios e para liga\u00e7\u00e3o do tubo de descarga na bacia sanit\u00e1ria convencional. Recomendado para tubos de \u00d8 1 1\/2&#8243; (40 mm).<\/p>\n<p>Indica\u00e7\u00e3o\/Modelo:<br \/>\n\u00d8 2 1\/2&#8243;<\/p>\n","protected":false},"featured_media":6455,"comment_status":"open","ping_status":"closed","template":"","meta":[],"product_cat":[1097,1852,168],"product_tag":[2446,2477],"_links":{"self":[{"href":"https:\/\/trenaferragens.com.br\/index.php?rest_route=\/wp\/v2\/product\/6454"}],"collection":[{"href":"https:\/\/trenaferragens.com.br\/index.php?rest_route=\/wp\/v2\/product"}],"about":[{"href":"https:\/\/trenaferragens.com.br\/index.php?rest_route=\/wp\/v2\/types\/product"}],"replies":[{"embeddable":true,"href":"https:\/\/trenaferragens.com.br\/index.php?rest_route=%2Fwp%2Fv2%2Fcomments&post=6454"}],"wp:featuredmedia":[{"embeddable":true,"href":"https:\/\/trenaferragens.com.br\/index.php?rest_route=\/wp\/v2\/media\/6455"}],"wp:attachment":[{"href":"https:\/\/trenaferragens.com.br\/index.php?rest_route=%2Fwp%2Fv2%2Fmedia&parent=6454"}],"wp:term":[{"taxonomy":"product_cat","embeddable":true,"href":"https:\/\/trenaferragens.com.br\/index.php?rest_route=%2Fwp%2Fv2%2Fproduct_cat&post=6454"},{"taxonomy":"product_tag","embeddable":true,"href":"https:\/\/trenaferragens.com.br\/index.php?rest_route=%2Fwp%2Fv2%2Fproduct_tag&post=6454"}],"curies":[{"name":"wp","href":"https:\/\/api.w.org\/{rel}","templated":true}]}}