{"id":6461,"date":"2019-08-21T18:19:30","date_gmt":"2019-08-21T18:19:30","guid":{"rendered":"http:\/\/trenaferragens1.hospedagemdesites.ws\/?post_type=product&#038;p=6461"},"modified":"2019-08-21T18:29:41","modified_gmt":"2019-08-21T18:29:41","slug":"botao-duplo-cr-p-tampa-caixa-descarga-mbu-astra","status":"publish","type":"product","link":"https:\/\/trenaferragens.com.br\/?product=botao-duplo-cr-p-tampa-caixa-descarga-mbu-astra","title":{"rendered":"Bot\u00e3o P\/Tampa Caixa Acoplada CR (MB3) Astra"},"content":{"rendered":"<p>Bot\u00e3o Duplo CR P\/Tampa Caixa Descarga (MBU) Astra<\/p>\n<p>ASTRA<\/p>\n<p>A Astra S\/A Ind\u00fastria e Com\u00e9rcio, fundada em 1957, na cidade de Jundia\u00ed &#8211; a 60km da capital paulista &#8211; \u00e9 uma empresa\u00a0multiespecializada, que cria e comercializa produtos e solu\u00e7\u00f5es para o\u00a0dia a dia das pessoas.<\/p>\n<p>Possui um portf\u00f3lio variado, composto por itens voltados para a\u00a0constru\u00e7\u00e3o, que v\u00e3o da funda\u00e7\u00e3o da obra ao acabamento, do item t\u00e9cnico ao de decora\u00e7\u00e3o:<\/p>\n<p>A Astra est\u00e1 em constante evolu\u00e7\u00e3o de suas linhas de produtos, por isso busca cada vez mais o desenvolvimento de itens que priorizem o\u00a0design funcional, com foco em\u00a0praticidade, beleza e bem-estar.<\/p>\n","protected":false},"excerpt":{"rendered":"<p>Bot\u00e3o Duplo CR P\/Tampa Caixa Descarga (MBU) Astra<\/p>\n<p>O Bot\u00e3o Duplo Superior viabiliza a descarga fracionada conforme a necessidade de limpeza da lou\u00e7a, consumindo 3 L ou 6 L de \u00e1gua.<\/p>\n<p>Caracter\u00edsticas:<br \/>\n\u2022 Acionamento superior duplo (2 fluxos de \u00e1gua: total e parcial), conforme necessidade de limpeza da lou\u00e7a.<br \/>\n\u2022 Produto que promove economia de \u00e1gua.<br \/>\n\u2022 Fabricado em pl\u00e1stico de engenharia.<br \/>\n\u2022 Acabamento cromado.<br \/>\n\u2022 Compat\u00edvel com as caixas de descarga baixa (CB1), de m\u00e9dia altura (CB2) e caixas acopladas com orif\u00edcio com di\u00e2metro entre 41 e 45mm.<\/p>\n<p>Uso:<br \/>\nInstalado na parte superior da tampa da caixa acoplada para liberar o fluxo de \u00e1gua para o vaso sanit\u00e1rio.<\/p>\n<p>Descri\u00e7\u00e3o:<br \/>\nAcionamento duplo superior cromado.<\/p>\n<p>Medidas:<br \/>\nAltura m\u00edn. 35 \/ m\u00e1x. 75 x Di\u00e2metro m\u00edn. 41 \/ m\u00e1x. 45 mm (da lou\u00e7a).<\/p>\n<p>Compatibilidade:<br \/>\nMecanismo duplo Astra MSD295,\u00a0Mecanismo duplo Astra MSD315,\u00a0Mecanismo duplo Astra MSD345,\u00a0Mecanismo duplo Astra MD2629,\u00a0Mecanismo duplo Astra MD3031,\u00a0Mecanismo duplo Astra MD3334,\u00a0Mecanismo duplo Astra CB1,\u00a0Mecanismo duplo Astra CB2.<\/p>\n","protected":false},"featured_media":6462,"comment_status":"open","ping_status":"closed","template":"","meta":[],"product_cat":[1097,1852,168],"product_tag":[2481,2446,2480],"_links":{"self":[{"href":"https:\/\/trenaferragens.com.br\/index.php?rest_route=\/wp\/v2\/product\/6461"}],"collection":[{"href":"https:\/\/trenaferragens.com.br\/index.php?rest_route=\/wp\/v2\/product"}],"about":[{"href":"https:\/\/trenaferragens.com.br\/index.php?rest_route=\/wp\/v2\/types\/product"}],"replies":[{"embeddable":true,"href":"https:\/\/trenaferragens.com.br\/index.php?rest_route=%2Fwp%2Fv2%2Fcomments&post=6461"}],"wp:featuredmedia":[{"embeddable":true,"href":"https:\/\/trenaferragens.com.br\/index.php?rest_route=\/wp\/v2\/media\/6462"}],"wp:attachment":[{"href":"https:\/\/trenaferragens.com.br\/index.php?rest_route=%2Fwp%2Fv2%2Fmedia&parent=6461"}],"wp:term":[{"taxonomy":"product_cat","embeddable":true,"href":"https:\/\/trenaferragens.com.br\/index.php?rest_route=%2Fwp%2Fv2%2Fproduct_cat&post=6461"},{"taxonomy":"product_tag","embeddable":true,"href":"https:\/\/trenaferragens.com.br\/index.php?rest_route=%2Fwp%2Fv2%2Fproduct_tag&post=6461"}],"curies":[{"name":"wp","href":"https:\/\/api.w.org\/{rel}","templated":true}]}}