{"id":6463,"date":"2019-08-21T18:30:09","date_gmt":"2019-08-21T18:30:09","guid":{"rendered":"http:\/\/trenaferragens1.hospedagemdesites.ws\/?post_type=product&#038;p=6463"},"modified":"2019-08-21T18:55:56","modified_gmt":"2019-08-21T18:55:56","slug":"caixa-correio-astra-pvc-amarela-cxc1","status":"publish","type":"product","link":"https:\/\/trenaferragens.com.br\/?product=caixa-correio-astra-pvc-amarela-cxc1","title":{"rendered":"Caixa Correio Astra PVC Amarela (CXC1)"},"content":{"rendered":"<p>Caixa Correio Astra PVC Amarela (CXC1)<\/p>\n<p>ASTRA<\/p>\n<p>A Astra S\/A Ind\u00fastria e Com\u00e9rcio, fundada em 1957, na cidade de Jundia\u00ed &#8211; a 60km da capital paulista &#8211; \u00e9 uma empresa\u00a0multiespecializada, que cria e comercializa produtos e solu\u00e7\u00f5es para o\u00a0dia a dia das pessoas.<\/p>\n<p>Possui um portf\u00f3lio variado, composto por itens voltados para a\u00a0constru\u00e7\u00e3o, que v\u00e3o da funda\u00e7\u00e3o da obra ao acabamento, do item t\u00e9cnico ao de decora\u00e7\u00e3o:<\/p>\n<p>A Astra est\u00e1 em constante evolu\u00e7\u00e3o de suas linhas de produtos, por isso busca cada vez mais o desenvolvimento de itens que priorizem o\u00a0design funcional, com foco em\u00a0praticidade, beleza e bem-estar.<\/p>\n","protected":false},"excerpt":{"rendered":"<p>Caixa Correio Astra PVC Amarela (CXC1)<\/p>\n<p>A Caixa de Correio \u00e9 fabricada em pl\u00e1stico e pode ser instalada em locais sem cobertura, pois possui alta resist\u00eancia a sol e chuva. \u00c9 indicada para fixa\u00e7\u00e3o em grades.<\/p>\n<p>Caracter\u00edsticas:<br \/>\n\u2022 Resistente.<br \/>\n\u2022 F\u00e1cil fixa\u00e7\u00e3o.<br \/>\n\u2022 Seguran\u00e7a para correspond\u00eancias.<br \/>\n\u2022 Resistente \u00e0 intemp\u00e9ries.<\/p>\n<p>Uso:<br \/>\nPromover o acionamento da descarga dos mecanismos de sa\u00edda convencionais.<\/p>\n<p>Medidas:<br \/>\n20,5 cm x 13,5 cm x 25,5 cm<\/p>\n","protected":false},"featured_media":6464,"comment_status":"open","ping_status":"closed","template":"","meta":[],"product_cat":[1068,198],"product_tag":[2480,2482,2483],"_links":{"self":[{"href":"https:\/\/trenaferragens.com.br\/index.php?rest_route=\/wp\/v2\/product\/6463"}],"collection":[{"href":"https:\/\/trenaferragens.com.br\/index.php?rest_route=\/wp\/v2\/product"}],"about":[{"href":"https:\/\/trenaferragens.com.br\/index.php?rest_route=\/wp\/v2\/types\/product"}],"replies":[{"embeddable":true,"href":"https:\/\/trenaferragens.com.br\/index.php?rest_route=%2Fwp%2Fv2%2Fcomments&post=6463"}],"wp:featuredmedia":[{"embeddable":true,"href":"https:\/\/trenaferragens.com.br\/index.php?rest_route=\/wp\/v2\/media\/6464"}],"wp:attachment":[{"href":"https:\/\/trenaferragens.com.br\/index.php?rest_route=%2Fwp%2Fv2%2Fmedia&parent=6463"}],"wp:term":[{"taxonomy":"product_cat","embeddable":true,"href":"https:\/\/trenaferragens.com.br\/index.php?rest_route=%2Fwp%2Fv2%2Fproduct_cat&post=6463"},{"taxonomy":"product_tag","embeddable":true,"href":"https:\/\/trenaferragens.com.br\/index.php?rest_route=%2Fwp%2Fv2%2Fproduct_tag&post=6463"}],"curies":[{"name":"wp","href":"https:\/\/api.w.org\/{rel}","templated":true}]}}