{"id":6465,"date":"2019-08-21T18:36:00","date_gmt":"2019-08-21T18:36:00","guid":{"rendered":"http:\/\/trenaferragens1.hospedagemdesites.ws\/?post_type=product&#038;p=6465"},"modified":"2019-08-21T18:40:11","modified_gmt":"2019-08-21T18:40:11","slug":"caixa-descarga-externa-baixa-c-duplo-acionamento","status":"publish","type":"product","link":"https:\/\/trenaferragens.com.br\/?product=caixa-descarga-externa-baixa-c-duplo-acionamento","title":{"rendered":"Caixa Descarga Externa Baixa C\/Duplo Acionamento"},"content":{"rendered":"<p>Caixa Descarga Externa Baixa C\/Duplo Acionamento<\/p>\n<p>ASTRA<\/p>\n<p>A Astra S\/A Ind\u00fastria e Com\u00e9rcio, fundada em 1957, na cidade de Jundia\u00ed &#8211; a 60km da capital paulista &#8211; \u00e9 uma empresa\u00a0multiespecializada, que cria e comercializa produtos e solu\u00e7\u00f5es para o\u00a0dia a dia das pessoas.<\/p>\n<p>Possui um portf\u00f3lio variado, composto por itens voltados para a\u00a0constru\u00e7\u00e3o, que v\u00e3o da funda\u00e7\u00e3o da obra ao acabamento, do item t\u00e9cnico ao de decora\u00e7\u00e3o:<\/p>\n<p>A Astra est\u00e1 em constante evolu\u00e7\u00e3o de suas linhas de produtos, por isso busca cada vez mais o desenvolvimento de itens que priorizem o\u00a0design funcional, com foco em\u00a0praticidade, beleza e bem-estar.<\/p>\n","protected":false},"excerpt":{"rendered":"<p>Caixa Descarga Externa Baixa C\/Duplo Acionamento<\/p>\n<p>A Caixa Baixa da Astra \u00e9 ideal para instala\u00e7\u00e3o junto a lou\u00e7as convencionais (sem caixa acoplada). O produto ocupa espa\u00e7o semelhante ao da caixa acoplada cer\u00e2mica, com a facilidade de ser instalado na parede. Ideal para converter sistemas de descarga tradicionais em op\u00e7\u00e3o mais econ\u00f4mica e sustent\u00e1vel, juntamente com o conversor de descarga da Astra.<\/p>\n<p>Caracter\u00edsticas:<br \/>\n\u2022 Fabricada em PP (polipropileno).<br \/>\n\u2022 Leve e resistente.<br \/>\n\u2022 Design moderno, acabamento liso e brilhante.<br \/>\n\u2022 Permite controle do fluxo e redu\u00e7\u00e3o do consumo de \u00e1gua (mecanismo duplo &#8211; 3 L e 6 L).<br \/>\n\u2022 Acompanha kit completo de acess\u00f3rios para instala\u00e7\u00e3o.<br \/>\n\u2022 F\u00e1cil de instalar: fixa\u00e7\u00e3o na parede com r\u00e9gua de encaixe e nivelamento.<br \/>\n\u2022 Manuten\u00e7\u00e3o simples.<br \/>\n\u2022 Possui mecanismo duplo avulso para troca, em caso de manuten\u00e7\u00e3o.<br \/>\n\u2022 Projetada para instala\u00e7\u00f5es com press\u00e3o de 1 a 60 m.c.a.<br \/>\n\u2022 N\u00e3o substitui caixa acoplada de cer\u00e2mica.<\/p>\n<p>Uso:<br \/>\nSistema de descarga para limpeza completa da lou\u00e7a, enviando os dejetos para o esgoto com um s\u00f3 fluxo. O produto \u00e9 indicado para lou\u00e7as convencionais (sem caixa acoplada) de at\u00e9 6 lpf e tamb\u00e9m para instala\u00e7\u00e3o junto a lou\u00e7as infantis. Recomenda-se instalar o produto em conex\u00e3o direta com a caixa d\u2019\u00e1gua.<\/p>\n<p>Medidas:<br \/>\n38 x 12 x 46 cm<\/p>\n","protected":false},"featured_media":6466,"comment_status":"open","ping_status":"closed","template":"","meta":[],"product_cat":[1100,168],"product_tag":[2446,2484,2485],"_links":{"self":[{"href":"https:\/\/trenaferragens.com.br\/index.php?rest_route=\/wp\/v2\/product\/6465"}],"collection":[{"href":"https:\/\/trenaferragens.com.br\/index.php?rest_route=\/wp\/v2\/product"}],"about":[{"href":"https:\/\/trenaferragens.com.br\/index.php?rest_route=\/wp\/v2\/types\/product"}],"replies":[{"embeddable":true,"href":"https:\/\/trenaferragens.com.br\/index.php?rest_route=%2Fwp%2Fv2%2Fcomments&post=6465"}],"wp:featuredmedia":[{"embeddable":true,"href":"https:\/\/trenaferragens.com.br\/index.php?rest_route=\/wp\/v2\/media\/6466"}],"wp:attachment":[{"href":"https:\/\/trenaferragens.com.br\/index.php?rest_route=%2Fwp%2Fv2%2Fmedia&parent=6465"}],"wp:term":[{"taxonomy":"product_cat","embeddable":true,"href":"https:\/\/trenaferragens.com.br\/index.php?rest_route=%2Fwp%2Fv2%2Fproduct_cat&post=6465"},{"taxonomy":"product_tag","embeddable":true,"href":"https:\/\/trenaferragens.com.br\/index.php?rest_route=%2Fwp%2Fv2%2Fproduct_tag&post=6465"}],"curies":[{"name":"wp","href":"https:\/\/api.w.org\/{rel}","templated":true}]}}