{"id":6467,"date":"2019-08-21T18:42:33","date_gmt":"2019-08-21T18:42:33","guid":{"rendered":"http:\/\/trenaferragens1.hospedagemdesites.ws\/?post_type=product&#038;p=6467"},"modified":"2019-08-21T18:45:09","modified_gmt":"2019-08-21T18:45:09","slug":"caixa-descarga-externa-astra-c17-s","status":"publish","type":"product","link":"https:\/\/trenaferragens.com.br\/?product=caixa-descarga-externa-astra-c17-s","title":{"rendered":"Caixa Descarga Externa Astra (C17\/S)"},"content":{"rendered":"<p>Caixa Descarga Externa Astra (C17\/S)<\/p>\n<p>ASTRA<\/p>\n<p>A Astra S\/A Ind\u00fastria e Com\u00e9rcio, fundada em 1957, na cidade de Jundia\u00ed &#8211; a 60km da capital paulista &#8211; \u00e9 uma empresa\u00a0multiespecializada, que cria e comercializa produtos e solu\u00e7\u00f5es para o\u00a0dia a dia das pessoas.<\/p>\n<p>Possui um portf\u00f3lio variado, composto por itens voltados para a\u00a0constru\u00e7\u00e3o, que v\u00e3o da funda\u00e7\u00e3o da obra ao acabamento, do item t\u00e9cnico ao de decora\u00e7\u00e3o:<\/p>\n<p>A Astra est\u00e1 em constante evolu\u00e7\u00e3o de suas linhas de produtos, por isso busca cada vez mais o desenvolvimento de itens que priorizem o\u00a0design funcional, com foco em\u00a0praticidade, beleza e bem-estar.<\/p>\n","protected":false},"excerpt":{"rendered":"<p>Caixa Descarga Externa Astra (C17\/S)<\/p>\n<p>A Caixa Elevada \u00e9 um sistema de descarga com volume regul\u00e1vel, de 6,8 a 9 litros. A regulagem interna permite uma descarga controlada por meio do acionamento com cordinha, que pode ser interrompido pelo usu\u00e1rio a qualquer momento, conforme a necessidade de limpeza da lou\u00e7a.<\/p>\n<p>Caracter\u00edsticas:<br \/>\n\u2022 Fabricada em pl\u00e1stico resistente.<br \/>\n\u2022 F\u00e1cil de instalar: j\u00e1 vem com r\u00e9gua suporte e parafusos para fixa\u00e7\u00e3o.<br \/>\n\u2022 Dupla entrada para engate de \u00e1gua (nas laterais do produto), permite escolher a posi\u00e7\u00e3o lateral de acionamento (direito ou esquerdo).<br \/>\n\u2022 Descarga controlada de 6,8 a 9 L (modelo C17\/S).<br \/>\n\u2022 Possui vedante em silicone, que garante maior estanqueidade e durabilidade.<br \/>\n\u2022 Tampa de inspe\u00e7\u00e3o ampla, que facilita manuten\u00e7\u00e3o.<br \/>\n\u2022 Pe\u00e7a \u00fanica (sem encaixes e conex\u00f5es).<\/p>\n<p>Uso:<br \/>\nA Caixa Elevada \u00e9 instalada junto a bacias sanit\u00e1rias convencionais, visando a limpeza completa dos dejetos, encaminhando-os para a rede de esgoto. Ideal para banheiros com bacia sanit\u00e1ria convencional (sem caixa acoplada), sem instala\u00e7\u00e3o apropriada para v\u00e1lvula e com pouco espa\u00e7o dispon\u00edvel para disposi\u00e7\u00e3o das pe\u00e7as do banheiro.<\/p>\n<p>Medidas:<br \/>\nEntrada de alimenta\u00e7\u00e3o: 1\/2&#8243;.<\/p>\n<p>Di\u00e2metro da sa\u00edda de \u00e1gua: 40mm.<br \/>\nPress\u00e3o de trabalho de 2 a 40 m.c.a<\/p>\n<p>Volume:<br \/>\nAjust\u00e1vel de 6,8L a 9L<\/p>\n<p>Compatibilidade:<br \/>\nCompat\u00edvel com bacias 6,0 LPF e mais antigas.<\/p>\n","protected":false},"featured_media":6468,"comment_status":"open","ping_status":"closed","template":"","meta":[],"product_cat":[1100,168],"product_tag":[2446,2484,2485],"_links":{"self":[{"href":"https:\/\/trenaferragens.com.br\/index.php?rest_route=\/wp\/v2\/product\/6467"}],"collection":[{"href":"https:\/\/trenaferragens.com.br\/index.php?rest_route=\/wp\/v2\/product"}],"about":[{"href":"https:\/\/trenaferragens.com.br\/index.php?rest_route=\/wp\/v2\/types\/product"}],"replies":[{"embeddable":true,"href":"https:\/\/trenaferragens.com.br\/index.php?rest_route=%2Fwp%2Fv2%2Fcomments&post=6467"}],"wp:featuredmedia":[{"embeddable":true,"href":"https:\/\/trenaferragens.com.br\/index.php?rest_route=\/wp\/v2\/media\/6468"}],"wp:attachment":[{"href":"https:\/\/trenaferragens.com.br\/index.php?rest_route=%2Fwp%2Fv2%2Fmedia&parent=6467"}],"wp:term":[{"taxonomy":"product_cat","embeddable":true,"href":"https:\/\/trenaferragens.com.br\/index.php?rest_route=%2Fwp%2Fv2%2Fproduct_cat&post=6467"},{"taxonomy":"product_tag","embeddable":true,"href":"https:\/\/trenaferragens.com.br\/index.php?rest_route=%2Fwp%2Fv2%2Fproduct_tag&post=6467"}],"curies":[{"name":"wp","href":"https:\/\/api.w.org\/{rel}","templated":true}]}}