{"id":6476,"date":"2019-08-21T19:00:03","date_gmt":"2019-08-21T19:00:03","guid":{"rendered":"http:\/\/trenaferragens1.hospedagemdesites.ws\/?post_type=product&#038;p=6476"},"modified":"2019-08-21T19:01:37","modified_gmt":"2019-08-21T19:01:37","slug":"chuveiro-pvc-12-branco-cv121-astra","status":"publish","type":"product","link":"https:\/\/trenaferragens.com.br\/?product=chuveiro-pvc-12-branco-cv121-astra","title":{"rendered":"Chuveiro PVC 12 Branco (CV121) Astra"},"content":{"rendered":"<p>Chuveiro PVC 12 Branco (CV121) Astra<\/p>\n<p>ASTRA<\/p>\n<p>A Astra S\/A Ind\u00fastria e Com\u00e9rcio, fundada em 1957, na cidade de Jundia\u00ed &#8211; a 60km da capital paulista &#8211; \u00e9 uma empresa\u00a0multiespecializada, que cria e comercializa produtos e solu\u00e7\u00f5es para o\u00a0dia a dia das pessoas.<\/p>\n<p>Possui um portf\u00f3lio variado, composto por itens voltados para a\u00a0constru\u00e7\u00e3o, que v\u00e3o da funda\u00e7\u00e3o da obra ao acabamento, do item t\u00e9cnico ao de decora\u00e7\u00e3o:<\/p>\n<p>A Astra est\u00e1 em constante evolu\u00e7\u00e3o de suas linhas de produtos, por isso busca cada vez mais o desenvolvimento de itens que priorizem o\u00a0design funcional, com foco em\u00a0praticidade, beleza e bem-estar.<\/p>\n","protected":false},"excerpt":{"rendered":"<p>Chuveiro PVC 12 Branco (CV121) Astra<\/p>\n<p>Grande variedade de chuveiros com diversas op\u00e7\u00f5es de tamanho e inclina\u00e7\u00e3o de crivos, acabamentos e cores. Verifique na tabela de informa\u00e7\u00f5es t\u00e9cnicas todas as op\u00e7\u00f5es dispon\u00edveis e imagens dos produtos.<\/p>\n<p>Caracter\u00edsticas:<br \/>\n\u2022 Pr\u00f3prio para \u00e1gua fria.<br \/>\n\u2022 Suporta temperaturas de at\u00e9 60\u00b0C.<br \/>\n\u2022 Para uso interno e externo: todos os modelos possuem aditivo anti-UV, que protege contra os raios solares.<\/p>\n<p>Uso:<br \/>\nIndicados para uso interno e externo.<\/p>\n<p>Medidas:<br \/>\n30 cm<\/p>\n","protected":false},"featured_media":6477,"comment_status":"open","ping_status":"closed","template":"","meta":[],"product_cat":[1023,1028],"product_tag":[2446,2192,2241],"_links":{"self":[{"href":"https:\/\/trenaferragens.com.br\/index.php?rest_route=\/wp\/v2\/product\/6476"}],"collection":[{"href":"https:\/\/trenaferragens.com.br\/index.php?rest_route=\/wp\/v2\/product"}],"about":[{"href":"https:\/\/trenaferragens.com.br\/index.php?rest_route=\/wp\/v2\/types\/product"}],"replies":[{"embeddable":true,"href":"https:\/\/trenaferragens.com.br\/index.php?rest_route=%2Fwp%2Fv2%2Fcomments&post=6476"}],"wp:featuredmedia":[{"embeddable":true,"href":"https:\/\/trenaferragens.com.br\/index.php?rest_route=\/wp\/v2\/media\/6477"}],"wp:attachment":[{"href":"https:\/\/trenaferragens.com.br\/index.php?rest_route=%2Fwp%2Fv2%2Fmedia&parent=6476"}],"wp:term":[{"taxonomy":"product_cat","embeddable":true,"href":"https:\/\/trenaferragens.com.br\/index.php?rest_route=%2Fwp%2Fv2%2Fproduct_cat&post=6476"},{"taxonomy":"product_tag","embeddable":true,"href":"https:\/\/trenaferragens.com.br\/index.php?rest_route=%2Fwp%2Fv2%2Fproduct_tag&post=6476"}],"curies":[{"name":"wp","href":"https:\/\/api.w.org\/{rel}","templated":true}]}}