{"id":6478,"date":"2019-08-21T19:01:59","date_gmt":"2019-08-21T19:01:59","guid":{"rendered":"http:\/\/trenaferragens1.hospedagemdesites.ws\/?post_type=product&#038;p=6478"},"modified":"2019-08-21T19:04:30","modified_gmt":"2019-08-21T19:04:30","slug":"conjunto-fixacao-a-astra","status":"publish","type":"product","link":"https:\/\/trenaferragens.com.br\/?product=conjunto-fixacao-a-astra","title":{"rendered":"Conjunto Fixa\u00e7\u00e3o A Astra"},"content":{"rendered":"<p>Conjunto Fixa\u00e7\u00e3o A Astra<\/p>\n<p>ASTRA<\/p>\n<p>A Astra S\/A Ind\u00fastria e Com\u00e9rcio, fundada em 1957, na cidade de Jundia\u00ed &#8211; a 60km da capital paulista &#8211; \u00e9 uma empresa\u00a0multiespecializada, que cria e comercializa produtos e solu\u00e7\u00f5es para o\u00a0dia a dia das pessoas.<\/p>\n<p>Possui um portf\u00f3lio variado, composto por itens voltados para a\u00a0constru\u00e7\u00e3o, que v\u00e3o da funda\u00e7\u00e3o da obra ao acabamento, do item t\u00e9cnico ao de decora\u00e7\u00e3o:<\/p>\n<p>A Astra est\u00e1 em constante evolu\u00e7\u00e3o de suas linhas de produtos, por isso busca cada vez mais o desenvolvimento de itens que priorizem o\u00a0design funcional, com foco em\u00a0praticidade, beleza e bem-estar.<\/p>\n","protected":false},"excerpt":{"rendered":"<p>Conjunto Fixa\u00e7\u00e3o A Astra<\/p>\n<p>Conjunto de fixa\u00e7\u00e3o com parafusos e borboletas para assentos convencionais da Astra.<\/p>\n<p>Caracter\u00edsticas:<br \/>\n\u2022 Parafuso e borboleta produzidos em PP (Polipropileno).<br \/>\n\u2022 Resistente.<br \/>\n\u2022 Compat\u00edvel com diversos modelos de assentos Astra.<\/p>\n<p>Uso:<br \/>\n\u2022 Pe\u00e7a de reposi\u00e7\u00e3o, caso os parafusos que acompanham o assento sanit\u00e1rio quebrem ou desgastem.<\/p>\n","protected":false},"featured_media":6479,"comment_status":"open","ping_status":"closed","template":"","meta":[],"product_cat":[1097,168],"product_tag":[2446,2487],"_links":{"self":[{"href":"https:\/\/trenaferragens.com.br\/index.php?rest_route=\/wp\/v2\/product\/6478"}],"collection":[{"href":"https:\/\/trenaferragens.com.br\/index.php?rest_route=\/wp\/v2\/product"}],"about":[{"href":"https:\/\/trenaferragens.com.br\/index.php?rest_route=\/wp\/v2\/types\/product"}],"replies":[{"embeddable":true,"href":"https:\/\/trenaferragens.com.br\/index.php?rest_route=%2Fwp%2Fv2%2Fcomments&post=6478"}],"wp:featuredmedia":[{"embeddable":true,"href":"https:\/\/trenaferragens.com.br\/index.php?rest_route=\/wp\/v2\/media\/6479"}],"wp:attachment":[{"href":"https:\/\/trenaferragens.com.br\/index.php?rest_route=%2Fwp%2Fv2%2Fmedia&parent=6478"}],"wp:term":[{"taxonomy":"product_cat","embeddable":true,"href":"https:\/\/trenaferragens.com.br\/index.php?rest_route=%2Fwp%2Fv2%2Fproduct_cat&post=6478"},{"taxonomy":"product_tag","embeddable":true,"href":"https:\/\/trenaferragens.com.br\/index.php?rest_route=%2Fwp%2Fv2%2Fproduct_tag&post=6478"}],"curies":[{"name":"wp","href":"https:\/\/api.w.org\/{rel}","templated":true}]}}