{"id":6481,"date":"2019-08-21T19:05:57","date_gmt":"2019-08-21T19:05:57","guid":{"rendered":"http:\/\/trenaferragens1.hospedagemdesites.ws\/?post_type=product&#038;p=6481"},"modified":"2019-08-21T19:10:57","modified_gmt":"2019-08-21T19:10:57","slug":"conjunto-fixacao-assento-tpk1-astra","status":"publish","type":"product","link":"https:\/\/trenaferragens.com.br\/?product=conjunto-fixacao-assento-tpk1-astra","title":{"rendered":"Conjunto Fixa\u00e7\u00e3o Assento TPK1 Astra"},"content":{"rendered":"<p>Conjunto Fixa\u00e7\u00e3o Assento TPK1 Astra<\/p>\n<p>ASTRA<\/p>\n<p>A Astra S\/A Ind\u00fastria e Com\u00e9rcio, fundada em 1957, na cidade de Jundia\u00ed &#8211; a 60km da capital paulista &#8211; \u00e9 uma empresa\u00a0multiespecializada, que cria e comercializa produtos e solu\u00e7\u00f5es para o\u00a0dia a dia das pessoas.<\/p>\n<p>Possui um portf\u00f3lio variado, composto por itens voltados para a\u00a0constru\u00e7\u00e3o, que v\u00e3o da funda\u00e7\u00e3o da obra ao acabamento, do item t\u00e9cnico ao de decora\u00e7\u00e3o:<\/p>\n<p>A Astra est\u00e1 em constante evolu\u00e7\u00e3o de suas linhas de produtos, por isso busca cada vez mais o desenvolvimento de itens que priorizem o\u00a0design funcional, com foco em\u00a0praticidade, beleza e bem-estar.<\/p>\n","protected":false},"excerpt":{"rendered":"<p>Conjunto Fixa\u00e7\u00e3o Assento TPK1 Astra<\/p>\n<p>Conjunto de Fixa\u00e7\u00e3o para Assentos Almofadados Astra. Composto por parafusos, borboletas e capas de acabamento.<\/p>\n<p>Caracter\u00edsticas:<br \/>\n\u2022 Suportes em nylon.<br \/>\n\u2022 Parafusos, borboletas e capas de acabamento em PP (Polipropileno).<br \/>\n\u2022 Bases antiderrapantes em PVC.<br \/>\n\u2022 Resistente.<br \/>\n\u2022 Compat\u00edvel com 30 modelos de assentos almofadados Astra.<\/p>\n<p>Uso:<br \/>\n\u2022 Pe\u00e7a de reposi\u00e7\u00e3o, caso os parafusos que acompanham o assento sanit\u00e1rio quebrem ou desgastem.<br \/>\n\u2022 \u00c9 indicado para uso com os assentos almofadados Astra.<br \/>\n\u2022 Verifique a compatibilidade na ficha t\u00e9cnica do produto.<\/p>\n","protected":false},"featured_media":6482,"comment_status":"open","ping_status":"closed","template":"","meta":[],"product_cat":[1097,168],"product_tag":[2446,2487],"_links":{"self":[{"href":"https:\/\/trenaferragens.com.br\/index.php?rest_route=\/wp\/v2\/product\/6481"}],"collection":[{"href":"https:\/\/trenaferragens.com.br\/index.php?rest_route=\/wp\/v2\/product"}],"about":[{"href":"https:\/\/trenaferragens.com.br\/index.php?rest_route=\/wp\/v2\/types\/product"}],"replies":[{"embeddable":true,"href":"https:\/\/trenaferragens.com.br\/index.php?rest_route=%2Fwp%2Fv2%2Fcomments&post=6481"}],"wp:featuredmedia":[{"embeddable":true,"href":"https:\/\/trenaferragens.com.br\/index.php?rest_route=\/wp\/v2\/media\/6482"}],"wp:attachment":[{"href":"https:\/\/trenaferragens.com.br\/index.php?rest_route=%2Fwp%2Fv2%2Fmedia&parent=6481"}],"wp:term":[{"taxonomy":"product_cat","embeddable":true,"href":"https:\/\/trenaferragens.com.br\/index.php?rest_route=%2Fwp%2Fv2%2Fproduct_cat&post=6481"},{"taxonomy":"product_tag","embeddable":true,"href":"https:\/\/trenaferragens.com.br\/index.php?rest_route=%2Fwp%2Fv2%2Fproduct_tag&post=6481"}],"curies":[{"name":"wp","href":"https:\/\/api.w.org\/{rel}","templated":true}]}}