{"id":6483,"date":"2019-08-21T19:11:33","date_gmt":"2019-08-21T19:11:33","guid":{"rendered":"http:\/\/trenaferragens1.hospedagemdesites.ws\/?post_type=product&#038;p=6483"},"modified":"2019-08-21T19:13:58","modified_gmt":"2019-08-21T19:13:58","slug":"conjunto-fixacao-p-caixa-acoplada-astra","status":"publish","type":"product","link":"https:\/\/trenaferragens.com.br\/?product=conjunto-fixacao-p-caixa-acoplada-astra","title":{"rendered":"Conjunto Fixa\u00e7\u00e3o P\/Caixa Acoplada Astra"},"content":{"rendered":"<p>Conjunto Fixa\u00e7\u00e3o P\/Caixa Acoplada Astra<\/p>\n<p>ASTRA<\/p>\n<p>A Astra S\/A Ind\u00fastria e Com\u00e9rcio, fundada em 1957, na cidade de Jundia\u00ed &#8211; a 60km da capital paulista &#8211; \u00e9 uma empresa\u00a0multiespecializada, que cria e comercializa produtos e solu\u00e7\u00f5es para o\u00a0dia a dia das pessoas.<\/p>\n<p>Possui um portf\u00f3lio variado, composto por itens voltados para a\u00a0constru\u00e7\u00e3o, que v\u00e3o da funda\u00e7\u00e3o da obra ao acabamento, do item t\u00e9cnico ao de decora\u00e7\u00e3o:<\/p>\n<p>A Astra est\u00e1 em constante evolu\u00e7\u00e3o de suas linhas de produtos, por isso busca cada vez mais o desenvolvimento de itens que priorizem o\u00a0design funcional, com foco em\u00a0praticidade, beleza e bem-estar.<\/p>\n","protected":false},"excerpt":{"rendered":"<p>Conjunto Fixa\u00e7\u00e3o P\/Caixa Acoplada Astra<\/p>\n<p>Conjunto de fixa\u00e7\u00e3o para caixa acoplada, composto por 2 parafusos fabricados em pl\u00e1sticos de alta resist\u00eancia e veda\u00e7\u00e3o.<\/p>\n<p>Caracter\u00edsticas:<br \/>\n\u2022 Resistente.<br \/>\n\u2022 Fabricado em pl\u00e1stico de engenharia de alta resist\u00eancia.<br \/>\n\u2022 Veda\u00e7\u00e3o em borracha termopl\u00e1stica.<br \/>\n\u2022 Modelos compat\u00edveis com as diversas lou\u00e7as do mercado.<br \/>\n\u2022 Cont\u00e9m 2 parafusos e 4 arruelas de encosto.<br \/>\n\u2022 Rosca M10.<\/p>\n<p>Uso:<br \/>\nUsado para a fixa\u00e7\u00e3o da caixa acoplada cer\u00e2mica na bacia sanit\u00e1ria.<\/p>\n","protected":false},"featured_media":6484,"comment_status":"open","ping_status":"closed","template":"","meta":[],"product_cat":[1097,168],"product_tag":[2446,2487,2488],"_links":{"self":[{"href":"https:\/\/trenaferragens.com.br\/index.php?rest_route=\/wp\/v2\/product\/6483"}],"collection":[{"href":"https:\/\/trenaferragens.com.br\/index.php?rest_route=\/wp\/v2\/product"}],"about":[{"href":"https:\/\/trenaferragens.com.br\/index.php?rest_route=\/wp\/v2\/types\/product"}],"replies":[{"embeddable":true,"href":"https:\/\/trenaferragens.com.br\/index.php?rest_route=%2Fwp%2Fv2%2Fcomments&post=6483"}],"wp:featuredmedia":[{"embeddable":true,"href":"https:\/\/trenaferragens.com.br\/index.php?rest_route=\/wp\/v2\/media\/6484"}],"wp:attachment":[{"href":"https:\/\/trenaferragens.com.br\/index.php?rest_route=%2Fwp%2Fv2%2Fmedia&parent=6483"}],"wp:term":[{"taxonomy":"product_cat","embeddable":true,"href":"https:\/\/trenaferragens.com.br\/index.php?rest_route=%2Fwp%2Fv2%2Fproduct_cat&post=6483"},{"taxonomy":"product_tag","embeddable":true,"href":"https:\/\/trenaferragens.com.br\/index.php?rest_route=%2Fwp%2Fv2%2Fproduct_tag&post=6483"}],"curies":[{"name":"wp","href":"https:\/\/api.w.org\/{rel}","templated":true}]}}