{"id":6490,"date":"2019-08-21T20:26:23","date_gmt":"2019-08-21T20:26:23","guid":{"rendered":"http:\/\/trenaferragens1.hospedagemdesites.ws\/?post_type=product&#038;p=6490"},"modified":"2019-08-21T20:31:54","modified_gmt":"2019-08-21T20:31:54","slug":"espelheira-girassol-epf-g-astra","status":"publish","type":"product","link":"https:\/\/trenaferragens.com.br\/?product=espelheira-girassol-epf-g-astra","title":{"rendered":"Espelheira Girassol (EPF\/G) Astra"},"content":{"rendered":"<p>Espelheira Girassol (EPF\/G) Astra<\/p>\n<p>ASTRA<\/p>\n<p>A Astra S\/A Ind\u00fastria e Com\u00e9rcio, fundada em 1957, na cidade de Jundia\u00ed &#8211; a 60km da capital paulista &#8211; \u00e9 uma empresa\u00a0multiespecializada, que cria e comercializa produtos e solu\u00e7\u00f5es para o\u00a0dia a dia das pessoas.<\/p>\n<p>Possui um portf\u00f3lio variado, composto por itens voltados para a\u00a0constru\u00e7\u00e3o, que v\u00e3o da funda\u00e7\u00e3o da obra ao acabamento, do item t\u00e9cnico ao de decora\u00e7\u00e3o:<\/p>\n<p>A Astra est\u00e1 em constante evolu\u00e7\u00e3o de suas linhas de produtos, por isso busca cada vez mais o desenvolvimento de itens que priorizem o\u00a0design funcional, com foco em\u00a0praticidade, beleza e bem-estar.<\/p>\n","protected":false},"excerpt":{"rendered":"<p>Espelheira Girassol (EPF\/G) Astra<\/p>\n<p>O Espelho Girassol, da linha Flora, \u00e9 de f\u00e1cil instala\u00e7\u00e3o, ideal para decora\u00e7\u00e3o e pode ser usado em v\u00e1rios ambientes.<\/p>\n<p>Caracter\u00edsticas:<br \/>\n\u2022 Formato oval.<br \/>\n\u2022 Com protetor de borda, que evita a oxida\u00e7\u00e3o.<br \/>\n\u2022 Acompanha kit de fixa\u00e7\u00e3o.<br \/>\n\u2022 Pode ser utilizado em diversos ambientes.<\/p>\n<p>Uso:<br \/>\nIdeal para decora\u00e7\u00e3o, pois pode conferir sensa\u00e7\u00e3o de amplitude ao local, deixando-o mais agrad\u00e1vel e aconchegante.<\/p>\n<p>Informa\u00e7\u00f5es T\u00e9cnicas:<br \/>\nC\u00f3digo F\u00e1brica: EPF\/G<br \/>\nMedida:\u00a0C=44 cm x A=55 cm &#8211; E=3mm<\/p>\n","protected":false},"featured_media":6491,"comment_status":"open","ping_status":"closed","template":"","meta":[],"product_cat":[1097,168],"product_tag":[2446,2494,2495],"_links":{"self":[{"href":"https:\/\/trenaferragens.com.br\/index.php?rest_route=\/wp\/v2\/product\/6490"}],"collection":[{"href":"https:\/\/trenaferragens.com.br\/index.php?rest_route=\/wp\/v2\/product"}],"about":[{"href":"https:\/\/trenaferragens.com.br\/index.php?rest_route=\/wp\/v2\/types\/product"}],"replies":[{"embeddable":true,"href":"https:\/\/trenaferragens.com.br\/index.php?rest_route=%2Fwp%2Fv2%2Fcomments&post=6490"}],"wp:featuredmedia":[{"embeddable":true,"href":"https:\/\/trenaferragens.com.br\/index.php?rest_route=\/wp\/v2\/media\/6491"}],"wp:attachment":[{"href":"https:\/\/trenaferragens.com.br\/index.php?rest_route=%2Fwp%2Fv2%2Fmedia&parent=6490"}],"wp:term":[{"taxonomy":"product_cat","embeddable":true,"href":"https:\/\/trenaferragens.com.br\/index.php?rest_route=%2Fwp%2Fv2%2Fproduct_cat&post=6490"},{"taxonomy":"product_tag","embeddable":true,"href":"https:\/\/trenaferragens.com.br\/index.php?rest_route=%2Fwp%2Fv2%2Fproduct_tag&post=6490"}],"curies":[{"name":"wp","href":"https:\/\/api.w.org\/{rel}","templated":true}]}}