{"id":6492,"date":"2019-08-21T20:32:37","date_gmt":"2019-08-21T20:32:37","guid":{"rendered":"http:\/\/trenaferragens1.hospedagemdesites.ws\/?post_type=product&#038;p=6492"},"modified":"2019-08-21T20:34:44","modified_gmt":"2019-08-21T20:34:44","slug":"espelho-polido-lb6-astra","status":"publish","type":"product","link":"https:\/\/trenaferragens.com.br\/?product=espelho-polido-lb6-astra","title":{"rendered":"Espelho P\u00f3lido (LB6) Astra"},"content":{"rendered":"<p>Espelho P\u00f3lido (LB6) Astra<\/p>\n<p>ASTRA<\/p>\n<p>A Astra S\/A Ind\u00fastria e Com\u00e9rcio, fundada em 1957, na cidade de Jundia\u00ed &#8211; a 60km da capital paulista &#8211; \u00e9 uma empresa\u00a0multiespecializada, que cria e comercializa produtos e solu\u00e7\u00f5es para o\u00a0dia a dia das pessoas.<\/p>\n<p>Possui um portf\u00f3lio variado, composto por itens voltados para a\u00a0constru\u00e7\u00e3o, que v\u00e3o da funda\u00e7\u00e3o da obra ao acabamento, do item t\u00e9cnico ao de decora\u00e7\u00e3o:<\/p>\n<p>A Astra est\u00e1 em constante evolu\u00e7\u00e3o de suas linhas de produtos, por isso busca cada vez mais o desenvolvimento de itens que priorizem o\u00a0design funcional, com foco em\u00a0praticidade, beleza e bem-estar.<\/p>\n","protected":false},"excerpt":{"rendered":"<p>Espelho P\u00f3lido (LB6) Astra<\/p>\n<p>O Espelho Redondo com Moldura \u00e9 de f\u00e1cil instala\u00e7\u00e3o e pode ser usado em v\u00e1rios ambientes.<\/p>\n<p>Caracter\u00edsticas:<br \/>\n\u2022 Moldura de alum\u00ednio anodizado.<br \/>\n\u2022 Resistente \u00e0 oxida\u00e7\u00e3o.<br \/>\n\u2022 Acabamento lateral em alum\u00ednio.<br \/>\n\u2022 Acompanha kit de fixa\u00e7\u00e3o.<br \/>\n\u2022 Pode ser utilizado em diversos ambientes.<\/p>\n<p>Uso:<br \/>\nPode ser utilizado como item de decora\u00e7\u00e3o e ou para auxiliar na higiene pessoal.<\/p>\n<p>Informa\u00e7\u00f5es T\u00e9cnicas:<br \/>\nC\u00f3digo F\u00e1brica: LB6<br \/>\nMedida: \u00d8 40 cm &#8211; E = 2mm<\/p>\n","protected":false},"featured_media":6493,"comment_status":"open","ping_status":"closed","template":"","meta":[],"product_cat":[1097,168],"product_tag":[2446,2494,2496],"_links":{"self":[{"href":"https:\/\/trenaferragens.com.br\/index.php?rest_route=\/wp\/v2\/product\/6492"}],"collection":[{"href":"https:\/\/trenaferragens.com.br\/index.php?rest_route=\/wp\/v2\/product"}],"about":[{"href":"https:\/\/trenaferragens.com.br\/index.php?rest_route=\/wp\/v2\/types\/product"}],"replies":[{"embeddable":true,"href":"https:\/\/trenaferragens.com.br\/index.php?rest_route=%2Fwp%2Fv2%2Fcomments&post=6492"}],"wp:featuredmedia":[{"embeddable":true,"href":"https:\/\/trenaferragens.com.br\/index.php?rest_route=\/wp\/v2\/media\/6493"}],"wp:attachment":[{"href":"https:\/\/trenaferragens.com.br\/index.php?rest_route=%2Fwp%2Fv2%2Fmedia&parent=6492"}],"wp:term":[{"taxonomy":"product_cat","embeddable":true,"href":"https:\/\/trenaferragens.com.br\/index.php?rest_route=%2Fwp%2Fv2%2Fproduct_cat&post=6492"},{"taxonomy":"product_tag","embeddable":true,"href":"https:\/\/trenaferragens.com.br\/index.php?rest_route=%2Fwp%2Fv2%2Fproduct_tag&post=6492"}],"curies":[{"name":"wp","href":"https:\/\/api.w.org\/{rel}","templated":true}]}}