{"id":6496,"date":"2019-08-21T20:38:38","date_gmt":"2019-08-21T20:38:38","guid":{"rendered":"http:\/\/trenaferragens1.hospedagemdesites.ws\/?post_type=product&#038;p=6496"},"modified":"2019-08-21T20:42:44","modified_gmt":"2019-08-21T20:42:44","slug":"kit-caixa-acoplada-universal-lateral-mu-k-astra","status":"publish","type":"product","link":"https:\/\/trenaferragens.com.br\/?product=kit-caixa-acoplada-universal-lateral-mu-k-astra","title":{"rendered":"Kit Caixa Acoplada Universal Lateral (MU\/K) Astra"},"content":{"rendered":"<p>Kit Caixa Acoplada Universal Lateral (MU\/K) Astra<\/p>\n<p>ASTRA<\/p>\n<p>A Astra S\/A Ind\u00fastria e Com\u00e9rcio, fundada em 1957, na cidade de Jundia\u00ed &#8211; a 60km da capital paulista &#8211; \u00e9 uma empresa\u00a0multiespecializada, que cria e comercializa produtos e solu\u00e7\u00f5es para o\u00a0dia a dia das pessoas.<\/p>\n<p>Possui um portf\u00f3lio variado, composto por itens voltados para a\u00a0constru\u00e7\u00e3o, que v\u00e3o da funda\u00e7\u00e3o da obra ao acabamento, do item t\u00e9cnico ao de decora\u00e7\u00e3o:<\/p>\n<p>A Astra est\u00e1 em constante evolu\u00e7\u00e3o de suas linhas de produtos, por isso busca cada vez mais o desenvolvimento de itens que priorizem o\u00a0design funcional, com foco em\u00a0praticidade, beleza e bem-estar.<\/p>\n","protected":false},"excerpt":{"rendered":"<p>Kit Caixa Acoplada Universal Lateral (MU\/K) Astra<\/p>\n<p>Conjunto Completo Universal de mecanismos de descarga para caixa acoplada.<\/p>\n<p>Caracter\u00edsticas:<br \/>\n\u2022 Compat\u00edvel com todos os tipos de lou\u00e7a.<br \/>\n\u2022 Maior desempenho e economia.<br \/>\n\u2022 Acompanha boia, bolsa (anel) de veda\u00e7\u00e3o e dois parafusos para fixa\u00e7\u00e3o na bacia.<br \/>\n\u2022 Feito em pl\u00e1stico resistente.<br \/>\n\u2022 Veda\u00e7\u00f5es em silicone, maior durabilidade e resist\u00eancia.<br \/>\n\u2022 Permite instala\u00e7\u00e3o em diversos n\u00edveis, sendo compat\u00edvel com caixas acopladas de diversas alturas.<br \/>\n\u2022 Tubo extravasor de regulagem telesc\u00f3pica para os modelos MU\/E, MU\/K e MU\/F.<br \/>\n\u2022 Indicado para caixa acoplada com sa\u00edda de 2&#8243; e entrada de 1\/2&#8243;.<br \/>\n\u2022 Regulagem de volume da descarga atrav\u00e9s do obturador.<br \/>\n\u2022 Acompanha acionamento cromado.<\/p>\n<p>Uso:<br \/>\nInstalado dentro da caixa acoplada ao vaso sanit\u00e1rio para controlar o fluxo de entrada de \u00e1gua e eliminar os dejetos.<\/p>\n<p>Informa\u00e7\u00f5es T\u00e9cnicas:<br \/>\nC\u00f3digo F\u00e1brica: MU\/K<br \/>\nAcionamento:\u00a0Lateral externo<br \/>\nPress\u00e3o de trabalho:\u00a02 a 40 m.c.a<br \/>\nMedida: 251 a 430 mm<\/p>\n","protected":false},"featured_media":6497,"comment_status":"open","ping_status":"closed","template":"","meta":[],"product_cat":[1097,168],"product_tag":[2446,2361,2498],"_links":{"self":[{"href":"https:\/\/trenaferragens.com.br\/index.php?rest_route=\/wp\/v2\/product\/6496"}],"collection":[{"href":"https:\/\/trenaferragens.com.br\/index.php?rest_route=\/wp\/v2\/product"}],"about":[{"href":"https:\/\/trenaferragens.com.br\/index.php?rest_route=\/wp\/v2\/types\/product"}],"replies":[{"embeddable":true,"href":"https:\/\/trenaferragens.com.br\/index.php?rest_route=%2Fwp%2Fv2%2Fcomments&post=6496"}],"wp:featuredmedia":[{"embeddable":true,"href":"https:\/\/trenaferragens.com.br\/index.php?rest_route=\/wp\/v2\/media\/6497"}],"wp:attachment":[{"href":"https:\/\/trenaferragens.com.br\/index.php?rest_route=%2Fwp%2Fv2%2Fmedia&parent=6496"}],"wp:term":[{"taxonomy":"product_cat","embeddable":true,"href":"https:\/\/trenaferragens.com.br\/index.php?rest_route=%2Fwp%2Fv2%2Fproduct_cat&post=6496"},{"taxonomy":"product_tag","embeddable":true,"href":"https:\/\/trenaferragens.com.br\/index.php?rest_route=%2Fwp%2Fv2%2Fproduct_tag&post=6496"}],"curies":[{"name":"wp","href":"https:\/\/api.w.org\/{rel}","templated":true}]}}