{"id":6504,"date":"2019-08-21T20:49:29","date_gmt":"2019-08-21T20:49:29","guid":{"rendered":"http:\/\/trenaferragens1.hospedagemdesites.ws\/?post_type=product&#038;p=6504"},"modified":"2019-08-21T20:53:09","modified_gmt":"2019-08-21T20:53:09","slug":"mecanismo-saida-duplo-acionamento-msd-cb1-caixa-baixa-astra","status":"publish","type":"product","link":"https:\/\/trenaferragens.com.br\/?product=mecanismo-saida-duplo-acionamento-msd-cb1-caixa-baixa-astra","title":{"rendered":"Mecanismo Sa\u00edda Duplo Acionamento (MSD\/CB1) Caixa Baixa Astra"},"content":{"rendered":"<p>Mecanismo Sa\u00edda Duplo Acionamento (MSD\/CB1) Caixa Baixa Astra<\/p>\n<p>ASTRA<\/p>\n<p>A Astra S\/A Ind\u00fastria e Com\u00e9rcio, fundada em 1957, na cidade de Jundia\u00ed &#8211; a 60km da capital paulista &#8211; \u00e9 uma empresa\u00a0multiespecializada, que cria e comercializa produtos e solu\u00e7\u00f5es para o\u00a0dia a dia das pessoas.<\/p>\n<p>Possui um portf\u00f3lio variado, composto por itens voltados para a\u00a0constru\u00e7\u00e3o, que v\u00e3o da funda\u00e7\u00e3o da obra ao acabamento, do item t\u00e9cnico ao de decora\u00e7\u00e3o:<\/p>\n<p>A Astra est\u00e1 em constante evolu\u00e7\u00e3o de suas linhas de produtos, por isso busca cada vez mais o desenvolvimento de itens que priorizem o\u00a0design funcional, com foco em\u00a0praticidade, beleza e bem-estar.<\/p>\n","protected":false},"excerpt":{"rendered":"<p>Mecanismo Sa\u00edda Duplo Acionamento (MSD\/CB1) Caixa Baixa Astra<\/p>\n<p>O Mecanismo de sa\u00edda das Caixas Baixa e M\u00e9dia da Astra possui duplo acionamento, que permite ao usu\u00e1rio escolher o fluxo da descarga conforme a necessidade de limpeza (3L e 6L).<\/p>\n<p>Caracter\u00edsticas:<br \/>\n\u2022 Acionamento para dois fluxos (3L e 6L), conforme necessidade de limpeza da lou\u00e7a.<br \/>\n\u2022 Produto que promove economia de \u00e1gua.<br \/>\n\u2022 F\u00e1cil manuten\u00e7\u00e3o e regulagem.<br \/>\n\u2022 Vem com guias que facilitam o encaixe e a instala\u00e7\u00e3o.<\/p>\n<p>Uso:<br \/>\nO mecanismo \u00e9 instalado dentro da Caixa Baixa (CB1) e M\u00e9dia (CB2) da Astra para liberar os fluxos de descarga parcial (3L) e total (6L).<\/p>\n<p>Informa\u00e7\u00f5es T\u00e9cnicas:<br \/>\nC\u00f3digo F\u00e1brica:\u00a0MSD\/CB1<br \/>\nMedida: 8 x 8,5 x 30,6 cm<\/p>\n","protected":false},"featured_media":6505,"comment_status":"open","ping_status":"closed","template":"","meta":[],"product_cat":[1097,168],"product_tag":[2446,2503,2502],"_links":{"self":[{"href":"https:\/\/trenaferragens.com.br\/index.php?rest_route=\/wp\/v2\/product\/6504"}],"collection":[{"href":"https:\/\/trenaferragens.com.br\/index.php?rest_route=\/wp\/v2\/product"}],"about":[{"href":"https:\/\/trenaferragens.com.br\/index.php?rest_route=\/wp\/v2\/types\/product"}],"replies":[{"embeddable":true,"href":"https:\/\/trenaferragens.com.br\/index.php?rest_route=%2Fwp%2Fv2%2Fcomments&post=6504"}],"wp:featuredmedia":[{"embeddable":true,"href":"https:\/\/trenaferragens.com.br\/index.php?rest_route=\/wp\/v2\/media\/6505"}],"wp:attachment":[{"href":"https:\/\/trenaferragens.com.br\/index.php?rest_route=%2Fwp%2Fv2%2Fmedia&parent=6504"}],"wp:term":[{"taxonomy":"product_cat","embeddable":true,"href":"https:\/\/trenaferragens.com.br\/index.php?rest_route=%2Fwp%2Fv2%2Fproduct_cat&post=6504"},{"taxonomy":"product_tag","embeddable":true,"href":"https:\/\/trenaferragens.com.br\/index.php?rest_route=%2Fwp%2Fv2%2Fproduct_tag&post=6504"}],"curies":[{"name":"wp","href":"https:\/\/api.w.org\/{rel}","templated":true}]}}