{"id":6506,"date":"2019-08-21T20:53:33","date_gmt":"2019-08-21T20:53:33","guid":{"rendered":"http:\/\/trenaferragens1.hospedagemdesites.ws\/?post_type=product&#038;p=6506"},"modified":"2019-08-21T20:55:07","modified_gmt":"2019-08-21T20:55:07","slug":"mecanismo-p-caixa-acoplada-boia-kf160-astra","status":"publish","type":"product","link":"https:\/\/trenaferragens.com.br\/?product=mecanismo-p-caixa-acoplada-boia-kf160-astra","title":{"rendered":"Mecanismo P\/Caixa Acoplada Boia (KF160) Astra"},"content":{"rendered":"<p>Mecanismo P\/Caixa Acoplada Boia (KF160) Astra<\/p>\n<p>ASTRA<\/p>\n<p>A Astra S\/A Ind\u00fastria e Com\u00e9rcio, fundada em 1957, na cidade de Jundia\u00ed &#8211; a 60km da capital paulista &#8211; \u00e9 uma empresa\u00a0multiespecializada, que cria e comercializa produtos e solu\u00e7\u00f5es para o\u00a0dia a dia das pessoas.<\/p>\n<p>Possui um portf\u00f3lio variado, composto por itens voltados para a\u00a0constru\u00e7\u00e3o, que v\u00e3o da funda\u00e7\u00e3o da obra ao acabamento, do item t\u00e9cnico ao de decora\u00e7\u00e3o:<\/p>\n<p>A Astra est\u00e1 em constante evolu\u00e7\u00e3o de suas linhas de produtos, por isso busca cada vez mais o desenvolvimento de itens que priorizem o\u00a0design funcional, com foco em\u00a0praticidade, beleza e bem-estar.<\/p>\n","protected":false},"excerpt":{"rendered":"<p>Mecanismo P\/Caixa Acoplada Boia (KF160) Astra<\/p>\n<p>Boia com Conjunto de Fechamento para mecanismo de descarga.<\/p>\n<p>Caracter\u00edsticas:<br \/>\n\u2022 Modelos compat\u00edveis com as diversas lou\u00e7as do mercado.<br \/>\n\u2022 Possibilita a regulagem do n\u00edvel de \u00e1gua e vaz\u00e3o de entrada d\u2019\u00e1gua.<\/p>\n<p>Uso:<br \/>\nInstalada dentro da caixa acoplada para delimitar o n\u00edvel de \u00e1gua dentro do reservat\u00f3rio.<\/p>\n<p>Informa\u00e7\u00f5es T\u00e9cnicas:<br \/>\nC\u00f3digo F\u00e1brica: KF160<br \/>\nMedida: 330 mm<\/p>\n","protected":false},"featured_media":6507,"comment_status":"open","ping_status":"closed","template":"","meta":[],"product_cat":[1097,168],"product_tag":[2446,2503,2504],"_links":{"self":[{"href":"https:\/\/trenaferragens.com.br\/index.php?rest_route=\/wp\/v2\/product\/6506"}],"collection":[{"href":"https:\/\/trenaferragens.com.br\/index.php?rest_route=\/wp\/v2\/product"}],"about":[{"href":"https:\/\/trenaferragens.com.br\/index.php?rest_route=\/wp\/v2\/types\/product"}],"replies":[{"embeddable":true,"href":"https:\/\/trenaferragens.com.br\/index.php?rest_route=%2Fwp%2Fv2%2Fcomments&post=6506"}],"wp:featuredmedia":[{"embeddable":true,"href":"https:\/\/trenaferragens.com.br\/index.php?rest_route=\/wp\/v2\/media\/6507"}],"wp:attachment":[{"href":"https:\/\/trenaferragens.com.br\/index.php?rest_route=%2Fwp%2Fv2%2Fmedia&parent=6506"}],"wp:term":[{"taxonomy":"product_cat","embeddable":true,"href":"https:\/\/trenaferragens.com.br\/index.php?rest_route=%2Fwp%2Fv2%2Fproduct_cat&post=6506"},{"taxonomy":"product_tag","embeddable":true,"href":"https:\/\/trenaferragens.com.br\/index.php?rest_route=%2Fwp%2Fv2%2Fproduct_tag&post=6506"}],"curies":[{"name":"wp","href":"https:\/\/api.w.org\/{rel}","templated":true}]}}