{"id":6508,"date":"2019-08-22T14:03:09","date_gmt":"2019-08-22T14:03:09","guid":{"rendered":"http:\/\/trenaferragens1.hospedagemdesites.ws\/?post_type=product&#038;p=6508"},"modified":"2019-08-22T14:08:41","modified_gmt":"2019-08-22T14:08:41","slug":"mini-banqueta-bf2br1-astra","status":"publish","type":"product","link":"https:\/\/trenaferragens.com.br\/?product=mini-banqueta-bf2br1-astra","title":{"rendered":"Mini Banqueta (BF2*BR1) Astra"},"content":{"rendered":"<p>Mini Banqueta (BF2*BR1) Astra<\/p>\n<p>ASTRA<\/p>\n<p>A Astra S\/A Ind\u00fastria e Com\u00e9rcio, fundada em 1957, na cidade de Jundia\u00ed &#8211; a 60km da capital paulista &#8211; \u00e9 uma empresa\u00a0multiespecializada, que cria e comercializa produtos e solu\u00e7\u00f5es para o\u00a0dia a dia das pessoas.<\/p>\n<p>Possui um portf\u00f3lio variado, composto por itens voltados para a\u00a0constru\u00e7\u00e3o, que v\u00e3o da funda\u00e7\u00e3o da obra ao acabamento, do item t\u00e9cnico ao de decora\u00e7\u00e3o:<\/p>\n<p>A Astra est\u00e1 em constante evolu\u00e7\u00e3o de suas linhas de produtos, por isso busca cada vez mais o desenvolvimento de itens que priorizem o\u00a0design funcional, com foco em\u00a0praticidade, beleza e bem-estar.<\/p>\n","protected":false},"excerpt":{"rendered":"<p>Mini Banqueta (BF2*BR1) Astra<\/p>\n<p>Mini banqueta de pl\u00e1stico. Ideal para crian\u00e7as e pessoas de baixa estatura, pois facilita o acesso a locais mais altos. Pode ser transportada para qualquer lugar.<\/p>\n<p>Caracter\u00edsticas:<br \/>\n\u2022 Suporta 140kg.<br \/>\n\u2022 Totalmente em pl\u00e1stico, pode ser limpa com \u00e1gua e sab\u00e3o.<br \/>\n\u2022 Super refor\u00e7ada: maior vida \u00fatil.<br \/>\n\u2022 Tr\u00eas op\u00e7\u00f5es de cores: branca, blueberry e goiaba.<br \/>\n\u2022 Tamanho vers\u00e1til, pr\u00f3prio para uso em v\u00e1rias situa\u00e7\u00f5es do dia a dia.<\/p>\n<p>Uso:<br \/>\n\u2022 Produto indicado para pessoas com baixa estatura, crian\u00e7as e profissionais como pedicures e pod\u00f3logos. Usado tamb\u00e9m no banheiro junto ao vaso, para apoio dos p\u00e9s, facilitando a evacua\u00e7\u00e3o devido ao \u00e2ngulo de 35\u00b0 formado pelo corpo. Colabora para o funcionamento do c\u00f3lon e auxilia no combate a pris\u00e3o de ventre, constipa\u00e7\u00e3o e hemorr\u00f3idas.<br \/>\n\u2022 Recomendado para uso residencial. Para estabelecimentos p\u00fablicos ou privados de uso comum, deve-se seguir a norma ABNT NBR 9050:2015.<br \/>\n\u2022 Cabe a cada usu\u00e1rio avaliar a sua necessidade para identificar os produtos Astra mais adequados ao seu caso, analisando as especifica\u00e7\u00f5es t\u00e9cnicas dos itens e buscando orienta\u00e7\u00e3o profissional, se for preciso.<\/p>\n<p>Informa\u00e7\u00f5es T\u00e9cnicas:<br \/>\nC\u00f3digo F\u00e1brica: BF2*BR1<br \/>\nMedida: 32,5 x 32,5 x 20,5<\/p>\n","protected":false},"featured_media":6509,"comment_status":"open","ping_status":"closed","template":"","meta":[],"product_cat":[1097,168],"product_tag":[2446,2505,2506,2507],"_links":{"self":[{"href":"https:\/\/trenaferragens.com.br\/index.php?rest_route=\/wp\/v2\/product\/6508"}],"collection":[{"href":"https:\/\/trenaferragens.com.br\/index.php?rest_route=\/wp\/v2\/product"}],"about":[{"href":"https:\/\/trenaferragens.com.br\/index.php?rest_route=\/wp\/v2\/types\/product"}],"replies":[{"embeddable":true,"href":"https:\/\/trenaferragens.com.br\/index.php?rest_route=%2Fwp%2Fv2%2Fcomments&post=6508"}],"wp:featuredmedia":[{"embeddable":true,"href":"https:\/\/trenaferragens.com.br\/index.php?rest_route=\/wp\/v2\/media\/6509"}],"wp:attachment":[{"href":"https:\/\/trenaferragens.com.br\/index.php?rest_route=%2Fwp%2Fv2%2Fmedia&parent=6508"}],"wp:term":[{"taxonomy":"product_cat","embeddable":true,"href":"https:\/\/trenaferragens.com.br\/index.php?rest_route=%2Fwp%2Fv2%2Fproduct_cat&post=6508"},{"taxonomy":"product_tag","embeddable":true,"href":"https:\/\/trenaferragens.com.br\/index.php?rest_route=%2Fwp%2Fv2%2Fproduct_tag&post=6508"}],"curies":[{"name":"wp","href":"https:\/\/api.w.org\/{rel}","templated":true}]}}