{"id":6512,"date":"2019-08-22T16:37:49","date_gmt":"2019-08-22T16:37:49","guid":{"rendered":"http:\/\/trenaferragens1.hospedagemdesites.ws\/?post_type=product&#038;p=6512"},"modified":"2019-08-22T16:52:13","modified_gmt":"2019-08-22T16:52:13","slug":"obturador-caixa-acoplada-borracha-pvc-ks-o-astra","status":"publish","type":"product","link":"https:\/\/trenaferragens.com.br\/?product=obturador-caixa-acoplada-borracha-pvc-ks-o-astra","title":{"rendered":"Obturador Caixa Acoplada Borracha PVC (KS\/O) Astra"},"content":{"rendered":"<p>Obturador Caixa Acoplada Borracha PVC (KS\/O) Astra<\/p>\n<p>ASTRA<\/p>\n<p>A Astra S\/A Ind\u00fastria e Com\u00e9rcio, fundada em 1957, na cidade de Jundia\u00ed &#8211; a 60km da capital paulista &#8211; \u00e9 uma empresa\u00a0multiespecializada, que cria e comercializa produtos e solu\u00e7\u00f5es para o\u00a0dia a dia das pessoas.<\/p>\n<p>Possui um portf\u00f3lio variado, composto por itens voltados para a\u00a0constru\u00e7\u00e3o, que v\u00e3o da funda\u00e7\u00e3o da obra ao acabamento, do item t\u00e9cnico ao de decora\u00e7\u00e3o:<\/p>\n<p>A Astra est\u00e1 em constante evolu\u00e7\u00e3o de suas linhas de produtos, por isso busca cada vez mais o desenvolvimento de itens que priorizem o\u00a0design funcional, com foco em\u00a0praticidade, beleza e bem-estar.<\/p>\n","protected":false},"excerpt":{"rendered":"<p>Obturador Caixa Acoplada Borracha PVC (KS\/O) Astra<\/p>\n<p>Obturadores para a sa\u00edda de \u00e1gua de mecanismo convencional de descarga. Excelentes op\u00e7\u00f5es para economia de \u00e1gua.<\/p>\n<p>Caracter\u00edsticas:<br \/>\n\u2022 Controla a sa\u00edda de \u00e1gua dos mecanismos convencionais.<br \/>\n\u2022 Diferentes op\u00e7\u00f5es: Obturador r\u00edgido com veda\u00e7\u00e3o de silicone ou Obturador flex\u00edvel de PVC.<\/p>\n<p>Uso:<br \/>\nInstalado no mecanismo de sa\u00edda d\u00e1gua, realiza a veda\u00e7\u00e3o ap\u00f3s a descarga.<\/p>\n<p>Informa\u00e7\u00f5es T\u00e9cnicas:<br \/>\nC\u00f3digo F\u00e1brica: KS\/O<br \/>\nDescri\u00e7\u00e3o: Usados em mecanismos de sa\u00edda de di\u00e2metro de 2&#8243;<\/p>\n","protected":false},"featured_media":6515,"comment_status":"open","ping_status":"closed","template":"","meta":[],"product_cat":[1097,168],"product_tag":[2446,2510,2511],"_links":{"self":[{"href":"https:\/\/trenaferragens.com.br\/index.php?rest_route=\/wp\/v2\/product\/6512"}],"collection":[{"href":"https:\/\/trenaferragens.com.br\/index.php?rest_route=\/wp\/v2\/product"}],"about":[{"href":"https:\/\/trenaferragens.com.br\/index.php?rest_route=\/wp\/v2\/types\/product"}],"replies":[{"embeddable":true,"href":"https:\/\/trenaferragens.com.br\/index.php?rest_route=%2Fwp%2Fv2%2Fcomments&post=6512"}],"wp:featuredmedia":[{"embeddable":true,"href":"https:\/\/trenaferragens.com.br\/index.php?rest_route=\/wp\/v2\/media\/6515"}],"wp:attachment":[{"href":"https:\/\/trenaferragens.com.br\/index.php?rest_route=%2Fwp%2Fv2%2Fmedia&parent=6512"}],"wp:term":[{"taxonomy":"product_cat","embeddable":true,"href":"https:\/\/trenaferragens.com.br\/index.php?rest_route=%2Fwp%2Fv2%2Fproduct_cat&post=6512"},{"taxonomy":"product_tag","embeddable":true,"href":"https:\/\/trenaferragens.com.br\/index.php?rest_route=%2Fwp%2Fv2%2Fproduct_tag&post=6512"}],"curies":[{"name":"wp","href":"https:\/\/api.w.org\/{rel}","templated":true}]}}