{"id":6526,"date":"2019-08-22T17:31:57","date_gmt":"2019-08-22T17:31:57","guid":{"rendered":"http:\/\/trenaferragens1.hospedagemdesites.ws\/?post_type=product&#038;p=6526"},"modified":"2019-08-22T17:41:09","modified_gmt":"2019-08-22T17:41:09","slug":"prateleira-multiuso-kit-completo-pms-astra","status":"publish","type":"product","link":"https:\/\/trenaferragens.com.br\/?product=prateleira-multiuso-kit-completo-pms-astra","title":{"rendered":"Prateleira Multiuso Kit Completo (PMS) Astra"},"content":{"rendered":"<p>Prateleira Multiuso Kit Completo (PMS) Astra<\/p>\n<p>ASTRA<\/p>\n<p>A Astra S\/A Ind\u00fastria e Com\u00e9rcio, fundada em 1957, na cidade de Jundia\u00ed &#8211; a 60km da capital paulista &#8211; \u00e9 uma empresa\u00a0multiespecializada, que cria e comercializa produtos e solu\u00e7\u00f5es para o\u00a0dia a dia das pessoas.<\/p>\n<p>Possui um portf\u00f3lio variado, composto por itens voltados para a\u00a0constru\u00e7\u00e3o, que v\u00e3o da funda\u00e7\u00e3o da obra ao acabamento, do item t\u00e9cnico ao de decora\u00e7\u00e3o:<\/p>\n<p>A Astra est\u00e1 em constante evolu\u00e7\u00e3o de suas linhas de produtos, por isso busca cada vez mais o desenvolvimento de itens que priorizem o\u00a0design funcional, com foco em\u00a0praticidade, beleza e bem-estar.<\/p>\n","protected":false},"excerpt":{"rendered":"<p>Prateleira Multiuso Kit Completo (PMS) Astra<\/p>\n<p>As Prateleiras Pl\u00e1sticas s\u00e3o um \u00f3tima op\u00e7\u00e3o para organizar artefatos de forma criativa e inteligente. Multifuncionais, s\u00e3o pr\u00e1ticas e podem dar um ar diferente no ambiente escolhido, com suas diversas op\u00e7\u00f5es de cores. O diferencial do produto fica por conta da mat\u00e9ria-prima: o pl\u00e1stico, que resiste at\u00e9 25 kg de carga.<\/p>\n<p>Caracter\u00edsticas:<br \/>\n\u2022 Resistente.<br \/>\n\u2022 Robusta.<br \/>\n\u2022 Leve.<br \/>\n\u2022 Fabricada totalmente em pl\u00e1stico.<br \/>\n\u2022 N\u00e3o atrai cupim.<br \/>\n\u2022 N\u00e3o empena.<br \/>\n\u2022 Resistente \u00e0 umidade.<br \/>\n\u2022 Superf\u00edcie lisa: f\u00e1cil limpeza.<br \/>\n\u2022 Indicada para ambientes internos.<br \/>\n\u2022 F\u00e1cil instala\u00e7\u00e3o.<br \/>\n\u2022 Acompanha kit de fixa\u00e7\u00e3o.<br \/>\n\u2022 Organiza e decora o ambiente.<br \/>\n\u2022 Cores que comp\u00f5em o ambiente.<\/p>\n<p>Informa\u00e7\u00f5es T\u00e9cnicas:<br \/>\nC\u00f3digo F\u00e1brica: PMS\/40,\u00a0PMS\/60,\u00a0PMS\/80,\u00a0PMS\/100<br \/>\nMedida:\u00a040 x 20 x 2,5 cm \/\u00a060 x 20 x 2,5 cm \/\u00a080 x 20 x 2,5 cm \/\u00a0100 x 20 x 2,5 cm<\/p>\n","protected":false},"featured_media":6527,"comment_status":"open","ping_status":"closed","template":"","meta":[],"product_cat":[1145,1143],"product_tag":[2446,2515,2516],"_links":{"self":[{"href":"https:\/\/trenaferragens.com.br\/index.php?rest_route=\/wp\/v2\/product\/6526"}],"collection":[{"href":"https:\/\/trenaferragens.com.br\/index.php?rest_route=\/wp\/v2\/product"}],"about":[{"href":"https:\/\/trenaferragens.com.br\/index.php?rest_route=\/wp\/v2\/types\/product"}],"replies":[{"embeddable":true,"href":"https:\/\/trenaferragens.com.br\/index.php?rest_route=%2Fwp%2Fv2%2Fcomments&post=6526"}],"wp:featuredmedia":[{"embeddable":true,"href":"https:\/\/trenaferragens.com.br\/index.php?rest_route=\/wp\/v2\/media\/6527"}],"wp:attachment":[{"href":"https:\/\/trenaferragens.com.br\/index.php?rest_route=%2Fwp%2Fv2%2Fmedia&parent=6526"}],"wp:term":[{"taxonomy":"product_cat","embeddable":true,"href":"https:\/\/trenaferragens.com.br\/index.php?rest_route=%2Fwp%2Fv2%2Fproduct_cat&post=6526"},{"taxonomy":"product_tag","embeddable":true,"href":"https:\/\/trenaferragens.com.br\/index.php?rest_route=%2Fwp%2Fv2%2Fproduct_tag&post=6526"}],"curies":[{"name":"wp","href":"https:\/\/api.w.org\/{rel}","templated":true}]}}