{"id":6535,"date":"2019-08-22T17:52:50","date_gmt":"2019-08-22T17:52:50","guid":{"rendered":"http:\/\/trenaferragens1.hospedagemdesites.ws\/?post_type=product&#038;p=6535"},"modified":"2019-08-22T17:54:15","modified_gmt":"2019-08-22T17:54:15","slug":"resistencia-astra-p-chuveiro-lorenzetti-max-ducha-45v1m","status":"publish","type":"product","link":"https:\/\/trenaferragens.com.br\/?product=resistencia-astra-p-chuveiro-lorenzetti-max-ducha-45v1m","title":{"rendered":"Resist\u00eancia Astra P\/Chuveiro Lorenzetti Max-Ducha (45V1M)"},"content":{"rendered":"<p>Resist\u00eancia Astra P\/Chuveiro Lorenzetti Max-Ducha (45V1M)<\/p>\n<p>ASTRA<\/p>\n<p>A Astra S\/A Ind\u00fastria e Com\u00e9rcio, fundada em 1957, na cidade de Jundia\u00ed &#8211; a 60km da capital paulista &#8211; \u00e9 uma empresa\u00a0multiespecializada, que cria e comercializa produtos e solu\u00e7\u00f5es para o\u00a0dia a dia das pessoas.<\/p>\n<p>Possui um portf\u00f3lio variado, composto por itens voltados para a\u00a0constru\u00e7\u00e3o, que v\u00e3o da funda\u00e7\u00e3o da obra ao acabamento, do item t\u00e9cnico ao de decora\u00e7\u00e3o:<\/p>\n<p>A Astra est\u00e1 em constante evolu\u00e7\u00e3o de suas linhas de produtos, por isso busca cada vez mais o desenvolvimento de itens que priorizem o\u00a0design funcional, com foco em\u00a0praticidade, beleza e bem-estar.<\/p>\n","protected":false},"excerpt":{"rendered":"<p>Resist\u00eancia Astra P\/Chuveiro Lorenzetti Bella Ducha (55V1S)<\/p>\n<p>Resist\u00eancia para duchas e torneiras el\u00e9tricas, com op\u00e7\u00e3o de tr\u00eas e quatro temperaturas. Dur\u00e1vel, econ\u00f4mica e segura.<\/p>\n<p>Caracter\u00edsticas:<br \/>\n\u2022 Diversas op\u00e7\u00f5es de pot\u00eancia e tens\u00f5es.<br \/>\n\u2022 Seguran\u00e7a no momento da troca.<br \/>\n\u2022 Alta durabilidade e economia.<\/p>\n<p>Informa\u00e7\u00f5es T\u00e9cnicas:<br \/>\nC\u00f3digo F\u00e1brica: REL45V1M &#8211;\u00a0127V 4500W<br \/>\nCompat\u00edvel:\u00a0Lorenzetti: Maxi Ducha, Maxi Banho, Bello Banho, Relax, Torneira Clean, Torneira Vers\u00e1til e Maxi Toneira.<\/p>\n","protected":false},"featured_media":6536,"comment_status":"open","ping_status":"closed","template":"","meta":[],"product_cat":[1097,168],"product_tag":[2446,2329,2518],"_links":{"self":[{"href":"https:\/\/trenaferragens.com.br\/index.php?rest_route=\/wp\/v2\/product\/6535"}],"collection":[{"href":"https:\/\/trenaferragens.com.br\/index.php?rest_route=\/wp\/v2\/product"}],"about":[{"href":"https:\/\/trenaferragens.com.br\/index.php?rest_route=\/wp\/v2\/types\/product"}],"replies":[{"embeddable":true,"href":"https:\/\/trenaferragens.com.br\/index.php?rest_route=%2Fwp%2Fv2%2Fcomments&post=6535"}],"wp:featuredmedia":[{"embeddable":true,"href":"https:\/\/trenaferragens.com.br\/index.php?rest_route=\/wp\/v2\/media\/6536"}],"wp:attachment":[{"href":"https:\/\/trenaferragens.com.br\/index.php?rest_route=%2Fwp%2Fv2%2Fmedia&parent=6535"}],"wp:term":[{"taxonomy":"product_cat","embeddable":true,"href":"https:\/\/trenaferragens.com.br\/index.php?rest_route=%2Fwp%2Fv2%2Fproduct_cat&post=6535"},{"taxonomy":"product_tag","embeddable":true,"href":"https:\/\/trenaferragens.com.br\/index.php?rest_route=%2Fwp%2Fv2%2Fproduct_tag&post=6535"}],"curies":[{"name":"wp","href":"https:\/\/api.w.org\/{rel}","templated":true}]}}