{"id":6537,"date":"2019-08-22T17:55:35","date_gmt":"2019-08-22T17:55:35","guid":{"rendered":"http:\/\/trenaferragens1.hospedagemdesites.ws\/?post_type=product&#038;p=6537"},"modified":"2019-08-22T17:57:20","modified_gmt":"2019-08-22T17:57:20","slug":"rolete-papel-higienico-astra-pvc","status":"publish","type":"product","link":"https:\/\/trenaferragens.com.br\/?product=rolete-papel-higienico-astra-pvc","title":{"rendered":"Rolete Papel Higi\u00eanico Astra PVC"},"content":{"rendered":"<p>Rolete Papel Higi\u00eanico Astra PVC<\/p>\n<p>ASTRA<\/p>\n<p>A Astra S\/A Ind\u00fastria e Com\u00e9rcio, fundada em 1957, na cidade de Jundia\u00ed &#8211; a 60km da capital paulista &#8211; \u00e9 uma empresa\u00a0multiespecializada, que cria e comercializa produtos e solu\u00e7\u00f5es para o\u00a0dia a dia das pessoas.<\/p>\n<p>Possui um portf\u00f3lio variado, composto por itens voltados para a\u00a0constru\u00e7\u00e3o, que v\u00e3o da funda\u00e7\u00e3o da obra ao acabamento, do item t\u00e9cnico ao de decora\u00e7\u00e3o:<\/p>\n<p>A Astra est\u00e1 em constante evolu\u00e7\u00e3o de suas linhas de produtos, por isso busca cada vez mais o desenvolvimento de itens que priorizem o\u00a0design funcional, com foco em\u00a0praticidade, beleza e bem-estar.<\/p>\n","protected":false},"excerpt":{"rendered":"<p>Rolete Papel Higi\u00eanico Astra PVC<\/p>\n<p>O Rolete de Papel higi\u00eanico \u00e9 um item de reposi\u00e7\u00e3o da papeleira de sobrepor (PS1).<\/p>\n<p>Caracter\u00edsticas:<br \/>\n\u2022 Organiza o ambiente.<br \/>\n\u2022 Pr\u00e1tico e vers\u00e1til.<\/p>\n<p>Informa\u00e7\u00f5es T\u00e9cnicas:<br \/>\nC\u00f3digo F\u00e1brica: RP<br \/>\nMedidas:\u00a0\u00d8 3,3 cm x 14,6 cm<\/p>\n","protected":false},"featured_media":6538,"comment_status":"open","ping_status":"closed","template":"","meta":[],"product_cat":[1097,168],"product_tag":[2446,2519],"_links":{"self":[{"href":"https:\/\/trenaferragens.com.br\/index.php?rest_route=\/wp\/v2\/product\/6537"}],"collection":[{"href":"https:\/\/trenaferragens.com.br\/index.php?rest_route=\/wp\/v2\/product"}],"about":[{"href":"https:\/\/trenaferragens.com.br\/index.php?rest_route=\/wp\/v2\/types\/product"}],"replies":[{"embeddable":true,"href":"https:\/\/trenaferragens.com.br\/index.php?rest_route=%2Fwp%2Fv2%2Fcomments&post=6537"}],"wp:featuredmedia":[{"embeddable":true,"href":"https:\/\/trenaferragens.com.br\/index.php?rest_route=\/wp\/v2\/media\/6538"}],"wp:attachment":[{"href":"https:\/\/trenaferragens.com.br\/index.php?rest_route=%2Fwp%2Fv2%2Fmedia&parent=6537"}],"wp:term":[{"taxonomy":"product_cat","embeddable":true,"href":"https:\/\/trenaferragens.com.br\/index.php?rest_route=%2Fwp%2Fv2%2Fproduct_cat&post=6537"},{"taxonomy":"product_tag","embeddable":true,"href":"https:\/\/trenaferragens.com.br\/index.php?rest_route=%2Fwp%2Fv2%2Fproduct_tag&post=6537"}],"curies":[{"name":"wp","href":"https:\/\/api.w.org\/{rel}","templated":true}]}}