{"id":6539,"date":"2019-08-22T17:57:57","date_gmt":"2019-08-22T17:57:57","guid":{"rendered":"http:\/\/trenaferragens1.hospedagemdesites.ws\/?post_type=product&#038;p=6539"},"modified":"2019-08-22T18:00:32","modified_gmt":"2019-08-22T18:00:32","slug":"saboneteira-aco-lb1-astra","status":"publish","type":"product","link":"https:\/\/trenaferragens.com.br\/?product=saboneteira-aco-lb1-astra","title":{"rendered":"Saboneteira A\u00e7o (LB1) Astra"},"content":{"rendered":"<p>Saboneteira A\u00e7o (LB1) Astra<\/p>\n<p>ASTRA<\/p>\n<p>A Astra S\/A Ind\u00fastria e Com\u00e9rcio, fundada em 1957, na cidade de Jundia\u00ed &#8211; a 60km da capital paulista &#8211; \u00e9 uma empresa\u00a0multiespecializada, que cria e comercializa produtos e solu\u00e7\u00f5es para o\u00a0dia a dia das pessoas.<\/p>\n<p>Possui um portf\u00f3lio variado, composto por itens voltados para a\u00a0constru\u00e7\u00e3o, que v\u00e3o da funda\u00e7\u00e3o da obra ao acabamento, do item t\u00e9cnico ao de decora\u00e7\u00e3o:<\/p>\n<p>A Astra est\u00e1 em constante evolu\u00e7\u00e3o de suas linhas de produtos, por isso busca cada vez mais o desenvolvimento de itens que priorizem o\u00a0design funcional, com foco em\u00a0praticidade, beleza e bem-estar.<\/p>\n","protected":false},"excerpt":{"rendered":"<p>Saboneteira A\u00e7o (LB1) Astra<\/p>\n<p>A Saboneteira de Embutir possui tampa e um compartimento que acomoda o sabonete, protegendo-o da \u00e1gua e evitando o derretimento.<\/p>\n<p>Caracter\u00edsticas:<br \/>\n\u2022 Otimiza o espa\u00e7o do banheiro: saboneteira de embutir.<br \/>\n\u2022 Design funcional e pr\u00e1tico.<br \/>\n\u2022 Fabricada com perfil de alum\u00ednio e tampa em a\u00e7o inox.<br \/>\n\u2022 Possui tampa de a\u00e7o inox e bojo porta-sabonete em pl\u00e1stico fum\u00ea.<br \/>\n\u2022 Resistente \u00e0 corros\u00e3o.<br \/>\n\u2022 Protege o sabonete.<\/p>\n<p>Informa\u00e7\u00f5es T\u00e9cnicas:<br \/>\nC\u00f3digo F\u00e1brica: LB1<br \/>\nMedidas: 18,2 cm x 11,2 cm x 12 cm<\/p>\n","protected":false},"featured_media":6540,"comment_status":"open","ping_status":"closed","template":"","meta":[],"product_cat":[1097,168],"product_tag":[2446,2520,2521],"_links":{"self":[{"href":"https:\/\/trenaferragens.com.br\/index.php?rest_route=\/wp\/v2\/product\/6539"}],"collection":[{"href":"https:\/\/trenaferragens.com.br\/index.php?rest_route=\/wp\/v2\/product"}],"about":[{"href":"https:\/\/trenaferragens.com.br\/index.php?rest_route=\/wp\/v2\/types\/product"}],"replies":[{"embeddable":true,"href":"https:\/\/trenaferragens.com.br\/index.php?rest_route=%2Fwp%2Fv2%2Fcomments&post=6539"}],"wp:featuredmedia":[{"embeddable":true,"href":"https:\/\/trenaferragens.com.br\/index.php?rest_route=\/wp\/v2\/media\/6540"}],"wp:attachment":[{"href":"https:\/\/trenaferragens.com.br\/index.php?rest_route=%2Fwp%2Fv2%2Fmedia&parent=6539"}],"wp:term":[{"taxonomy":"product_cat","embeddable":true,"href":"https:\/\/trenaferragens.com.br\/index.php?rest_route=%2Fwp%2Fv2%2Fproduct_cat&post=6539"},{"taxonomy":"product_tag","embeddable":true,"href":"https:\/\/trenaferragens.com.br\/index.php?rest_route=%2Fwp%2Fv2%2Fproduct_tag&post=6539"}],"curies":[{"name":"wp","href":"https:\/\/api.w.org\/{rel}","templated":true}]}}