{"id":6541,"date":"2019-08-22T18:01:50","date_gmt":"2019-08-22T18:01:50","guid":{"rendered":"http:\/\/trenaferragens1.hospedagemdesites.ws\/?post_type=product&#038;p=6541"},"modified":"2019-08-22T18:10:14","modified_gmt":"2019-08-22T18:10:14","slug":"saboneteira-pvc-branco-ss2-astra","status":"publish","type":"product","link":"https:\/\/trenaferragens.com.br\/?product=saboneteira-pvc-branco-ss2-astra","title":{"rendered":"Saboneteira PVC Branco (SS2) Astra"},"content":{"rendered":"<p>Saboneteira PVC Branco (SS2) Astra<\/p>\n<p>ASTRA<\/p>\n<p>A Astra S\/A Ind\u00fastria e Com\u00e9rcio, fundada em 1957, na cidade de Jundia\u00ed &#8211; a 60km da capital paulista &#8211; \u00e9 uma empresa\u00a0multiespecializada, que cria e comercializa produtos e solu\u00e7\u00f5es para o\u00a0dia a dia das pessoas.<\/p>\n<p>Possui um portf\u00f3lio variado, composto por itens voltados para a\u00a0constru\u00e7\u00e3o, que v\u00e3o da funda\u00e7\u00e3o da obra ao acabamento, do item t\u00e9cnico ao de decora\u00e7\u00e3o:<\/p>\n<p>A Astra est\u00e1 em constante evolu\u00e7\u00e3o de suas linhas de produtos, por isso busca cada vez mais o desenvolvimento de itens que priorizem o\u00a0design funcional, com foco em\u00a0praticidade, beleza e bem-estar.<\/p>\n","protected":false},"excerpt":{"rendered":"<p>Saboneteira PVC Branco (SS2) Astra<\/p>\n<p>A Saboneteira de Sobrepor \u00e9 de pl\u00e1stico, resistente e de f\u00e1cil instala\u00e7\u00e3o.<\/p>\n<p>Caracter\u00edsticas:<br \/>\n\u2022 F\u00e1cil instala\u00e7\u00e3o.<br \/>\n\u2022 Parafuso n\u00e3o fica aparente.<br \/>\n\u2022 Resistente.<br \/>\n\u2022 Pr\u00e1tica.<br \/>\n\u2022 Organiza o ambiente.<br \/>\n\u2022 Acompanha kit de fixa\u00e7\u00e3o.<\/p>\n<p>Informa\u00e7\u00f5es T\u00e9cnicas:<br \/>\nC\u00f3digo F\u00e1brica: SS2<br \/>\nMedidas: 13,7 cm x 10 cm x 5 cm<\/p>\n","protected":false},"featured_media":6542,"comment_status":"open","ping_status":"closed","template":"","meta":[],"product_cat":[1097,168],"product_tag":[2446,2520,2522],"_links":{"self":[{"href":"https:\/\/trenaferragens.com.br\/index.php?rest_route=\/wp\/v2\/product\/6541"}],"collection":[{"href":"https:\/\/trenaferragens.com.br\/index.php?rest_route=\/wp\/v2\/product"}],"about":[{"href":"https:\/\/trenaferragens.com.br\/index.php?rest_route=\/wp\/v2\/types\/product"}],"replies":[{"embeddable":true,"href":"https:\/\/trenaferragens.com.br\/index.php?rest_route=%2Fwp%2Fv2%2Fcomments&post=6541"}],"wp:featuredmedia":[{"embeddable":true,"href":"https:\/\/trenaferragens.com.br\/index.php?rest_route=\/wp\/v2\/media\/6542"}],"wp:attachment":[{"href":"https:\/\/trenaferragens.com.br\/index.php?rest_route=%2Fwp%2Fv2%2Fmedia&parent=6541"}],"wp:term":[{"taxonomy":"product_cat","embeddable":true,"href":"https:\/\/trenaferragens.com.br\/index.php?rest_route=%2Fwp%2Fv2%2Fproduct_cat&post=6541"},{"taxonomy":"product_tag","embeddable":true,"href":"https:\/\/trenaferragens.com.br\/index.php?rest_route=%2Fwp%2Fv2%2Fproduct_tag&post=6541"}],"curies":[{"name":"wp","href":"https:\/\/api.w.org\/{rel}","templated":true}]}}