{"id":6547,"date":"2019-08-22T18:17:39","date_gmt":"2019-08-22T18:17:39","guid":{"rendered":"http:\/\/trenaferragens1.hospedagemdesites.ws\/?post_type=product&#038;p=6547"},"modified":"2019-08-22T18:19:44","modified_gmt":"2019-08-22T18:19:44","slug":"sifao-pvc-copo-cozinha-sc3-astra","status":"publish","type":"product","link":"https:\/\/trenaferragens.com.br\/?product=sifao-pvc-copo-cozinha-sc3-astra","title":{"rendered":"Sif\u00e3o PVC Copo Cozinha (SC3) Astra"},"content":{"rendered":"<p>Sif\u00e3o PVC Copo Cozinha (SC3) Astra<\/p>\n<p>ASTRA<\/p>\n<p>A Astra S\/A Ind\u00fastria e Com\u00e9rcio, fundada em 1957, na cidade de Jundia\u00ed &#8211; a 60km da capital paulista &#8211; \u00e9 uma empresa\u00a0multiespecializada, que cria e comercializa produtos e solu\u00e7\u00f5es para o\u00a0dia a dia das pessoas.<\/p>\n<p>Possui um portf\u00f3lio variado, composto por itens voltados para a\u00a0constru\u00e7\u00e3o, que v\u00e3o da funda\u00e7\u00e3o da obra ao acabamento, do item t\u00e9cnico ao de decora\u00e7\u00e3o:<\/p>\n<p>A Astra est\u00e1 em constante evolu\u00e7\u00e3o de suas linhas de produtos, por isso busca cada vez mais o desenvolvimento de itens que priorizem o\u00a0design funcional, com foco em\u00a0praticidade, beleza e bem-estar.<\/p>\n","protected":false},"excerpt":{"rendered":"<p>Sif\u00e3o PVC Copo Cozinha (SC3) Astra<\/p>\n<p>Sif\u00e3o com tubula\u00e7\u00e3o de sa\u00edda r\u00edgida e com regulagem de altura entre a v\u00e1lvula da pia e a sa\u00edda para esgoto, impedindo o retorno do mau cheiro da tubula\u00e7\u00e3o de esgoto.<\/p>\n<p>Caracter\u00edsticas:<br \/>\n\u2022 Fabricado em polipropileno ou ABS.<br \/>\n\u2022 Suporta \u00e1gua fria ou quente at\u00e9 90\u00b0C.<br \/>\n\u2022 Com canopla para acabamento da parede.<br \/>\n\u2022 Diversos di\u00e2metros de v\u00e1lvulas.<br \/>\n\u2022 Entradas de 7\/8&#8243;, 1 1\/4&#8243; e 1 1\/2&#8243; (dependendo do modelo).<br \/>\n\u2022 Sa\u00eddas para conex\u00f5es de 40 ou 50mm (dependendo do modelo).<\/p>\n<p>Uso:<br \/>\nIndicado para cubas, lavat\u00f3rios e gabinetes.<\/p>\n<p>Informa\u00e7\u00f5es T\u00e9cnicas:<br \/>\nC\u00f3digo F\u00e1brica:\u00a0SC3<br \/>\nMedidas:\u00a0Entrada 1 1\/2&#8243; &#8211; Sa\u00edda 40 mm &#8211; Tubo 29cm &#8211; Cor Branco<\/p>\n","protected":false},"featured_media":6548,"comment_status":"open","ping_status":"closed","template":"","meta":[],"product_cat":[1097,168],"product_tag":[2446,2523,2524],"_links":{"self":[{"href":"https:\/\/trenaferragens.com.br\/index.php?rest_route=\/wp\/v2\/product\/6547"}],"collection":[{"href":"https:\/\/trenaferragens.com.br\/index.php?rest_route=\/wp\/v2\/product"}],"about":[{"href":"https:\/\/trenaferragens.com.br\/index.php?rest_route=\/wp\/v2\/types\/product"}],"replies":[{"embeddable":true,"href":"https:\/\/trenaferragens.com.br\/index.php?rest_route=%2Fwp%2Fv2%2Fcomments&post=6547"}],"wp:featuredmedia":[{"embeddable":true,"href":"https:\/\/trenaferragens.com.br\/index.php?rest_route=\/wp\/v2\/media\/6548"}],"wp:attachment":[{"href":"https:\/\/trenaferragens.com.br\/index.php?rest_route=%2Fwp%2Fv2%2Fmedia&parent=6547"}],"wp:term":[{"taxonomy":"product_cat","embeddable":true,"href":"https:\/\/trenaferragens.com.br\/index.php?rest_route=%2Fwp%2Fv2%2Fproduct_cat&post=6547"},{"taxonomy":"product_tag","embeddable":true,"href":"https:\/\/trenaferragens.com.br\/index.php?rest_route=%2Fwp%2Fv2%2Fproduct_tag&post=6547"}],"curies":[{"name":"wp","href":"https:\/\/api.w.org\/{rel}","templated":true}]}}