{"id":6551,"date":"2019-08-22T18:25:54","date_gmt":"2019-08-22T18:25:54","guid":{"rendered":"http:\/\/trenaferragens1.hospedagemdesites.ws\/?post_type=product&#038;p=6551"},"modified":"2019-08-22T18:28:08","modified_gmt":"2019-08-22T18:28:08","slug":"tanque-pvc-tq0-astra","status":"publish","type":"product","link":"https:\/\/trenaferragens.com.br\/?product=tanque-pvc-tq0-astra","title":{"rendered":"Tanque PVC (TQ0) Astra"},"content":{"rendered":"<p>Tanque PVC (TQ0) Astra<\/p>\n<p>ASTRA<\/p>\n<p>A Astra S\/A Ind\u00fastria e Com\u00e9rcio, fundada em 1957, na cidade de Jundia\u00ed &#8211; a 60km da capital paulista &#8211; \u00e9 uma empresa\u00a0multiespecializada, que cria e comercializa produtos e solu\u00e7\u00f5es para o\u00a0dia a dia das pessoas.<\/p>\n<p>Possui um portf\u00f3lio variado, composto por itens voltados para a\u00a0constru\u00e7\u00e3o, que v\u00e3o da funda\u00e7\u00e3o da obra ao acabamento, do item t\u00e9cnico ao de decora\u00e7\u00e3o:<\/p>\n<p>A Astra est\u00e1 em constante evolu\u00e7\u00e3o de suas linhas de produtos, por isso busca cada vez mais o desenvolvimento de itens que priorizem o\u00a0design funcional, com foco em\u00a0praticidade, beleza e bem-estar.<\/p>\n","protected":false},"excerpt":{"rendered":"<p>Tanque PVC (TQ0) Astra<\/p>\n<p>Tanque Pl\u00e1stico com capacidade para 22,5 litros. \u00c9 leve, pr\u00e1tico, resistente, possui cantos arredondados e proporciona economia de espa\u00e7o. Excelente custo-benef\u00edcio.<\/p>\n<p>Caracter\u00edsticas:<br \/>\n\u2022 Fabricado em polipropileno.<br \/>\n\u2022 Resistente \u00e0 a\u00e7\u00e3o de produtos qu\u00edmicos.<br \/>\n\u2022 Possui aditivo anti UV (resistente aos raios solares).<br \/>\n\u2022 Acompanha v\u00e1lvula de 1 1\/4&#8243;, parafusos para fixa\u00e7\u00e3o, tampa de v\u00e1lvula e dois espa\u00e7adores.<br \/>\n\u2022 Capacidade para 22,5 litros.<br \/>\n\u2022 Possui porta sabonete.<br \/>\n\u2022 Ergon\u00f4mico.<\/p>\n<p>Informa\u00e7\u00f5es T\u00e9cnicas:<br \/>\nC\u00f3digo F\u00e1brica:\u00a0BRANCO TQ0*BR1 \/ CINZA TQ0*CZ2<br \/>\nMedidas: C=47 cm x L=43 cm x A=27 cm \/\u00a013\/22,5L<\/p>\n","protected":false},"featured_media":6552,"comment_status":"open","ping_status":"closed","template":"","meta":[],"product_cat":[1097,168],"product_tag":[2446,2527,2528],"_links":{"self":[{"href":"https:\/\/trenaferragens.com.br\/index.php?rest_route=\/wp\/v2\/product\/6551"}],"collection":[{"href":"https:\/\/trenaferragens.com.br\/index.php?rest_route=\/wp\/v2\/product"}],"about":[{"href":"https:\/\/trenaferragens.com.br\/index.php?rest_route=\/wp\/v2\/types\/product"}],"replies":[{"embeddable":true,"href":"https:\/\/trenaferragens.com.br\/index.php?rest_route=%2Fwp%2Fv2%2Fcomments&post=6551"}],"wp:featuredmedia":[{"embeddable":true,"href":"https:\/\/trenaferragens.com.br\/index.php?rest_route=\/wp\/v2\/media\/6552"}],"wp:attachment":[{"href":"https:\/\/trenaferragens.com.br\/index.php?rest_route=%2Fwp%2Fv2%2Fmedia&parent=6551"}],"wp:term":[{"taxonomy":"product_cat","embeddable":true,"href":"https:\/\/trenaferragens.com.br\/index.php?rest_route=%2Fwp%2Fv2%2Fproduct_cat&post=6551"},{"taxonomy":"product_tag","embeddable":true,"href":"https:\/\/trenaferragens.com.br\/index.php?rest_route=%2Fwp%2Fv2%2Fproduct_tag&post=6551"}],"curies":[{"name":"wp","href":"https:\/\/api.w.org\/{rel}","templated":true}]}}