{"id":6555,"date":"2019-08-22T18:30:55","date_gmt":"2019-08-22T18:30:55","guid":{"rendered":"http:\/\/trenaferragens1.hospedagemdesites.ws\/?post_type=product&#038;p=6555"},"modified":"2019-08-22T18:34:24","modified_gmt":"2019-08-22T18:34:24","slug":"tubo-caixa-descarga-externo-pvc-t2-astra","status":"publish","type":"product","link":"https:\/\/trenaferragens.com.br\/?product=tubo-caixa-descarga-externo-pvc-t2-astra","title":{"rendered":"Tubo Caixa Descarga Externo PVC (T2) Astra"},"content":{"rendered":"<p>Tubo Caixa Descarga Externo PVC (T2) Astra<\/p>\n<p>ASTRA<\/p>\n<p>A Astra S\/A Ind\u00fastria e Com\u00e9rcio, fundada em 1957, na cidade de Jundia\u00ed &#8211; a 60km da capital paulista &#8211; \u00e9 uma empresa\u00a0multiespecializada, que cria e comercializa produtos e solu\u00e7\u00f5es para o\u00a0dia a dia das pessoas.<\/p>\n<p>Possui um portf\u00f3lio variado, composto por itens voltados para a\u00a0constru\u00e7\u00e3o, que v\u00e3o da funda\u00e7\u00e3o da obra ao acabamento, do item t\u00e9cnico ao de decora\u00e7\u00e3o:<\/p>\n<p>A Astra est\u00e1 em constante evolu\u00e7\u00e3o de suas linhas de produtos, por isso busca cada vez mais o desenvolvimento de itens que priorizem o\u00a0design funcional, com foco em\u00a0praticidade, beleza e bem-estar.<\/p>\n","protected":false},"excerpt":{"rendered":"<p>Tubo Caixa Descarga Externo PVC (T2) Astra<\/p>\n<p>O Tubo de Descida para Descarga \u00e9 utilizado para conectar a Caixa de Descarga Elevada e a bacia sanit\u00e1ria. O kit completo inclui outros acess\u00f3rios necess\u00e1rios na instala\u00e7\u00e3o da Caixa Elevada. O produto atende \u00e0s necessidades de diversas configura\u00e7\u00f5es de banheiro e lavabo.<\/p>\n<p>Caracter\u00edsticas:<br \/>\nTubo de descarga:<\/p>\n<p>\u2022 Produzido em PVC.<br \/>\n\u2022 Dispon\u00edvel nas op\u00e7\u00f5es de embutir e sobrepor.<br \/>\n\u2022 Tubo de encaixar composto por duas partes, o que facilita a instala\u00e7\u00e3o e manuten\u00e7\u00e3o.<br \/>\nKit:<\/p>\n<p>\u2022 Tubo de descida, espude e engate.<\/p>\n<p>\u2022 Espude resistente e male\u00e1vel.<br \/>\n\u2022 Engate flex\u00edvel com aletas e nipple \u00d8 1\/2&#8243;.<\/p>\n<p>Uso:<br \/>\nO kit permite conectar a caixa de descarga \u00e0s redes de \u00e1gua e de esgoto, sendo o engate respons\u00e1vel pela entrada de \u00e1gua para enchimento da caixa, enquanto o tubo e o espude viabilizam a sa\u00edda da \u00e1gua, limpeza da bacia e elimina\u00e7\u00e3o dos dejetos.<\/p>\n<p>Informa\u00e7\u00f5es T\u00e9cnicas:<br \/>\nC\u00f3digo F\u00e1brica: T2<br \/>\nMedidas:\u00a0\u00d8 40 mm x 1.500 mm<br \/>\nFun\u00e7\u00e3o: Para sobrepor<\/p>\n","protected":false},"featured_media":6556,"comment_status":"open","ping_status":"closed","template":"","meta":[],"product_cat":[1097,168],"product_tag":[2446,2531,2532],"_links":{"self":[{"href":"https:\/\/trenaferragens.com.br\/index.php?rest_route=\/wp\/v2\/product\/6555"}],"collection":[{"href":"https:\/\/trenaferragens.com.br\/index.php?rest_route=\/wp\/v2\/product"}],"about":[{"href":"https:\/\/trenaferragens.com.br\/index.php?rest_route=\/wp\/v2\/types\/product"}],"replies":[{"embeddable":true,"href":"https:\/\/trenaferragens.com.br\/index.php?rest_route=%2Fwp%2Fv2%2Fcomments&post=6555"}],"wp:featuredmedia":[{"embeddable":true,"href":"https:\/\/trenaferragens.com.br\/index.php?rest_route=\/wp\/v2\/media\/6556"}],"wp:attachment":[{"href":"https:\/\/trenaferragens.com.br\/index.php?rest_route=%2Fwp%2Fv2%2Fmedia&parent=6555"}],"wp:term":[{"taxonomy":"product_cat","embeddable":true,"href":"https:\/\/trenaferragens.com.br\/index.php?rest_route=%2Fwp%2Fv2%2Fproduct_cat&post=6555"},{"taxonomy":"product_tag","embeddable":true,"href":"https:\/\/trenaferragens.com.br\/index.php?rest_route=%2Fwp%2Fv2%2Fproduct_tag&post=6555"}],"curies":[{"name":"wp","href":"https:\/\/api.w.org\/{rel}","templated":true}]}}