{"id":6557,"date":"2019-08-22T18:34:45","date_gmt":"2019-08-22T18:34:45","guid":{"rendered":"http:\/\/trenaferragens1.hospedagemdesites.ws\/?post_type=product&#038;p=6557"},"modified":"2019-08-22T18:39:44","modified_gmt":"2019-08-22T18:39:44","slug":"valvula-p-tanque-pvc-vl3-s-astra","status":"publish","type":"product","link":"https:\/\/trenaferragens.com.br\/?product=valvula-p-tanque-pvc-vl3-s-astra","title":{"rendered":"V\u00e1lvula P\/Tanque PVC (VL3\/S) Astra"},"content":{"rendered":"<p>V\u00e1lvula P\/Tanque PVC (VL3\/S) Astra<\/p>\n<p>ASTRA<\/p>\n<p>A Astra S\/A Ind\u00fastria e Com\u00e9rcio, fundada em 1957, na cidade de Jundia\u00ed &#8211; a 60km da capital paulista &#8211; \u00e9 uma empresa\u00a0multiespecializada, que cria e comercializa produtos e solu\u00e7\u00f5es para o\u00a0dia a dia das pessoas.<\/p>\n<p>Possui um portf\u00f3lio variado, composto por itens voltados para a\u00a0constru\u00e7\u00e3o, que v\u00e3o da funda\u00e7\u00e3o da obra ao acabamento, do item t\u00e9cnico ao de decora\u00e7\u00e3o:<\/p>\n<p>A Astra est\u00e1 em constante evolu\u00e7\u00e3o de suas linhas de produtos, por isso busca cada vez mais o desenvolvimento de itens que priorizem o\u00a0design funcional, com foco em\u00a0praticidade, beleza e bem-estar.<\/p>\n","protected":false},"excerpt":{"rendered":"<p>V\u00e1lvula P\/Tanque PVC (VL3\/S) Astra<\/p>\n<p>V\u00e1lvulas com Tampa para Lavat\u00f3rio. Dispon\u00edveis em vers\u00f5es com ou sem unho e ladr\u00e3o.<\/p>\n<p>Caracter\u00edsticas:<br \/>\n\u2022 Para entradas de 7\/8&#8243;.<br \/>\n\u2022 Com ou sem ladr\u00e3o.<br \/>\n\u2022 Com ou sem unho.<br \/>\n\u2022 Comprimentos: 56mm ou 76mm.<br \/>\n\u2022 Dispon\u00edveis nas vers\u00f5es branca ou cromada.<\/p>\n<p>Uso:<br \/>\nIndicado para lavat\u00f3rios.<\/p>\n<p>Informa\u00e7\u00f5es T\u00e9cnicas:<br \/>\nC\u00f3digo F\u00e1brica: VL3\/S<br \/>\nMedidas: 76 mm<br \/>\nEspecifica\u00e7\u00f5es: S\/Ladr\u00e3o &#8211; Unho sim &#8211; Cor Branco<\/p>\n","protected":false},"featured_media":6558,"comment_status":"open","ping_status":"closed","template":"","meta":[],"product_cat":[1097,168],"product_tag":[2446,2533],"_links":{"self":[{"href":"https:\/\/trenaferragens.com.br\/index.php?rest_route=\/wp\/v2\/product\/6557"}],"collection":[{"href":"https:\/\/trenaferragens.com.br\/index.php?rest_route=\/wp\/v2\/product"}],"about":[{"href":"https:\/\/trenaferragens.com.br\/index.php?rest_route=\/wp\/v2\/types\/product"}],"replies":[{"embeddable":true,"href":"https:\/\/trenaferragens.com.br\/index.php?rest_route=%2Fwp%2Fv2%2Fcomments&post=6557"}],"wp:featuredmedia":[{"embeddable":true,"href":"https:\/\/trenaferragens.com.br\/index.php?rest_route=\/wp\/v2\/media\/6558"}],"wp:attachment":[{"href":"https:\/\/trenaferragens.com.br\/index.php?rest_route=%2Fwp%2Fv2%2Fmedia&parent=6557"}],"wp:term":[{"taxonomy":"product_cat","embeddable":true,"href":"https:\/\/trenaferragens.com.br\/index.php?rest_route=%2Fwp%2Fv2%2Fproduct_cat&post=6557"},{"taxonomy":"product_tag","embeddable":true,"href":"https:\/\/trenaferragens.com.br\/index.php?rest_route=%2Fwp%2Fv2%2Fproduct_tag&post=6557"}],"curies":[{"name":"wp","href":"https:\/\/api.w.org\/{rel}","templated":true}]}}